{"id":426,"date":"2022-10-27T08:57:24","date_gmt":"2022-10-27T08:57:24","guid":{"rendered":"https:\/\/factum-omibu.es\/walkin\/?page_id=426"},"modified":"2023-05-09T09:54:10","modified_gmt":"2023-05-09T09:54:10","slug":"lorquian-routes","status":"publish","type":"page","link":"https:\/\/walkingranada.com\/en\/visitas-guiadas\/rutas-lorquianas\/","title":{"rendered":"Tours about Lorca"},"content":{"rendered":"<p>GUIDED TOURS &gt; LORQUIAN ROUTES<\/p>\r\n<h1>\r\n\t\tLORQUIAN ROUTES\r\n\t<\/h1>\r\n\t<p>Discover the universe of Federico Garc\u00eda Lorca with these 3 different tours.<\/p>\r\n\t<p>Get to know the figure of one of the most universal poets of the Generation of '27; where he lived, his intellectual circles, his meeting places, his relationships with other artists from Granada and Spain, his sources of inspiration and the details of his tragic death.<\/p>\r\n<h2>\r\n\t\tLorquian Routes\r\n\t<\/h2>\r\n\t<section>\r\n            <img decoding=\"async\" loading=\"lazy\" src=\"https:\/\/walkingranada.com\/wp-content\/uploads\/2023\/01\/Lorca-Fuente-Vaqueros.webp\" alt=\"Ruta Lorca Puebloss\"\/>\r\n                <h3>Federico Garc\u00eda Lorca villages tour<\/h3>\r\n                <hr \/>\r\n                <p>A route to know and to understand the environment that inspired Lorca's poetry and theater.<\/p>\r\n                <hr \/>\r\n            <a href=\"https:\/\/walkingranada.com\/en\/guided-tours\/lorquian-routes\/lorca-villages\/\">Book now &gt;<\/a>\r\n            <img decoding=\"async\" loading=\"lazy\" src=\"https:\/\/walkingranada.com\/wp-content\/uploads\/2023\/01\/Centro-Garcia-Lorca.webp\" alt=\"Ruta Lorca Centro\"\/>\r\n                <h3>Federico Garc\u00eda Lorca city centre tour<\/h3>\r\n                <hr \/>\r\n                <p>On this tour you will discover the more bohemian side of the poet. A tour focused on Federico Garc\u00eda Lorca's youth.<\/p>\r\n                <hr \/>\r\n            <a href=\"https:\/\/walkingranada.com\/en\/guided-tours\/lorquian-routes\/lorca-city\/\">Book now &gt;<\/a>\r\n            <img decoding=\"async\" loading=\"lazy\" src=\"https:\/\/walkingranada.com\/wp-content\/uploads\/2023\/01\/Vega-Granada-Lorca.webp\" alt=\"Ruta Lorca Vega\"\/>\r\n                <h3>A day with Lorca in La Vega tour<\/h3>\r\n                <hr \/>\r\n                <p>Take a tour that goes from Federico's childhood to his death during spanish civil war in Granada.<\/p>\r\n                <hr \/>\r\n            <a href=\"https:\/\/walkingranada.com\/en\/guided-tours\/lorquian-routes\/lorca-vega\/\">Book now &gt;<\/a>\r\n    <\/section>\r\n<h2>\r\n\t\tDo you travel to more cities?\r\n\t<\/h2>\r\n\t<p>FREE TOUR COMMUNITY<\/p>\r\n\t<p>Walk in Granada is a local company that offers guided tours exclusively in Granada. However, we are part of a network of local agencies that have united under the same philosophy: Respect for our cities and responsible tourism. Check out the best local tours from all over the world at Free Tour Community.<\/p>\r\n\t\t\t\t<img decoding=\"async\" loading=\"lazy\" src=\"https:\/\/walkingranada.com\/wp-content\/uploads\/2022\/10\/logo-freetour-1.png\" alt=\"logo-freetour\" itemprop=\"image\" height=\"98\" width=\"316\" title=\"logo-freetour 1\" onerror=\"this.style.display='none'\"  \/>\r\n<h2>\r\n\t\tTambi\u00e9n puedes reservar nuestros otros servicios&#8230;\r\n\t<\/h2>\r\n\t<a href=\"https:\/\/walkingranada.com\/en\/what-to-do-in-granada\/flamenco\/\" target=\"_self\" rel=\"noopener\"><\/a>\t\t\t<img decoding=\"async\" loading=\"lazy\" alt=\"bailaora flamenca\" src=\"https:\/\/walkingranada.com\/wp-content\/uploads\/2022\/10\/Rectangle-42.png\"\/>\r\n\t\t<h3>Flamenco<\/h3>\r\n\t<a href=\"https:\/\/walkingranada.com\/en\/what-to-do-in-granada\/hammam-al-andalus\/\" target=\"_self\" rel=\"noopener\"><\/a>\t\t\t<img decoding=\"async\" loading=\"lazy\" alt=\"ba\u00f1os \u00e1rabes\" src=\"https:\/\/walkingranada.com\/wp-content\/uploads\/2022\/10\/Rectangle-43.png\"\/>\r\n\t\t<h3>Hammam <br \/>Al-\u00e1ndalus<\/h3>\r\n\t<a href=\"https:\/\/walkingranada.com\/en\/what-to-do-in-granada\/day-trips\/\" target=\"_self\" rel=\"noopener\"><\/a>\t\t\t<img decoding=\"async\" loading=\"lazy\" alt=\"mezquita de c\u00f3rdoba\" src=\"https:\/\/walkingranada.com\/wp-content\/uploads\/2022\/10\/Rectangle-45.png\"\/>\r\n\t\t<h3>Day <br \/>trips<\/h3>\r\n\t<a href=\"https:\/\/walkingranada.com\/en\/what-to-do-in-granada\/olfactory-route\/\" target=\"_self\" rel=\"noopener\"><\/a>\t\t\t<img decoding=\"async\" loading=\"lazy\" alt=\"imagen de una chica joven\" src=\"https:\/\/walkingranada.com\/wp-content\/uploads\/2022\/10\/Rectangle-38.png\"\/>\r\n\t\t<h3>Olfactory route<\/h3>","protected":false},"excerpt":{"rendered":"<p>Visitas guiadas &gt; Rutas lorquianas RUTAS LORQUIANAS Descubre el universo de Federico Garc\u00eda Lorca con estas 3 distintas visitas Conoce la figura de uno de los poetas m\u00e1s universales de la Generaci\u00f3n del 27; donde viv\u00eda, sus c\u00edrculos intelectuales, sus lugares de reuni\u00f3n, sus relaciones con otros artistas granadinos y espa\u00f1oles, sus fuentes de inspiraci\u00f3n &#8230; <a title=\"Tours about Lorca\" class=\"read-more\" href=\"https:\/\/walkingranada.com\/en\/visitas-guiadas\/rutas-lorquianas\/\" aria-label=\"Read more about Rutas Lorquianas\">Read more<\/a><\/p>","protected":false},"author":2,"featured_media":0,"parent":94,"menu_order":0,"comment_status":"closed","ping_status":"closed","template":"","meta":{"footnotes":""},"class_list":["post-426","page","type-page","status-publish"],"yoast_head":"<!-- This site is optimized with the Yoast SEO plugin v27.4 - https:\/\/yoast.com\/product\/yoast-seo-wordpress\/ -->\n<title>Rutas Lorquianas - Walk in Granada<\/title>\n<meta name=\"description\" content=\"Ofrecemos tres rutas basadas en la vida y obra de Federico Garc\u00eda Lorca. Descubre la historia del poeta a trav\u00e9s de los lugares en que vivi\u00f3.\" \/>\n<meta name=\"robots\" content=\"index, follow, max-snippet:-1, max-image-preview:large, max-video-preview:-1\" \/>\n<link rel=\"canonical\" href=\"https:\/\/walkingranada.com\/en\/guided-tours\/lorquian-routes\/\" \/>\n<meta property=\"og:locale\" content=\"en_GB\" \/>\n<meta property=\"og:type\" content=\"article\" \/>\n<meta property=\"og:title\" content=\"Rutas Lorquianas - Walk in Granada\" \/>\n<meta property=\"og:description\" content=\"Ofrecemos tres rutas basadas en la vida y obra de Federico Garc\u00eda Lorca. Descubre la historia del poeta a trav\u00e9s de los lugares en que vivi\u00f3.\" \/>\n<meta property=\"og:url\" content=\"https:\/\/walkingranada.com\/en\/guided-tours\/lorquian-routes\/\" \/>\n<meta property=\"og:site_name\" content=\"Walk in Granada\" \/>\n<meta property=\"article:publisher\" content=\"https:\/\/es-es.facebook.com\/walkingranadatour\/\" \/>\n<meta property=\"article:modified_time\" content=\"2023-05-09T09:54:10+00:00\" \/>\n<meta property=\"og:image\" content=\"https:\/\/walkingranada.com\/wp-content\/uploads\/2023\/01\/Lorca-Fuente-Vaqueros.webp\" \/>\n<meta name=\"twitter:card\" content=\"summary_large_image\" \/>\n<meta name=\"twitter:site\" content=\"@walkingranada\" \/>\n<meta name=\"twitter:label1\" content=\"Estimated reading time\" \/>\n\t<meta name=\"twitter:data1\" content=\"3 minutes\" \/>\n<script type=\"application\/ld+json\" class=\"yoast-schema-graph\">{\"@context\":\"https:\\\/\\\/schema.org\",\"@graph\":[{\"@type\":\"WebPage\",\"@id\":\"https:\\\/\\\/walkingranada.com\\\/visitas-guiadas\\\/rutas-lorquianas\\\/\",\"url\":\"https:\\\/\\\/walkingranada.com\\\/visitas-guiadas\\\/rutas-lorquianas\\\/\",\"name\":\"Rutas Lorquianas - Walk in Granada\",\"isPartOf\":{\"@id\":\"https:\\\/\\\/walkingranada.com\\\/#website\"},\"primaryImageOfPage\":{\"@id\":\"https:\\\/\\\/walkingranada.com\\\/visitas-guiadas\\\/rutas-lorquianas\\\/#primaryimage\"},\"image\":{\"@id\":\"https:\\\/\\\/walkingranada.com\\\/visitas-guiadas\\\/rutas-lorquianas\\\/#primaryimage\"},\"thumbnailUrl\":\"https:\\\/\\\/walkingranada.com\\\/wp-content\\\/uploads\\\/2023\\\/01\\\/Lorca-Fuente-Vaqueros.webp\",\"datePublished\":\"2022-10-27T08:57:24+00:00\",\"dateModified\":\"2023-05-09T09:54:10+00:00\",\"description\":\"Ofrecemos tres rutas basadas en la vida y obra de Federico Garc\u00eda Lorca. Descubre la historia del poeta a trav\u00e9s de los lugares en que vivi\u00f3.\",\"breadcrumb\":{\"@id\":\"https:\\\/\\\/walkingranada.com\\\/visitas-guiadas\\\/rutas-lorquianas\\\/#breadcrumb\"},\"inLanguage\":\"en-GB\",\"potentialAction\":[{\"@type\":\"ReadAction\",\"target\":[\"https:\\\/\\\/walkingranada.com\\\/visitas-guiadas\\\/rutas-lorquianas\\\/\"]}]},{\"@type\":\"ImageObject\",\"inLanguage\":\"en-GB\",\"@id\":\"https:\\\/\\\/walkingranada.com\\\/visitas-guiadas\\\/rutas-lorquianas\\\/#primaryimage\",\"url\":\"https:\\\/\\\/walkingranada.com\\\/wp-content\\\/uploads\\\/2023\\\/01\\\/Lorca-Fuente-Vaqueros.webp\",\"contentUrl\":\"https:\\\/\\\/walkingranada.com\\\/wp-content\\\/uploads\\\/2023\\\/01\\\/Lorca-Fuente-Vaqueros.webp\"},{\"@type\":\"BreadcrumbList\",\"@id\":\"https:\\\/\\\/walkingranada.com\\\/visitas-guiadas\\\/rutas-lorquianas\\\/#breadcrumb\",\"itemListElement\":[{\"@type\":\"ListItem\",\"position\":1,\"name\":\"Portada\",\"item\":\"https:\\\/\\\/walkingranada.com\\\/\"},{\"@type\":\"ListItem\",\"position\":2,\"name\":\"Visitas guiadas\",\"item\":\"https:\\\/\\\/walkingranada.com\\\/visitas-guiadas\\\/\"},{\"@type\":\"ListItem\",\"position\":3,\"name\":\"Rutas Lorquianas\"}]},{\"@type\":\"WebSite\",\"@id\":\"https:\\\/\\\/walkingranada.com\\\/#website\",\"url\":\"https:\\\/\\\/walkingranada.com\\\/\",\"name\":\"Walk in Granada\",\"description\":\"Turismo responsable\",\"publisher\":{\"@id\":\"https:\\\/\\\/walkingranada.com\\\/#organization\"},\"alternateName\":\"Walk in Granada\",\"potentialAction\":[{\"@type\":\"SearchAction\",\"target\":{\"@type\":\"EntryPoint\",\"urlTemplate\":\"https:\\\/\\\/walkingranada.com\\\/?s={search_term_string}\"},\"query-input\":{\"@type\":\"PropertyValueSpecification\",\"valueRequired\":true,\"valueName\":\"search_term_string\"}}],\"inLanguage\":\"en-GB\"},{\"@type\":\"Organization\",\"@id\":\"https:\\\/\\\/walkingranada.com\\\/#organization\",\"name\":\"Walk In Granada\",\"alternateName\":\"Walk In Granada\",\"url\":\"https:\\\/\\\/walkingranada.com\\\/\",\"logo\":{\"@type\":\"ImageObject\",\"inLanguage\":\"en-GB\",\"@id\":\"https:\\\/\\\/walkingranada.com\\\/#\\\/schema\\\/logo\\\/image\\\/\",\"url\":\"https:\\\/\\\/walkingranada.com\\\/wp-content\\\/uploads\\\/2022\\\/12\\\/Logo-Walking.webp\",\"contentUrl\":\"https:\\\/\\\/walkingranada.com\\\/wp-content\\\/uploads\\\/2022\\\/12\\\/Logo-Walking.webp\",\"width\":512,\"height\":512,\"caption\":\"Walk In Granada\"},\"image\":{\"@id\":\"https:\\\/\\\/walkingranada.com\\\/#\\\/schema\\\/logo\\\/image\\\/\"},\"sameAs\":[\"https:\\\/\\\/es-es.facebook.com\\\/walkingranadatour\\\/\",\"https:\\\/\\\/x.com\\\/walkingranada\",\"https:\\\/\\\/www.instagram.com\\\/walkingranada\\\/\"]}]}<\/script>\n<!-- \/ Yoast SEO plugin. -->","yoast_head_json":{"title":"Lorca Routes - Walk in Granada","description":"We offer three routes based on the life and work of Federico Garc\u00eda Lorca. Discover the poet's story through the places where he lived.","robots":{"index":"index","follow":"follow","max-snippet":"max-snippet:-1","max-image-preview":"max-image-preview:large","max-video-preview":"max-video-preview:-1"},"canonical":"https:\/\/walkingranada.com\/en\/guided-tours\/lorquian-routes\/","og_locale":"en_GB","og_type":"article","og_title":"Rutas Lorquianas - Walk in Granada","og_description":"Ofrecemos tres rutas basadas en la vida y obra de Federico Garc\u00eda Lorca. Descubre la historia del poeta a trav\u00e9s de los lugares en que vivi\u00f3.","og_url":"https:\/\/walkingranada.com\/en\/guided-tours\/lorquian-routes\/","og_site_name":"Walk in Granada","article_publisher":"https:\/\/es-es.facebook.com\/walkingranadatour\/","article_modified_time":"2023-05-09T09:54:10+00:00","og_image":[{"url":"https:\/\/walkingranada.com\/wp-content\/uploads\/2023\/01\/Lorca-Fuente-Vaqueros.webp","type":"","width":"","height":""}],"twitter_card":"summary_large_image","twitter_site":"@walkingranada","twitter_misc":{"Estimated reading time":"3 minutes"},"schema":{"@context":"https:\/\/schema.org","@graph":[{"@type":"WebPage","@id":"https:\/\/walkingranada.com\/visitas-guiadas\/rutas-lorquianas\/","url":"https:\/\/walkingranada.com\/visitas-guiadas\/rutas-lorquianas\/","name":"Lorca Routes - Walk in Granada","isPartOf":{"@id":"https:\/\/walkingranada.com\/#website"},"primaryImageOfPage":{"@id":"https:\/\/walkingranada.com\/visitas-guiadas\/rutas-lorquianas\/#primaryimage"},"image":{"@id":"https:\/\/walkingranada.com\/visitas-guiadas\/rutas-lorquianas\/#primaryimage"},"thumbnailUrl":"https:\/\/walkingranada.com\/wp-content\/uploads\/2023\/01\/Lorca-Fuente-Vaqueros.webp","datePublished":"2022-10-27T08:57:24+00:00","dateModified":"2023-05-09T09:54:10+00:00","description":"We offer three routes based on the life and work of Federico Garc\u00eda Lorca. Discover the poet's story through the places where he lived.","breadcrumb":{"@id":"https:\/\/walkingranada.com\/visitas-guiadas\/rutas-lorquianas\/#breadcrumb"},"inLanguage":"en-GB","potentialAction":[{"@type":"ReadAction","target":["https:\/\/walkingranada.com\/visitas-guiadas\/rutas-lorquianas\/"]}]},{"@type":"ImageObject","inLanguage":"en-GB","@id":"https:\/\/walkingranada.com\/visitas-guiadas\/rutas-lorquianas\/#primaryimage","url":"https:\/\/walkingranada.com\/wp-content\/uploads\/2023\/01\/Lorca-Fuente-Vaqueros.webp","contentUrl":"https:\/\/walkingranada.com\/wp-content\/uploads\/2023\/01\/Lorca-Fuente-Vaqueros.webp"},{"@type":"BreadcrumbList","@id":"https:\/\/walkingranada.com\/visitas-guiadas\/rutas-lorquianas\/#breadcrumb","itemListElement":[{"@type":"ListItem","position":1,"name":"Portada","item":"https:\/\/walkingranada.com\/"},{"@type":"ListItem","position":2,"name":"Visitas guiadas","item":"https:\/\/walkingranada.com\/visitas-guiadas\/"},{"@type":"ListItem","position":3,"name":"Rutas Lorquianas"}]},{"@type":"WebSite","@id":"https:\/\/walkingranada.com\/#website","url":"https:\/\/walkingranada.com\/","name":"Walk in Granada","description":"Turismo responsable","publisher":{"@id":"https:\/\/walkingranada.com\/#organization"},"alternateName":"Walk in Granada","potentialAction":[{"@type":"SearchAction","target":{"@type":"EntryPoint","urlTemplate":"https:\/\/walkingranada.com\/?s={search_term_string}"},"query-input":{"@type":"PropertyValueSpecification","valueRequired":true,"valueName":"search_term_string"}}],"inLanguage":"en-GB"},{"@type":"Organization","@id":"https:\/\/walkingranada.com\/#organization","name":"Walk In Granada","alternateName":"Walk In Granada","url":"https:\/\/walkingranada.com\/","logo":{"@type":"ImageObject","inLanguage":"en-GB","@id":"https:\/\/walkingranada.com\/#\/schema\/logo\/image\/","url":"https:\/\/walkingranada.com\/wp-content\/uploads\/2022\/12\/Logo-Walking.webp","contentUrl":"https:\/\/walkingranada.com\/wp-content\/uploads\/2022\/12\/Logo-Walking.webp","width":512,"height":512,"caption":"Walk In Granada"},"image":{"@id":"https:\/\/walkingranada.com\/#\/schema\/logo\/image\/"},"sameAs":["https:\/\/es-es.facebook.com\/walkingranadatour\/","https:\/\/x.com\/walkingranada","https:\/\/www.instagram.com\/walkingranada\/"]}]}},"_links":{"self":[{"href":"https:\/\/walkingranada.com\/en\/wp-json\/wp\/v2\/pages\/426","targetHints":{"allow":["GET"]}}],"collection":[{"href":"https:\/\/walkingranada.com\/en\/wp-json\/wp\/v2\/pages"}],"about":[{"href":"https:\/\/walkingranada.com\/en\/wp-json\/wp\/v2\/types\/page"}],"author":[{"embeddable":true,"href":"https:\/\/walkingranada.com\/en\/wp-json\/wp\/v2\/users\/2"}],"replies":[{"embeddable":true,"href":"https:\/\/walkingranada.com\/en\/wp-json\/wp\/v2\/comments?post=426"}],"version-history":[{"count":0,"href":"https:\/\/walkingranada.com\/en\/wp-json\/wp\/v2\/pages\/426\/revisions"}],"up":[{"embeddable":true,"href":"https:\/\/walkingranada.com\/en\/wp-json\/wp\/v2\/pages\/94"}],"wp:attachment":[{"href":"https:\/\/walkingranada.com\/en\/wp-json\/wp\/v2\/media?parent=426"}],"curies":[{"name":"wp","href":"https:\/\/api.w.org\/{rel}","templated":true}]}}