{"id":424,"date":"2022-10-27T08:56:45","date_gmt":"2022-10-27T08:56:45","guid":{"rendered":"https:\/\/factum-omibu.es\/walkin\/?page_id=424"},"modified":"2023-02-06T11:20:14","modified_gmt":"2023-02-06T11:20:14","slug":"accessible-tourism","status":"publish","type":"page","link":"https:\/\/walkingranada.com\/en\/visitas-guiadas\/turismo-accesible\/","title":{"rendered":"Accessible tourism"},"content":{"rendered":"<p>Guided tours &gt; Accessible tourism<\/p>\r\n<h1>Accessible tourism<\/h1>\r\n<h2>An accessible tour in Granada or La Alhambra<\/h2>\r\n<p>Several years ago, after several requests for guided tours from clients with reduced mobility, we realized that in Granada there was practically no offer for this kind of needs and we decided to fill this gap.<\/p>\r\n<p>Today Walk in Granada has several wheelchair accessible itineraries (both manual and motorized), verified and tested by associations and clients.<\/p>\r\n<p>As a result of this process of design and implementation of routes, collaborations and agreements have been made with the main associations of the sector and adapted transport companies, including FEGRADI, ASPAYM, AGDEM, La Ciudad Accesible and the Gremial del Taxi de Granada.<\/p>\r\n<section id=\"servicios\"><img decoding=\"async\" loading=\"lazy\" src=\"https:\/\/walkingranada.com\/wp-content\/uploads\/2023\/01\/visita-accesible-alhambra.webp\" alt=\"Visita Accesible alhambra\" width=\"100%\" \/>\r\n<h3>Alhambra accessible private tour<\/h3>\r\n<hr \/>\r\n<p>Get to know the imposing Nasrid fortress with one of our official guides.<\/p>\r\n<hr \/>\r\n<p>Every day<\/p>\r\n<p>According to availability<\/p>\r\n<p>3h<\/p>\r\nFrom\r\n<p>48\u20ac<\/p>\r\n\/pax <a href=\"https:\/\/walkingranada.com\/en\/guided-tours\/accessible-tourism\/visit-the-alhambra\/\">Saber m\u00e1s &gt;<\/a> <img decoding=\"async\" loading=\"lazy\" src=\"https:\/\/walkingranada.com\/wp-content\/uploads\/2023\/01\/visita-accesible-granada-centro.webp\" alt=\"Ruta adaptada centro y albaicin\" width=\"100%\" \/>\r\n<h3>Historic City Centre and Albaicin accessible tour<\/h3>\r\n<hr \/>\r\n<p>This route will show us emblematic buildings of the city of Granada.<\/p>\r\n<hr \/>\r\n<p>Every day<\/p>\r\n<p>According to availability<\/p>\r\n<p>2,5h<\/p>\r\nFrom\r\n<p>27\u20ac<\/p>\r\n\/pax <a href=\"https:\/\/walkingranada.com\/en\/guided-tours\/accessible-tourism\/historic-centre-albaicin-adapted\/\">Saber m\u00e1s &gt;<\/a><\/section>\r\n<h2>Do you travel to more cities?<\/h2>\r\n<p>FREE TOUR COMMUNITY<\/p>\r\n<p>Walk in Granada is a local company that offers guided tours exclusively in Granada. However, we are part of a network of local agencies that have united under the same philosophy: Respect for our cities and responsible tourism. Check out the best local tours from all over the world at Free Tour Community.<\/p>\r\n<p><img decoding=\"async\" loading=\"lazy\" title=\"logo-freetour 1\" src=\"https:\/\/walkingranada.com\/wp-content\/uploads\/2022\/10\/logo-freetour-1.png\" alt=\"logo-freetour 1\" width=\"316\" height=\"98\" \/><\/p>\r\n<h3>Tambi\u00e9n puedes reservar nuestros otros servicios&#8230;<\/h3>\r\n<p><img decoding=\"async\" loading=\"lazy\" src=\"https:\/\/walkingranada.com\/wp-content\/uploads\/2022\/10\/Rectangle-42.png\" alt=\"\" \/><\/p>\r\n<h3>Flamenco<\/h3>\r\n<p><img decoding=\"async\" loading=\"lazy\" src=\"https:\/\/walkingranada.com\/wp-content\/uploads\/2022\/10\/Rectangle-43.png\" alt=\"\" \/><\/p>\r\n<h3>Hammam <br \/>Al-\u00e1ndalus<\/h3>\r\n<p><img decoding=\"async\" loading=\"lazy\" src=\"https:\/\/walkingranada.com\/wp-content\/uploads\/2022\/10\/Rectangle-45.png\" alt=\"\" \/><\/p>\r\n<h3>Day <br \/>trips<\/h3>\r\n<p><img decoding=\"async\" loading=\"lazy\" src=\"https:\/\/walkingranada.com\/wp-content\/uploads\/2022\/10\/Rectangle-38.png\" alt=\"\" \/><\/p>\r\n<h3>Olfactory route<\/h3>","protected":false},"excerpt":{"rendered":"<p>Visitas Guiadas &gt; Turismo accesible Turismo accesible Una visita accesible en Granada o La Alhambra Hace varios a\u00f1os, tras varias peticiones de rutas guiadas por parte de clientes con movilidad reducida, nos dimos cuenta que en Granada no exist\u00eda pr\u00e1cticamente oferta para este tipo de exigencias y decidimos cubrir ese vac\u00edo. A d\u00eda de hoy &#8230; <a title=\"Accessible tourism\" class=\"read-more\" href=\"https:\/\/walkingranada.com\/en\/visitas-guiadas\/turismo-accesible\/\" aria-label=\"Read more about Turismo accesible\">Read more<\/a><\/p>","protected":false},"author":2,"featured_media":0,"parent":94,"menu_order":0,"comment_status":"closed","ping_status":"closed","template":"","meta":{"footnotes":""},"class_list":["post-424","page","type-page","status-publish"],"yoast_head":"<!-- This site is optimized with the Yoast SEO plugin v27.4 - https:\/\/yoast.com\/product\/yoast-seo-wordpress\/ -->\n<title>Turismo accesible - Walk in Granada<\/title>\n<meta name=\"description\" content=\"Presentamos dos rutas adaptadas para personas con Movilidad Reducida en Granada. Que nada te pare. \u00a1Descubre Granada con nuestros gu\u00edas!\" \/>\n<meta name=\"robots\" content=\"index, follow, max-snippet:-1, max-image-preview:large, max-video-preview:-1\" \/>\n<link rel=\"canonical\" href=\"https:\/\/walkingranada.com\/en\/guided-tours\/accessible-tourism\/\" \/>\n<meta property=\"og:locale\" content=\"en_GB\" \/>\n<meta property=\"og:type\" content=\"article\" \/>\n<meta property=\"og:title\" content=\"Turismo accesible - Walk in Granada\" \/>\n<meta property=\"og:description\" content=\"Presentamos dos rutas adaptadas para personas con Movilidad Reducida en Granada. Que nada te pare. \u00a1Descubre Granada con nuestros gu\u00edas!\" \/>\n<meta property=\"og:url\" content=\"https:\/\/walkingranada.com\/en\/guided-tours\/accessible-tourism\/\" \/>\n<meta property=\"og:site_name\" content=\"Walk in Granada\" \/>\n<meta property=\"article:publisher\" content=\"https:\/\/es-es.facebook.com\/walkingranadatour\/\" \/>\n<meta property=\"article:modified_time\" content=\"2023-02-06T11:20:14+00:00\" \/>\n<meta property=\"og:image\" content=\"https:\/\/walkingranada.com\/wp-content\/uploads\/2023\/01\/visita-accesible-alhambra.webp\" \/>\n<meta name=\"twitter:card\" content=\"summary_large_image\" \/>\n<meta name=\"twitter:site\" content=\"@walkingranada\" \/>\n<meta name=\"twitter:label1\" content=\"Estimated reading time\" \/>\n\t<meta name=\"twitter:data1\" content=\"3 minutes\" \/>\n<script type=\"application\/ld+json\" class=\"yoast-schema-graph\">{\"@context\":\"https:\\\/\\\/schema.org\",\"@graph\":[{\"@type\":\"WebPage\",\"@id\":\"https:\\\/\\\/walkingranada.com\\\/visitas-guiadas\\\/turismo-accesible\\\/\",\"url\":\"https:\\\/\\\/walkingranada.com\\\/visitas-guiadas\\\/turismo-accesible\\\/\",\"name\":\"Turismo accesible - Walk in Granada\",\"isPartOf\":{\"@id\":\"https:\\\/\\\/walkingranada.com\\\/#website\"},\"primaryImageOfPage\":{\"@id\":\"https:\\\/\\\/walkingranada.com\\\/visitas-guiadas\\\/turismo-accesible\\\/#primaryimage\"},\"image\":{\"@id\":\"https:\\\/\\\/walkingranada.com\\\/visitas-guiadas\\\/turismo-accesible\\\/#primaryimage\"},\"thumbnailUrl\":\"https:\\\/\\\/walkingranada.com\\\/wp-content\\\/uploads\\\/2023\\\/01\\\/visita-accesible-alhambra.webp\",\"datePublished\":\"2022-10-27T08:56:45+00:00\",\"dateModified\":\"2023-02-06T11:20:14+00:00\",\"description\":\"Presentamos dos rutas adaptadas para personas con Movilidad Reducida en Granada. Que nada te pare. \u00a1Descubre Granada con nuestros gu\u00edas!\",\"breadcrumb\":{\"@id\":\"https:\\\/\\\/walkingranada.com\\\/visitas-guiadas\\\/turismo-accesible\\\/#breadcrumb\"},\"inLanguage\":\"en-GB\",\"potentialAction\":[{\"@type\":\"ReadAction\",\"target\":[\"https:\\\/\\\/walkingranada.com\\\/visitas-guiadas\\\/turismo-accesible\\\/\"]}]},{\"@type\":\"ImageObject\",\"inLanguage\":\"en-GB\",\"@id\":\"https:\\\/\\\/walkingranada.com\\\/visitas-guiadas\\\/turismo-accesible\\\/#primaryimage\",\"url\":\"https:\\\/\\\/walkingranada.com\\\/wp-content\\\/uploads\\\/2023\\\/01\\\/visita-accesible-alhambra.webp\",\"contentUrl\":\"https:\\\/\\\/walkingranada.com\\\/wp-content\\\/uploads\\\/2023\\\/01\\\/visita-accesible-alhambra.webp\"},{\"@type\":\"BreadcrumbList\",\"@id\":\"https:\\\/\\\/walkingranada.com\\\/visitas-guiadas\\\/turismo-accesible\\\/#breadcrumb\",\"itemListElement\":[{\"@type\":\"ListItem\",\"position\":1,\"name\":\"Portada\",\"item\":\"https:\\\/\\\/walkingranada.com\\\/\"},{\"@type\":\"ListItem\",\"position\":2,\"name\":\"Visitas guiadas\",\"item\":\"https:\\\/\\\/walkingranada.com\\\/visitas-guiadas\\\/\"},{\"@type\":\"ListItem\",\"position\":3,\"name\":\"Turismo accesible\"}]},{\"@type\":\"WebSite\",\"@id\":\"https:\\\/\\\/walkingranada.com\\\/#website\",\"url\":\"https:\\\/\\\/walkingranada.com\\\/\",\"name\":\"Walk in Granada\",\"description\":\"Turismo responsable\",\"publisher\":{\"@id\":\"https:\\\/\\\/walkingranada.com\\\/#organization\"},\"alternateName\":\"Walk in Granada\",\"potentialAction\":[{\"@type\":\"SearchAction\",\"target\":{\"@type\":\"EntryPoint\",\"urlTemplate\":\"https:\\\/\\\/walkingranada.com\\\/?s={search_term_string}\"},\"query-input\":{\"@type\":\"PropertyValueSpecification\",\"valueRequired\":true,\"valueName\":\"search_term_string\"}}],\"inLanguage\":\"en-GB\"},{\"@type\":\"Organization\",\"@id\":\"https:\\\/\\\/walkingranada.com\\\/#organization\",\"name\":\"Walk In Granada\",\"alternateName\":\"Walk In Granada\",\"url\":\"https:\\\/\\\/walkingranada.com\\\/\",\"logo\":{\"@type\":\"ImageObject\",\"inLanguage\":\"en-GB\",\"@id\":\"https:\\\/\\\/walkingranada.com\\\/#\\\/schema\\\/logo\\\/image\\\/\",\"url\":\"https:\\\/\\\/walkingranada.com\\\/wp-content\\\/uploads\\\/2022\\\/12\\\/Logo-Walking.webp\",\"contentUrl\":\"https:\\\/\\\/walkingranada.com\\\/wp-content\\\/uploads\\\/2022\\\/12\\\/Logo-Walking.webp\",\"width\":512,\"height\":512,\"caption\":\"Walk In Granada\"},\"image\":{\"@id\":\"https:\\\/\\\/walkingranada.com\\\/#\\\/schema\\\/logo\\\/image\\\/\"},\"sameAs\":[\"https:\\\/\\\/es-es.facebook.com\\\/walkingranadatour\\\/\",\"https:\\\/\\\/x.com\\\/walkingranada\",\"https:\\\/\\\/www.instagram.com\\\/walkingranada\\\/\"]}]}<\/script>\n<!-- \/ Yoast SEO plugin. -->","yoast_head_json":{"title":"Accessible tourism - Walk in Granada","description":"Two adapted routes for people with reduced mobility in Granada. Let nothing stop you. Discover Granada with our guides!","robots":{"index":"index","follow":"follow","max-snippet":"max-snippet:-1","max-image-preview":"max-image-preview:large","max-video-preview":"max-video-preview:-1"},"canonical":"https:\/\/walkingranada.com\/en\/guided-tours\/accessible-tourism\/","og_locale":"en_GB","og_type":"article","og_title":"Turismo accesible - Walk in Granada","og_description":"Presentamos dos rutas adaptadas para personas con Movilidad Reducida en Granada. Que nada te pare. \u00a1Descubre Granada con nuestros gu\u00edas!","og_url":"https:\/\/walkingranada.com\/en\/guided-tours\/accessible-tourism\/","og_site_name":"Walk in Granada","article_publisher":"https:\/\/es-es.facebook.com\/walkingranadatour\/","article_modified_time":"2023-02-06T11:20:14+00:00","og_image":[{"url":"https:\/\/walkingranada.com\/wp-content\/uploads\/2023\/01\/visita-accesible-alhambra.webp","type":"","width":"","height":""}],"twitter_card":"summary_large_image","twitter_site":"@walkingranada","twitter_misc":{"Estimated reading time":"3 minutes"},"schema":{"@context":"https:\/\/schema.org","@graph":[{"@type":"WebPage","@id":"https:\/\/walkingranada.com\/visitas-guiadas\/turismo-accesible\/","url":"https:\/\/walkingranada.com\/visitas-guiadas\/turismo-accesible\/","name":"Accessible tourism - Walk in Granada","isPartOf":{"@id":"https:\/\/walkingranada.com\/#website"},"primaryImageOfPage":{"@id":"https:\/\/walkingranada.com\/visitas-guiadas\/turismo-accesible\/#primaryimage"},"image":{"@id":"https:\/\/walkingranada.com\/visitas-guiadas\/turismo-accesible\/#primaryimage"},"thumbnailUrl":"https:\/\/walkingranada.com\/wp-content\/uploads\/2023\/01\/visita-accesible-alhambra.webp","datePublished":"2022-10-27T08:56:45+00:00","dateModified":"2023-02-06T11:20:14+00:00","description":"Two adapted routes for people with reduced mobility in Granada. Let nothing stop you. Discover Granada with our guides!","breadcrumb":{"@id":"https:\/\/walkingranada.com\/visitas-guiadas\/turismo-accesible\/#breadcrumb"},"inLanguage":"en-GB","potentialAction":[{"@type":"ReadAction","target":["https:\/\/walkingranada.com\/visitas-guiadas\/turismo-accesible\/"]}]},{"@type":"ImageObject","inLanguage":"en-GB","@id":"https:\/\/walkingranada.com\/visitas-guiadas\/turismo-accesible\/#primaryimage","url":"https:\/\/walkingranada.com\/wp-content\/uploads\/2023\/01\/visita-accesible-alhambra.webp","contentUrl":"https:\/\/walkingranada.com\/wp-content\/uploads\/2023\/01\/visita-accesible-alhambra.webp"},{"@type":"BreadcrumbList","@id":"https:\/\/walkingranada.com\/visitas-guiadas\/turismo-accesible\/#breadcrumb","itemListElement":[{"@type":"ListItem","position":1,"name":"Portada","item":"https:\/\/walkingranada.com\/"},{"@type":"ListItem","position":2,"name":"Visitas guiadas","item":"https:\/\/walkingranada.com\/visitas-guiadas\/"},{"@type":"ListItem","position":3,"name":"Turismo accesible"}]},{"@type":"WebSite","@id":"https:\/\/walkingranada.com\/#website","url":"https:\/\/walkingranada.com\/","name":"Walk in Granada","description":"Turismo responsable","publisher":{"@id":"https:\/\/walkingranada.com\/#organization"},"alternateName":"Walk in Granada","potentialAction":[{"@type":"SearchAction","target":{"@type":"EntryPoint","urlTemplate":"https:\/\/walkingranada.com\/?s={search_term_string}"},"query-input":{"@type":"PropertyValueSpecification","valueRequired":true,"valueName":"search_term_string"}}],"inLanguage":"en-GB"},{"@type":"Organization","@id":"https:\/\/walkingranada.com\/#organization","name":"Walk In Granada","alternateName":"Walk In Granada","url":"https:\/\/walkingranada.com\/","logo":{"@type":"ImageObject","inLanguage":"en-GB","@id":"https:\/\/walkingranada.com\/#\/schema\/logo\/image\/","url":"https:\/\/walkingranada.com\/wp-content\/uploads\/2022\/12\/Logo-Walking.webp","contentUrl":"https:\/\/walkingranada.com\/wp-content\/uploads\/2022\/12\/Logo-Walking.webp","width":512,"height":512,"caption":"Walk In Granada"},"image":{"@id":"https:\/\/walkingranada.com\/#\/schema\/logo\/image\/"},"sameAs":["https:\/\/es-es.facebook.com\/walkingranadatour\/","https:\/\/x.com\/walkingranada","https:\/\/www.instagram.com\/walkingranada\/"]}]}},"_links":{"self":[{"href":"https:\/\/walkingranada.com\/en\/wp-json\/wp\/v2\/pages\/424","targetHints":{"allow":["GET"]}}],"collection":[{"href":"https:\/\/walkingranada.com\/en\/wp-json\/wp\/v2\/pages"}],"about":[{"href":"https:\/\/walkingranada.com\/en\/wp-json\/wp\/v2\/types\/page"}],"author":[{"embeddable":true,"href":"https:\/\/walkingranada.com\/en\/wp-json\/wp\/v2\/users\/2"}],"replies":[{"embeddable":true,"href":"https:\/\/walkingranada.com\/en\/wp-json\/wp\/v2\/comments?post=424"}],"version-history":[{"count":0,"href":"https:\/\/walkingranada.com\/en\/wp-json\/wp\/v2\/pages\/424\/revisions"}],"up":[{"embeddable":true,"href":"https:\/\/walkingranada.com\/en\/wp-json\/wp\/v2\/pages\/94"}],"wp:attachment":[{"href":"https:\/\/walkingranada.com\/en\/wp-json\/wp\/v2\/media?parent=424"}],"curies":[{"name":"wp","href":"https:\/\/api.w.org\/{rel}","templated":true}]}}