{"id":416,"date":"2022-10-27T08:47:47","date_gmt":"2022-10-27T08:47:47","guid":{"rendered":"https:\/\/factum-omibu.es\/walkin\/?page_id=416"},"modified":"2025-08-06T06:19:54","modified_gmt":"2025-08-06T06:19:54","slug":"sacromonte","status":"publish","type":"page","link":"https:\/\/walkingranada.com\/en\/visitas-guiadas\/sacromonte\/","title":{"rendered":"Sacromonte"},"content":{"rendered":"<p>Guided tour &gt; Sacromonte<\/p>\n\t<!-- FareHarbor calendar of item #442585 -->\n<h1>\n\t\t\tPrivate tour Sacromonte\t<\/h1>\n        <a href=\"#encuentro\">\n            <img decoding=\"async\" loading=\"lazy\" src=\"https:\/\/walkingranada.com\/wp-content\/uploads\/2022\/10\/fi-rr-marker.png\" alt=\"Plaza nueva\"\/>\n            <p>Plaza nueva <img decoding=\"async\" loading=\"lazy\" src=\"https:\/\/walkingranada.com\/wp-content\/uploads\/2022\/10\/\ud83e\udd86-icon-_Info-Circle_.png\" alt=\"informaci\u00f3n\"\/><\/p>\n        <\/a>\n        <img decoding=\"async\" loading=\"lazy\" src=\"https:\/\/walkingranada.com\/wp-content\/uploads\/2022\/12\/fuente-icon.png\" alt=\"Main fountain of the square\"\/>\n        <p>Main fountain of the square<\/p>\n        <img decoding=\"async\" loading=\"lazy\" src=\"https:\/\/walkingranada.com\/wp-content\/uploads\/2022\/10\/fi-rr-chat-arrow-grow.png\" alt=\"High difficulty\"\/>\n        <p>High difficulty<\/p>\n        <img decoding=\"async\" loading=\"lazy\" src=\"https:\/\/walkingranada.com\/wp-content\/uploads\/2022\/10\/fi-rr-map.png\" alt=\"Historic Quarter\"\/>\n        <p>Historic Quarter<\/p>\n        <img decoding=\"async\" loading=\"lazy\" src=\"https:\/\/walkingranada.com\/wp-content\/uploads\/2022\/12\/accesibilidad_.png\" alt=\"Limited accessibility\"\/>\n        <p>Limited accessibility<\/p>\n        <img decoding=\"async\" loading=\"lazy\" src=\"https:\/\/walkingranada.com\/wp-content\/uploads\/2022\/10\/fi-rr-calendar.png\" alt=\"TODOS LOS DIAS\"\/>\n        <p>Every day<\/p>\n        <img decoding=\"async\" loading=\"lazy\" src=\"https:\/\/walkingranada.com\/wp-content\/uploads\/2022\/10\/fi-rr-clock.png\" alt=\"horario Seg\u00fan disponibilidad\"\/>\n        <p>According to availability<\/p>\n        <img decoding=\"async\" loading=\"lazy\" src=\"https:\/\/walkingranada.com\/wp-content\/uploads\/2022\/10\/fi-rr-alarm-clock.png\" alt=\"2,5 HOURS\"\/>\n        <p>2,5 hours<\/p>\n        <img decoding=\"async\" loading=\"lazy\" src=\"https:\/\/walkingranada.com\/wp-content\/uploads\/2022\/10\/fi-rr-receipt.png\" alt=\"TU PONES EL PRECIO\"\/>\n        <p>From 8\u20ac\/pax<\/p>\n        <img decoding=\"async\" loading=\"lazy\" src=\"https:\/\/walkingranada.com\/wp-content\/uploads\/2022\/10\/fi-rr-comments.png\" alt=\"Language\"\/>\n        <p>Spanish, English, French and Portuguese. Others upon request.<\/p>\n<h2>\n\t\t\tGet to know Granada's most enchanting neighborhood\t<\/h2>\n\t<p>This is a tour for those who love photography, nature and walks in the countryside.<\/p>\n<p>El barrio de los marginados. Cuando los Reyes Cat\u00f3licos conquistaron Granada en 1492, a extramuros de la ciudad comenz\u00f3 a congregarse todo tipo de repudiados: musulmanes, gitanos, antiguos esclavos de \u00c1frica&#8230; una pintoresca mezcla que conform\u00f3 el Sacromonte que hoy conocemos y nos dej\u00f3 una herencia tan importante como es el flamenco.<\/p>\n<p>Undoubtedly a neighborhood to get to know and learn to interpret for 2 and a half hours with the help of a guide who is an expert in the area and its culture.<\/p>\n<h2>\n\t\t\tMeeting point\t<\/h2>\n\t\t\t\t<img decoding=\"async\" src=\"https:\/\/walkingranada.com\/wp-content\/uploads\/2023\/01\/fuente-plaza-nueva.webp\" alt=\"fuente-plaza-nueva\" itemprop=\"image\" height=\"398\" width=\"711\" title=\"fuente-plaza-nueva\" onerror=\"this.style.display='none'\" loading=\"lazy\" \/>\n<h3 class=\"translation-block\"><span class=\"fl-heading-text\">Main fountain in front of the pharmacy at <span class=\"red\">Plaza Nueva<\/span><\/span><\/h3>\n\t<p>Do you need directions to get there?<\/p>\n\t\t\t<a href=\"#reserva\" target=\"_self\">\n\t\t\t\t\t\t\tBook &gt;\n\t\t\t\t\t<\/a>\n\t\t\t<a href=\"https:\/\/walkingranada.com\/en\/how-to-get-to-plaza-nueva\/\" target=\"_self\">\n\t\t\t\t\t\t\tHow to get there? &gt;\n\t\t\t\t\t<\/a>\n<h2>\n\t\t\tRecommendations\t<\/h2>\n\t<ol>\n<li class=\"translation-block\">Arrive <strong>20 minutes early<\/strong> before the start time of the visit.<\/li>\n<li>Wear <strong>comfortable shoes<\/strong>. The visit lasts 2.5 hours.<\/li>\n<li>In summer, remember to use\u00a0<strong>sunscreen and bring a bottle of water<\/strong>.<\/li>\n<\/ol>\n<h2>\n\t\t\tItinerary\t<\/h2>\n\t<ul>\n<li>Plaza Nueva<\/li>\n<li>Aliatar Square<\/li>\n<li>Aljibe de la Vieja<\/li>\n<li>Cruz de Rauda<\/li>\n<li>Cuevas<\/li>\n<li>Mirador de San Miguel Alto<\/li>\n<li>Nasrid Wall<\/li>\n<li>Vereda de Enmedio<\/li>\n<li>Flamenco<\/li>\n<li>Camino del Sacromonte<\/li>\n<li>Chorrojumo<\/li>\n<\/ul>\n\t<p>This tour combines hiking, stories, legends and the best views of the city. It is a tour for lovers of photography, nature and walks in the countryside. The tradition of the caves is deeply rooted in the culture of Granada today, places where you can feel the real essence of the city. In the cave areas of Granada, culture moves between what is visible and what is hidden inside the mountain. A whole hill that has been hollowed out for generations that transports us to another era, a neighborhood where it is demonstrated day after day that living in an alternative way can be synonymous with living life to the full. The caves are undoubtedly a must if you visit Granada, let yourself be lulled by the flamenco guitar, the sound of the \"taconeo\" in the \"tablaos\" and the calm of a neighborhood frozen in time.<\/p>\n<p>For availability check our calendar.\u00a0<strong>Don't miss it!<\/strong><\/p>\nRemember, if you have any questions before booking a private tour or if the day you want to visit is not available, you can contact us at any time through\u00a0<a href=\"mailto:info@walkingranada.com\">info@walkingranada.com<\/a>.<br \/>\nAnd if you want a more specific visit, with the entrance to a monument of your interest or the language of your preference, you can make the request through our\u00a0<a href=\"https:\/\/walkingranada.com\/en\/customized-tours\/\">Customized tours<\/a>.\n<h2>\n\t\t\tTambi\u00e9n puedes reservar nuestras otras visitas guiadas&#8230;\t<\/h2>\n\t <section>\n            <img decoding=\"async\" loading=\"lazy\" src=\"https:\/\/walkingranada.com\/wp-content\/uploads\/2023\/01\/Jardines-card-walkin.webp\" width=\"100%\" alt=\"Private Tour of the Alhambra\"\/>\n                <h3>Private Tour of the Alhambra<\/h3>\n                <hr \/>\n                <p>If you want to visit the Alhambra with a guide dedicated only to you and your family and\/or friends.<\/p>\n                <hr \/>\n                    <p> Every day<\/p>\n                    <p> Site hours<\/p>\n                    <p> 3h<\/p>\n                    From\n                    <p>40\u20ac<\/p>\/pax\n            <a href=\"https:\/\/walkingranada.com\/en\/alhambra\/private-tour\/\">Book &gt;<\/a>\n            <img decoding=\"async\" loading=\"lazy\" src=\"https:\/\/walkingranada.com\/wp-content\/uploads\/2023\/01\/Alhambra-card-walkin.webp\" width=\"100%\" alt=\"Guided tour with Alhambra &amp; Generalife ticket\"\/>\n                <h3>Guided tour with Alhambra &amp; Generalife ticket<\/h3>\n                <hr \/>\n                <p>Enter the palatine city of the Alhambra and its impressive gardens.<\/p>\n                <hr \/>\n                    <p> Every day<\/p>\n                    <p> Site hours<\/p>\n                    <p> 3h<\/p>\n                    From\n                    <p>49\u20ac<\/p>\/pax\n            <a href=\"https:\/\/walkingranada.com\/en\/alhambra\/guided-tour-with-alhambra-ticket\/\">Book &gt;<\/a>\n        <img decoding=\"async\" loading=\"lazy\" src=\"https:\/\/walkingranada.com\/wp-content\/uploads\/2023\/01\/Centro-historico-card.webp\" width=\"100%\" alt=\"Guided tour of the historic centre and lower albaic\u00edn\"\/>\n            <h3>Guided tour city center &amp; Albaic\u00edn<\/h3>\n            <hr \/>\n            <p>Immerse yourself in history. On this tour you will visit the most central and popular areas.<\/p>\n            <hr \/>\n                <p> Every day<\/p>\n                <p> Ask us<\/p>\n                <p> 2,5h<\/p>\n                    From\n                    <p>8\u20ac<\/p>\/pax\n        <a href=\"https:\/\/walkingranada.com\/en\/guided-tours\/historic-centre-albaicin\/\">Book &gt;<\/a>\n        <img decoding=\"async\" loading=\"lazy\" src=\"https:\/\/walkingranada.com\/wp-content\/uploads\/2023\/01\/Rutas-lorquianas-card.webp\"\/>\n            <h3>Lorquian <br \/>routes <\/h3>\n            <hr \/>\n            Discover Federico Garcia Lorca\u00b4s legacy with one of our three tours about the poet.\n\n            <hr \/>\n                <p> Every day<\/p>\n                <p> Ask us<\/p>\n                <p> Ask us<\/p>\n                    From\n                    <p>11\u20ac<\/p>\/pax\n        <a href=\"https:\/\/walkingranada.com\/en\/guided-tours\/sacromonte\/\">Book &gt;<\/a>\n    <\/section>\n<h2>\n\t\t\tTambi\u00e9n puedes reservar nuestros otros servicios&#8230;\t<\/h2>\n\t<a href=\"https:\/\/walkingranada.com\/en\/what-to-do-in-granada\/flamenco\/\" target=\"_self\"><\/a>\t\t\t<img decoding=\"async\" loading=\"lazy\" alt=\"Servicio Flamenco\" src=\"https:\/\/walkingranada.com\/wp-content\/uploads\/2023\/01\/Servicio-Flamenco.webp\"\/>\n\t\t<h3>Flamenco<\/h3>\n\t<a href=\"https:\/\/walkingranada.com\/en\/what-to-do-in-granada\/olfactory-route\/\" target=\"_self\"><\/a>\t\t\t<img decoding=\"async\" loading=\"lazy\" alt=\"Servicio Rutas Olfativas\" src=\"https:\/\/walkingranada.com\/wp-content\/uploads\/2023\/01\/Servicio-Rutas-Olfativas.webp\"\/>\n\t\t<h3>Olfactory route<\/h3>\n\t<a href=\"https:\/\/walkingranada.com\/en\/what-to-do-in-granada\/hammam-al-andalus\/\" target=\"_self\"><\/a>\t\t\t<img decoding=\"async\" loading=\"lazy\" alt=\"Servicios Hamman\" src=\"https:\/\/walkingranada.com\/wp-content\/uploads\/2023\/01\/Servicios-Hamman.webp\"\/>\n\t\t\n\t\t\t<p>Hammam<br \/>Al-\u00e1ndalus<\/p>\n\t<a href=\"https:\/\/walkingranada.com\/en\/what-to-do-in-granada\/gastronomic-routes\/\" target=\"_self\"><\/a>\t\t\t<img decoding=\"async\" loading=\"lazy\" alt=\"Servicio Rutas Gastron\u00f3micas\" src=\"https:\/\/walkingranada.com\/wp-content\/uploads\/2023\/01\/Servicio-Rutas-Gastronomicas.webp\"\/>\n\t\t<h3>Gastronomic routes<\/h3>","protected":false},"excerpt":{"rendered":"<p>Visita guiada &gt; Sacromonte Visita privada Sacromonte Plaza nueva Fuente principal de la plaza Dificultad alta Casco Hist\u00f3rico Accesibilidad limitada Todos los d\u00edas Seg\u00fan disponibilidad 2,5 horas Desde 8\u20ac\/pax Castellano, ingl\u00e9s, franc\u00e9s y portugu\u00e9s. Otros bajo petici\u00f3n. Conoce el barrio con m\u00e1s duende de Granada \u00c9ste es un tour para amantes de la fotograf\u00eda, la &#8230; <a title=\"Sacromonte\" class=\"read-more\" href=\"https:\/\/walkingranada.com\/en\/visitas-guiadas\/sacromonte\/\" aria-label=\"Read more about Sacromonte\">Read more<\/a><\/p>","protected":false},"author":2,"featured_media":2315,"parent":94,"menu_order":0,"comment_status":"closed","ping_status":"closed","template":"","meta":{"footnotes":""},"class_list":["post-416","page","type-page","status-publish","has-post-thumbnail"],"yoast_head":"<!-- This site is optimized with the Yoast SEO plugin v27.4 - https:\/\/yoast.com\/product\/yoast-seo-wordpress\/ -->\n<title>Visita Guiada Sacromonte - Visita Privada - Walk in Granada<\/title>\n<meta name=\"description\" content=\"Ad\u00e9ntrate en el barrio gitano de Granada con esta visita privada por el Sacromonte. Descubre las casas cueva y las c\u00e9lebres Zambras.\" \/>\n<meta name=\"robots\" content=\"index, follow, max-snippet:-1, max-image-preview:large, max-video-preview:-1\" \/>\n<link rel=\"canonical\" href=\"https:\/\/walkingranada.com\/en\/guided-tours\/sacromonte\/\" \/>\n<meta property=\"og:locale\" content=\"en_GB\" \/>\n<meta property=\"og:type\" content=\"article\" \/>\n<meta property=\"og:title\" content=\"Visita Guiada Sacromonte - Visita Privada - Walk in Granada\" \/>\n<meta property=\"og:description\" content=\"Ad\u00e9ntrate en el barrio gitano de Granada con esta visita privada por el Sacromonte. Descubre las casas cueva y las c\u00e9lebres Zambras.\" \/>\n<meta property=\"og:url\" content=\"https:\/\/walkingranada.com\/en\/guided-tours\/sacromonte\/\" \/>\n<meta property=\"og:site_name\" content=\"Walk in Granada\" \/>\n<meta property=\"article:publisher\" content=\"https:\/\/es-es.facebook.com\/walkingranadatour\/\" \/>\n<meta property=\"article:modified_time\" content=\"2025-08-06T06:19:54+00:00\" \/>\n<meta property=\"og:image\" content=\"https:\/\/walkingranada.com\/wp-content\/uploads\/2023\/01\/sacromonte-701.webp\" \/>\n\t<meta property=\"og:image:width\" content=\"305\" \/>\n\t<meta property=\"og:image:height\" content=\"305\" \/>\n\t<meta property=\"og:image:type\" content=\"image\/webp\" \/>\n<meta name=\"twitter:card\" content=\"summary_large_image\" \/>\n<meta name=\"twitter:site\" content=\"@walkingranada\" \/>\n<meta name=\"twitter:label1\" content=\"Estimated reading time\" \/>\n\t<meta name=\"twitter:data1\" content=\"7 minutes\" \/>\n<script type=\"application\/ld+json\" class=\"yoast-schema-graph\">{\"@context\":\"https:\\\/\\\/schema.org\",\"@graph\":[{\"@type\":\"WebPage\",\"@id\":\"https:\\\/\\\/walkingranada.com\\\/visitas-guiadas\\\/sacromonte\\\/\",\"url\":\"https:\\\/\\\/walkingranada.com\\\/visitas-guiadas\\\/sacromonte\\\/\",\"name\":\"Visita Guiada Sacromonte - Visita Privada - Walk in Granada\",\"isPartOf\":{\"@id\":\"https:\\\/\\\/walkingranada.com\\\/#website\"},\"primaryImageOfPage\":{\"@id\":\"https:\\\/\\\/walkingranada.com\\\/visitas-guiadas\\\/sacromonte\\\/#primaryimage\"},\"image\":{\"@id\":\"https:\\\/\\\/walkingranada.com\\\/visitas-guiadas\\\/sacromonte\\\/#primaryimage\"},\"thumbnailUrl\":\"https:\\\/\\\/walkingranada.com\\\/wp-content\\\/uploads\\\/2023\\\/01\\\/sacromonte-701.webp\",\"datePublished\":\"2022-10-27T08:47:47+00:00\",\"dateModified\":\"2025-08-06T06:19:54+00:00\",\"description\":\"Ad\u00e9ntrate en el barrio gitano de Granada con esta visita privada por el Sacromonte. Descubre las casas cueva y las c\u00e9lebres Zambras.\",\"breadcrumb\":{\"@id\":\"https:\\\/\\\/walkingranada.com\\\/visitas-guiadas\\\/sacromonte\\\/#breadcrumb\"},\"inLanguage\":\"en-GB\",\"potentialAction\":[{\"@type\":\"ReadAction\",\"target\":[\"https:\\\/\\\/walkingranada.com\\\/visitas-guiadas\\\/sacromonte\\\/\"]}]},{\"@type\":\"ImageObject\",\"inLanguage\":\"en-GB\",\"@id\":\"https:\\\/\\\/walkingranada.com\\\/visitas-guiadas\\\/sacromonte\\\/#primaryimage\",\"url\":\"https:\\\/\\\/walkingranada.com\\\/wp-content\\\/uploads\\\/2023\\\/01\\\/sacromonte-701.webp\",\"contentUrl\":\"https:\\\/\\\/walkingranada.com\\\/wp-content\\\/uploads\\\/2023\\\/01\\\/sacromonte-701.webp\",\"width\":305,\"height\":305,\"caption\":\"Sacromonte\"},{\"@type\":\"BreadcrumbList\",\"@id\":\"https:\\\/\\\/walkingranada.com\\\/visitas-guiadas\\\/sacromonte\\\/#breadcrumb\",\"itemListElement\":[{\"@type\":\"ListItem\",\"position\":1,\"name\":\"Portada\",\"item\":\"https:\\\/\\\/walkingranada.com\\\/\"},{\"@type\":\"ListItem\",\"position\":2,\"name\":\"Visitas guiadas\",\"item\":\"https:\\\/\\\/walkingranada.com\\\/visitas-guiadas\\\/\"},{\"@type\":\"ListItem\",\"position\":3,\"name\":\"Sacromonte\"}]},{\"@type\":\"WebSite\",\"@id\":\"https:\\\/\\\/walkingranada.com\\\/#website\",\"url\":\"https:\\\/\\\/walkingranada.com\\\/\",\"name\":\"Walk in Granada\",\"description\":\"Turismo responsable\",\"publisher\":{\"@id\":\"https:\\\/\\\/walkingranada.com\\\/#organization\"},\"alternateName\":\"Walk in Granada\",\"potentialAction\":[{\"@type\":\"SearchAction\",\"target\":{\"@type\":\"EntryPoint\",\"urlTemplate\":\"https:\\\/\\\/walkingranada.com\\\/?s={search_term_string}\"},\"query-input\":{\"@type\":\"PropertyValueSpecification\",\"valueRequired\":true,\"valueName\":\"search_term_string\"}}],\"inLanguage\":\"en-GB\"},{\"@type\":\"Organization\",\"@id\":\"https:\\\/\\\/walkingranada.com\\\/#organization\",\"name\":\"Walk In Granada\",\"alternateName\":\"Walk In Granada\",\"url\":\"https:\\\/\\\/walkingranada.com\\\/\",\"logo\":{\"@type\":\"ImageObject\",\"inLanguage\":\"en-GB\",\"@id\":\"https:\\\/\\\/walkingranada.com\\\/#\\\/schema\\\/logo\\\/image\\\/\",\"url\":\"https:\\\/\\\/walkingranada.com\\\/wp-content\\\/uploads\\\/2022\\\/12\\\/Logo-Walking.webp\",\"contentUrl\":\"https:\\\/\\\/walkingranada.com\\\/wp-content\\\/uploads\\\/2022\\\/12\\\/Logo-Walking.webp\",\"width\":512,\"height\":512,\"caption\":\"Walk In Granada\"},\"image\":{\"@id\":\"https:\\\/\\\/walkingranada.com\\\/#\\\/schema\\\/logo\\\/image\\\/\"},\"sameAs\":[\"https:\\\/\\\/es-es.facebook.com\\\/walkingranadatour\\\/\",\"https:\\\/\\\/x.com\\\/walkingranada\",\"https:\\\/\\\/www.instagram.com\\\/walkingranada\\\/\"]}]}<\/script>\n<!-- \/ Yoast SEO plugin. -->","yoast_head_json":{"title":"Sacromonte Guided Visit - Private Visit - Walk in Granada","description":"Immerse yourself in Granada's Gypsy neighborhood with this private tour of Sacromonte. Discover the cave houses and the famous Zambras.","robots":{"index":"index","follow":"follow","max-snippet":"max-snippet:-1","max-image-preview":"max-image-preview:large","max-video-preview":"max-video-preview:-1"},"canonical":"https:\/\/walkingranada.com\/en\/guided-tours\/sacromonte\/","og_locale":"en_GB","og_type":"article","og_title":"Visita Guiada Sacromonte - Visita Privada - Walk in Granada","og_description":"Ad\u00e9ntrate en el barrio gitano de Granada con esta visita privada por el Sacromonte. Descubre las casas cueva y las c\u00e9lebres Zambras.","og_url":"https:\/\/walkingranada.com\/en\/guided-tours\/sacromonte\/","og_site_name":"Walk in Granada","article_publisher":"https:\/\/es-es.facebook.com\/walkingranadatour\/","article_modified_time":"2025-08-06T06:19:54+00:00","og_image":[{"width":305,"height":305,"url":"https:\/\/walkingranada.com\/wp-content\/uploads\/2023\/01\/sacromonte-701.webp","type":"image\/webp"}],"twitter_card":"summary_large_image","twitter_site":"@walkingranada","twitter_misc":{"Estimated reading time":"7 minutes"},"schema":{"@context":"https:\/\/schema.org","@graph":[{"@type":"WebPage","@id":"https:\/\/walkingranada.com\/visitas-guiadas\/sacromonte\/","url":"https:\/\/walkingranada.com\/visitas-guiadas\/sacromonte\/","name":"Sacromonte Guided Visit - Private Visit - Walk in Granada","isPartOf":{"@id":"https:\/\/walkingranada.com\/#website"},"primaryImageOfPage":{"@id":"https:\/\/walkingranada.com\/visitas-guiadas\/sacromonte\/#primaryimage"},"image":{"@id":"https:\/\/walkingranada.com\/visitas-guiadas\/sacromonte\/#primaryimage"},"thumbnailUrl":"https:\/\/walkingranada.com\/wp-content\/uploads\/2023\/01\/sacromonte-701.webp","datePublished":"2022-10-27T08:47:47+00:00","dateModified":"2025-08-06T06:19:54+00:00","description":"Immerse yourself in Granada's Gypsy neighborhood with this private tour of Sacromonte. Discover the cave houses and the famous Zambras.","breadcrumb":{"@id":"https:\/\/walkingranada.com\/visitas-guiadas\/sacromonte\/#breadcrumb"},"inLanguage":"en-GB","potentialAction":[{"@type":"ReadAction","target":["https:\/\/walkingranada.com\/visitas-guiadas\/sacromonte\/"]}]},{"@type":"ImageObject","inLanguage":"en-GB","@id":"https:\/\/walkingranada.com\/visitas-guiadas\/sacromonte\/#primaryimage","url":"https:\/\/walkingranada.com\/wp-content\/uploads\/2023\/01\/sacromonte-701.webp","contentUrl":"https:\/\/walkingranada.com\/wp-content\/uploads\/2023\/01\/sacromonte-701.webp","width":305,"height":305,"caption":"Sacromonte"},{"@type":"BreadcrumbList","@id":"https:\/\/walkingranada.com\/visitas-guiadas\/sacromonte\/#breadcrumb","itemListElement":[{"@type":"ListItem","position":1,"name":"Portada","item":"https:\/\/walkingranada.com\/"},{"@type":"ListItem","position":2,"name":"Visitas guiadas","item":"https:\/\/walkingranada.com\/visitas-guiadas\/"},{"@type":"ListItem","position":3,"name":"Sacromonte"}]},{"@type":"WebSite","@id":"https:\/\/walkingranada.com\/#website","url":"https:\/\/walkingranada.com\/","name":"Walk in Granada","description":"Turismo responsable","publisher":{"@id":"https:\/\/walkingranada.com\/#organization"},"alternateName":"Walk in Granada","potentialAction":[{"@type":"SearchAction","target":{"@type":"EntryPoint","urlTemplate":"https:\/\/walkingranada.com\/?s={search_term_string}"},"query-input":{"@type":"PropertyValueSpecification","valueRequired":true,"valueName":"search_term_string"}}],"inLanguage":"en-GB"},{"@type":"Organization","@id":"https:\/\/walkingranada.com\/#organization","name":"Walk In Granada","alternateName":"Walk In Granada","url":"https:\/\/walkingranada.com\/","logo":{"@type":"ImageObject","inLanguage":"en-GB","@id":"https:\/\/walkingranada.com\/#\/schema\/logo\/image\/","url":"https:\/\/walkingranada.com\/wp-content\/uploads\/2022\/12\/Logo-Walking.webp","contentUrl":"https:\/\/walkingranada.com\/wp-content\/uploads\/2022\/12\/Logo-Walking.webp","width":512,"height":512,"caption":"Walk In Granada"},"image":{"@id":"https:\/\/walkingranada.com\/#\/schema\/logo\/image\/"},"sameAs":["https:\/\/es-es.facebook.com\/walkingranadatour\/","https:\/\/x.com\/walkingranada","https:\/\/www.instagram.com\/walkingranada\/"]}]}},"_links":{"self":[{"href":"https:\/\/walkingranada.com\/en\/wp-json\/wp\/v2\/pages\/416","targetHints":{"allow":["GET"]}}],"collection":[{"href":"https:\/\/walkingranada.com\/en\/wp-json\/wp\/v2\/pages"}],"about":[{"href":"https:\/\/walkingranada.com\/en\/wp-json\/wp\/v2\/types\/page"}],"author":[{"embeddable":true,"href":"https:\/\/walkingranada.com\/en\/wp-json\/wp\/v2\/users\/2"}],"replies":[{"embeddable":true,"href":"https:\/\/walkingranada.com\/en\/wp-json\/wp\/v2\/comments?post=416"}],"version-history":[{"count":1,"href":"https:\/\/walkingranada.com\/en\/wp-json\/wp\/v2\/pages\/416\/revisions"}],"predecessor-version":[{"id":7052,"href":"https:\/\/walkingranada.com\/en\/wp-json\/wp\/v2\/pages\/416\/revisions\/7052"}],"up":[{"embeddable":true,"href":"https:\/\/walkingranada.com\/en\/wp-json\/wp\/v2\/pages\/94"}],"wp:featuredmedia":[{"embeddable":true,"href":"https:\/\/walkingranada.com\/en\/wp-json\/wp\/v2\/media\/2315"}],"wp:attachment":[{"href":"https:\/\/walkingranada.com\/en\/wp-json\/wp\/v2\/media?parent=416"}],"curies":[{"name":"wp","href":"https:\/\/api.w.org\/{rel}","templated":true}]}}