{"id":4142,"date":"2023-05-18T10:38:41","date_gmt":"2023-05-18T10:38:41","guid":{"rendered":"https:\/\/walkingranada.com\/?page_id=4142"},"modified":"2024-11-11T16:21:43","modified_gmt":"2024-11-11T16:21:43","slug":"group-cathedral-royal-chapel","status":"publish","type":"page","link":"https:\/\/walkingranada.com\/en\/visitas-guiadas\/catedral-capilla-real-grupo\/","title":{"rendered":"Group Tour Royal Chapel &amp; Cathedral"},"content":{"rendered":"<p>Group Tour &gt; ROYAL CHAPEL &amp; CATHEDRAL<\/p>\n<h1>\n\t\tROYAL CHAPEL &amp; CATHEDRAL GROUP TOUR\n\t<\/h1>\n        <a href=\"#encuentro\">\n            <img decoding=\"async\" loading=\"lazy\" src=\"https:\/\/walkingranada.com\/wp-content\/uploads\/2022\/10\/fi-rr-marker.png\" alt=\"Plaza nueva\"\/>\n            <p>Villamena Square 5, shop 1-2 <img decoding=\"async\" loading=\"lazy\" src=\"https:\/\/walkingranada.com\/wp-content\/uploads\/2022\/10\/\ud83e\udd86-icon-_Info-Circle_.png\" alt=\"informaci\u00f3n\"\/><\/p>\n        <\/a>\n        <img decoding=\"async\" loading=\"lazy\" src=\"https:\/\/walkingranada.com\/wp-content\/uploads\/2022\/12\/guia-tour.png\" alt=\"Busca a nuestro gu\u00eda\"\/>\n        <p>\u00c1bside Store<\/p>\n        <img decoding=\"async\" loading=\"lazy\" src=\"https:\/\/walkingranada.com\/wp-content\/uploads\/2022\/10\/fi-rr-chat-arrow-grow.png\" alt=\"Low difficulty\"\/>\n        <p>Low difficulty<\/p>\n        <img decoding=\"async\" loading=\"lazy\" src=\"https:\/\/walkingranada.com\/wp-content\/uploads\/2022\/10\/fi-rr-map.png\" alt=\"Historic Quarter\"\/>\n        <p>Monuments<\/p>\n        <img decoding=\"async\" loading=\"lazy\" src=\"https:\/\/walkingranada.com\/wp-content\/uploads\/2022\/12\/accesibilidad_.png\" alt=\"Limited accessibility\"\/>\n        <p>Limited accessibility<\/p>\n        <img decoding=\"async\" loading=\"lazy\" src=\"https:\/\/walkingranada.com\/wp-content\/uploads\/2022\/10\/fi-rr-calendar.png\" alt=\"TODOS LOS DIAS\"\/>\n        <p>Every day<\/p>\n        <img decoding=\"async\" loading=\"lazy\" src=\"https:\/\/walkingranada.com\/wp-content\/uploads\/2022\/10\/fi-rr-clock.png\" alt=\"horario Seg\u00fan disponibilidad\"\/>\n        <p>10:00<\/p>\n        <img decoding=\"async\" loading=\"lazy\" src=\"https:\/\/walkingranada.com\/wp-content\/uploads\/2022\/10\/fi-rr-alarm-clock.png\" alt=\"2,5 HOURS\"\/>\n        <p>2 hours<\/p>\n        <img decoding=\"async\" loading=\"lazy\" src=\"https:\/\/walkingranada.com\/wp-content\/uploads\/2022\/10\/fi-rr-receipt.png\" alt=\"TU PONES EL PRECIO\"\/>\n        <p>From 33\u20ac\/adult From 10\u20ac\/Children under 12 years old<\/p>\n        <img decoding=\"async\" loading=\"lazy\" src=\"https:\/\/walkingranada.com\/wp-content\/uploads\/2022\/10\/fi-rr-comments.png\" alt=\"Spanish\"\/>\n        <p>Spanish \/ English \/ French<\/p>\n<h2>\n\t\tDiscover the two emblematic buildings of the Catholic Monarchs\n\t<\/h2>\n\t<p class=\"translation-block\">The <strong>Granada Cathedral<\/strong> and the <strong>Royal Chapel<\/strong> are two buildings that announce the Christianization of the city and symbolize the <strong>Catholic Monarchs<\/strong>, as both were commissioned by the monarchs after the city was conquered.<\/p>\n<p class=\"translation-block\">Discover the <strong>Cathedral and Royal Chapel of Granada<\/strong> on a small-group guided tour with an official guide. With this visit, you will have access to the entire monument: the Cathedral, Royal Chapel, Mausoleum of the Catholic Monarchs, and some of their descendants.<\/p>\n<h2>\n\t\tMeeting point\n\t<\/h2>\n\t\t\t\t<img decoding=\"async\" loading=\"lazy\" src=\"https:\/\/walkingranada.com\/wp-content\/uploads\/2023\/05\/Punto-de-encuentro-visita-capilla-real-y-catedral.jpg.webp\" alt=\"Tienda \u00e1bside en Granada\" itemprop=\"image\" height=\"734\" width=\"1269\" title=\"Punto de encuentro visita capilla real y catedral\" onerror=\"this.style.display='none'\"  \/>\n<h3>\n\t\tTienda de \u00c1bside en Plaza de Villamena\n\t<\/h3>\n\t<p>Do you need directions to get there?<\/p>\n\t\t\t<a href=\"#reserva\" target=\"_self\" rel=\"noopener\">\n\t\t\t\t\t\t\tBook &gt;\n\t\t\t\t\t<\/a>\n\t\t\t<a href=\"https:\/\/walkingranada.com\/en\/how-to-get-to-plaza-nueva\/\" target=\"_self\" rel=\"noopener\">\n\t\t\t\t\t\t\tHow to get there? &gt;\n\t\t\t\t\t<\/a>\n<h2>\n\t\tRecommendations\n\t<\/h2>\n\t<ol>\n<li class=\"translation-block\">Arrive <strong>20 minutes early<\/strong> before the start time of the visit.<\/li>\n<li class=\"translation-block\">Wear <strong>comfortable footwear<\/strong>. The visit lasts for 2 hours.<\/li>\n<li>In summer, remember to use\u00a0<strong>sunscreen and bring a bottle of water<\/strong>.<\/li>\n<\/ol>\n<h2>\n\t\tItinerary\n\t<\/h2>\n\t<ul>\n<li>Cathedral<\/li>\n<li>Royal Chapel<\/li>\n<li>Alcaicer\u00eda<\/li>\n<\/ul>\n\t<p>With this visit you will get to know the figure of the Catholic Monarchs, where their mortal remains rest, the Cathedral, a key piece of the Purist Art of the Peninsula and the Christian part of the city. You will understand why Isabella and Ferdinand played an important role in the Christianization of the city and in the transformation of Granada towards modernity.<\/p>\n<h2>\n\t\tTambi\u00e9n puedes reservar nuestras otras visitas guiadas&#8230;\n\t<\/h2>\n\t<section>\n            <img decoding=\"async\" loading=\"lazy\" src=\"https:\/\/walkingranada.com\/wp-content\/uploads\/2023\/01\/Jardines-card-walkin.webp\" width=\"100%\" alt=\"Private Tour of the Alhambra\"\/>\n                <h3>Private Tour of the Alhambra<\/h3>\n                <hr \/>\n                <p>If you want to visit the Alhambra with a guide dedicated only to you and your family and\/or friends.<\/p>\n                <hr \/>\n                    <p> Every day<\/p>\n                    <p> Site hours<\/p>\n                    <p> 3h<\/p>\n                    From\n                    <p>40\u20ac<\/p>\/pax\n            <a href=\"https:\/\/walkingranada.com\/en\/alhambra\/private-tour\/\">Book &gt;<\/a>\n            <img decoding=\"async\" loading=\"lazy\" src=\"https:\/\/walkingranada.com\/wp-content\/uploads\/2023\/01\/Alhambra-card-walkin.webp\" width=\"100%\" alt=\"Visita con entrada a la alhambra y generalife\"\/>\n                <h3>Guided tour with Alhambra &amp; Generalife ticket<\/h3>\n                <hr \/>\n                <p>Enter the palatine city of the Alhambra and its impressive gardens.<\/p>\n                <hr \/>\n                    <p> Every day<\/p>\n                    <p> Site hours<\/p>\n                    <p> 3h<\/p>\n                    From\n                    <p>49\u20ac<\/p>\/pax\n            <a href=\"https:\/\/walkingranada.com\/en\/alhambra\/guided-tour-with-alhambra-ticket\/\">Book &gt;<\/a>\n        <img decoding=\"async\" loading=\"lazy\" src=\"https:\/\/walkingranada.com\/wp-content\/uploads\/2023\/01\/visita-albaicin-card.webp\" width=\"100%\" alt=\"Visita guiada al albaic\u00edn\"\/>\n            <h3>Guided tour of the <br \/>Albaicin<\/h3>\n            <hr \/>\n            <p>Discover the old Muslim quarter of the city of Granada with this special tour. UNESCO World Heritage place.<\/p>\n            <hr \/>\n                <p> Every day<\/p>\n                <p> Ask us<\/p>\n                <p> 2,5h<\/p>\n                    From\n                    <p>8\u20ac<\/p>\/pax\n        <a href=\"https:\/\/walkingranada.com\/en\/guided-tours\/albaicin\/\">Book &gt;<\/a>\n        <img decoding=\"async\" loading=\"lazy\" src=\"https:\/\/walkingranada.com\/wp-content\/uploads\/2023\/01\/Card-Sacromonte.webp\" width=\"100%\" alt=\"Visita guiada al sacromonte\"\/>\n            <h3>Guided tour of the Sacromonte<\/h3>\n            <hr \/>\n            Get to know the neighborhood with the most goblins in Granada. This is a tour for photography lovers.\n            <hr \/>\n                <p> Every day<\/p>\n                <p> Ask us<\/p>\n                <p> 2,5h<\/p>\n                    From\n                    <p>8\u20ac<\/p>\/pax\n        <a href=\"https:\/\/walkingranada.com\/en\/guided-tours\/sacromonte\/\">Book &gt;<\/a>\n<\/section>\n<h2>\n\t\tTambi\u00e9n puedes reservar nuestros otros servicios&#8230;\n\t<\/h2>\n\t<a href=\"https:\/\/walkingranada.com\/en\/what-to-do-in-granada\/flamenco\/\" target=\"_self\" rel=\"noopener\"><\/a>\t\t\t<img decoding=\"async\" loading=\"lazy\" alt=\"bailaora flamenca\" src=\"https:\/\/walkingranada.com\/wp-content\/uploads\/2022\/10\/Rectangle-42.png\"\/>\n\t\t<h3>Flamenco<\/h3>\n\t<a href=\"https:\/\/walkingranada.com\/en\/what-to-do-in-granada\/hammam-al-andalus\/\" target=\"_self\" rel=\"noopener\"><\/a>\t\t\t<img decoding=\"async\" loading=\"lazy\" alt=\"ba\u00f1os \u00e1rabes\" src=\"https:\/\/walkingranada.com\/wp-content\/uploads\/2022\/10\/Rectangle-43.png\"\/>\n\t\t<h3>Hammam <br \/>Al-\u00e1ndalus<\/h3>\n\t<a href=\"https:\/\/walkingranada.com\/en\/what-to-do-in-granada\/day-trips\/\" target=\"_self\" rel=\"noopener\"><\/a>\t\t\t<img decoding=\"async\" loading=\"lazy\" alt=\"mezquita de c\u00f3rdoba\" src=\"https:\/\/walkingranada.com\/wp-content\/uploads\/2022\/10\/Rectangle-45.png\"\/>\n\t\t<h3>Day <br \/>trips<\/h3>\n\t<a href=\"https:\/\/walkingranada.com\/en\/what-to-do-in-granada\/olfactory-route\/\" target=\"_self\" rel=\"noopener\"><\/a>\t\t\t<img decoding=\"async\" loading=\"lazy\" alt=\"imagen de una chica joven\" src=\"https:\/\/walkingranada.com\/wp-content\/uploads\/2022\/10\/Rectangle-38.png\"\/>\n\t\t<h3>Olfactory route<\/h3>","protected":false},"excerpt":{"rendered":"<p>Visita EN GRUPO &gt;\u00a0 CAPILLA REAL Y CATEDRAL VISITA EN GRUPO CAPILLA REAL Y CATEDRAL Plaza Villamena 5, local 1-2 Tienda \u00c1bside Dificultad baja Monumentos Accesibilidad limitada Todos los d\u00edas 10:00 2 horas Desde 33\u20ac\/adulto Desde 10\u20ac\/Ni\u00f1os menores de 12 a\u00f1os CASTELLANO, INGL\u00c9S, FRANC\u00c9S Descubre los dos edificios emblem\u00e1ticos de los Reyes Cat\u00f3licos La Catedral &#8230; <a title=\"Group Tour Royal Chapel &amp; Cathedral\" class=\"read-more\" href=\"https:\/\/walkingranada.com\/en\/visitas-guiadas\/catedral-capilla-real-grupo\/\" aria-label=\"Read more about Capilla Real y Catedral en Grupo\">Read more<\/a><\/p>","protected":false},"author":2,"featured_media":2542,"parent":94,"menu_order":0,"comment_status":"closed","ping_status":"closed","template":"","meta":{"footnotes":""},"class_list":["post-4142","page","type-page","status-publish","has-post-thumbnail"],"yoast_head":"<!-- This site is optimized with the Yoast SEO plugin v27.4 - https:\/\/yoast.com\/product\/yoast-seo-wordpress\/ -->\n<title>Visita Guiada Capilla Real y Catedral en Grupo - Walk in Granada<\/title>\n<meta name=\"description\" content=\"Visita la Capilla Real y la Catedral de Granada en grupo y descubre los dos s\u00edmbolos de los Reyes Cat\u00f3licos tras la conquista de la ciudad.\" \/>\n<meta name=\"robots\" content=\"index, follow, max-snippet:-1, max-image-preview:large, max-video-preview:-1\" \/>\n<link rel=\"canonical\" href=\"https:\/\/walkingranada.com\/en\/guided-tours\/group-cathedral-royal-chapel\/\" \/>\n<meta property=\"og:locale\" content=\"en_GB\" \/>\n<meta property=\"og:type\" content=\"article\" \/>\n<meta property=\"og:title\" content=\"Visita Guiada Capilla Real y Catedral en Grupo - Walk in Granada\" \/>\n<meta property=\"og:description\" content=\"Visita la Capilla Real y la Catedral de Granada en grupo y descubre los dos s\u00edmbolos de los Reyes Cat\u00f3licos tras la conquista de la ciudad.\" \/>\n<meta property=\"og:url\" content=\"https:\/\/walkingranada.com\/en\/guided-tours\/group-cathedral-royal-chapel\/\" \/>\n<meta property=\"og:site_name\" content=\"Walk in Granada\" \/>\n<meta property=\"article:publisher\" content=\"https:\/\/es-es.facebook.com\/walkingranadatour\/\" \/>\n<meta property=\"article:modified_time\" content=\"2024-11-11T16:21:43+00:00\" \/>\n<meta property=\"og:image\" content=\"https:\/\/walkingranada.com\/wp-content\/uploads\/2023\/01\/Capilla-Real.webp\" \/>\n\t<meta property=\"og:image:width\" content=\"305\" \/>\n\t<meta property=\"og:image:height\" content=\"305\" \/>\n\t<meta property=\"og:image:type\" content=\"image\/webp\" \/>\n<meta name=\"twitter:card\" content=\"summary_large_image\" \/>\n<meta name=\"twitter:site\" content=\"@walkingranada\" \/>\n<meta name=\"twitter:label1\" content=\"Estimated reading time\" \/>\n\t<meta name=\"twitter:data1\" content=\"8 minutes\" \/>\n<script type=\"application\/ld+json\" class=\"yoast-schema-graph\">{\"@context\":\"https:\\\/\\\/schema.org\",\"@graph\":[{\"@type\":\"WebPage\",\"@id\":\"https:\\\/\\\/walkingranada.com\\\/visitas-guiadas\\\/catedral-capilla-real-grupo\\\/\",\"url\":\"https:\\\/\\\/walkingranada.com\\\/visitas-guiadas\\\/catedral-capilla-real-grupo\\\/\",\"name\":\"Visita Guiada Capilla Real y Catedral en Grupo - Walk in Granada\",\"isPartOf\":{\"@id\":\"https:\\\/\\\/walkingranada.com\\\/#website\"},\"primaryImageOfPage\":{\"@id\":\"https:\\\/\\\/walkingranada.com\\\/visitas-guiadas\\\/catedral-capilla-real-grupo\\\/#primaryimage\"},\"image\":{\"@id\":\"https:\\\/\\\/walkingranada.com\\\/visitas-guiadas\\\/catedral-capilla-real-grupo\\\/#primaryimage\"},\"thumbnailUrl\":\"https:\\\/\\\/walkingranada.com\\\/wp-content\\\/uploads\\\/2023\\\/01\\\/Capilla-Real.webp\",\"datePublished\":\"2023-05-18T10:38:41+00:00\",\"dateModified\":\"2024-11-11T16:21:43+00:00\",\"description\":\"Visita la Capilla Real y la Catedral de Granada en grupo y descubre los dos s\u00edmbolos de los Reyes Cat\u00f3licos tras la conquista de la ciudad.\",\"breadcrumb\":{\"@id\":\"https:\\\/\\\/walkingranada.com\\\/visitas-guiadas\\\/catedral-capilla-real-grupo\\\/#breadcrumb\"},\"inLanguage\":\"en-GB\",\"potentialAction\":[{\"@type\":\"ReadAction\",\"target\":[\"https:\\\/\\\/walkingranada.com\\\/visitas-guiadas\\\/catedral-capilla-real-grupo\\\/\"]}]},{\"@type\":\"ImageObject\",\"inLanguage\":\"en-GB\",\"@id\":\"https:\\\/\\\/walkingranada.com\\\/visitas-guiadas\\\/catedral-capilla-real-grupo\\\/#primaryimage\",\"url\":\"https:\\\/\\\/walkingranada.com\\\/wp-content\\\/uploads\\\/2023\\\/01\\\/Capilla-Real.webp\",\"contentUrl\":\"https:\\\/\\\/walkingranada.com\\\/wp-content\\\/uploads\\\/2023\\\/01\\\/Capilla-Real.webp\",\"width\":305,\"height\":305,\"caption\":\"Capilla Real\"},{\"@type\":\"BreadcrumbList\",\"@id\":\"https:\\\/\\\/walkingranada.com\\\/visitas-guiadas\\\/catedral-capilla-real-grupo\\\/#breadcrumb\",\"itemListElement\":[{\"@type\":\"ListItem\",\"position\":1,\"name\":\"Portada\",\"item\":\"https:\\\/\\\/walkingranada.com\\\/\"},{\"@type\":\"ListItem\",\"position\":2,\"name\":\"Visitas guiadas\",\"item\":\"https:\\\/\\\/walkingranada.com\\\/visitas-guiadas\\\/\"},{\"@type\":\"ListItem\",\"position\":3,\"name\":\"Capilla Real y Catedral en Grupo\"}]},{\"@type\":\"WebSite\",\"@id\":\"https:\\\/\\\/walkingranada.com\\\/#website\",\"url\":\"https:\\\/\\\/walkingranada.com\\\/\",\"name\":\"Walk in Granada\",\"description\":\"Turismo responsable\",\"publisher\":{\"@id\":\"https:\\\/\\\/walkingranada.com\\\/#organization\"},\"alternateName\":\"Walk in Granada\",\"potentialAction\":[{\"@type\":\"SearchAction\",\"target\":{\"@type\":\"EntryPoint\",\"urlTemplate\":\"https:\\\/\\\/walkingranada.com\\\/?s={search_term_string}\"},\"query-input\":{\"@type\":\"PropertyValueSpecification\",\"valueRequired\":true,\"valueName\":\"search_term_string\"}}],\"inLanguage\":\"en-GB\"},{\"@type\":\"Organization\",\"@id\":\"https:\\\/\\\/walkingranada.com\\\/#organization\",\"name\":\"Walk In Granada\",\"alternateName\":\"Walk In Granada\",\"url\":\"https:\\\/\\\/walkingranada.com\\\/\",\"logo\":{\"@type\":\"ImageObject\",\"inLanguage\":\"en-GB\",\"@id\":\"https:\\\/\\\/walkingranada.com\\\/#\\\/schema\\\/logo\\\/image\\\/\",\"url\":\"https:\\\/\\\/walkingranada.com\\\/wp-content\\\/uploads\\\/2022\\\/12\\\/Logo-Walking.webp\",\"contentUrl\":\"https:\\\/\\\/walkingranada.com\\\/wp-content\\\/uploads\\\/2022\\\/12\\\/Logo-Walking.webp\",\"width\":512,\"height\":512,\"caption\":\"Walk In Granada\"},\"image\":{\"@id\":\"https:\\\/\\\/walkingranada.com\\\/#\\\/schema\\\/logo\\\/image\\\/\"},\"sameAs\":[\"https:\\\/\\\/es-es.facebook.com\\\/walkingranadatour\\\/\",\"https:\\\/\\\/x.com\\\/walkingranada\",\"https:\\\/\\\/www.instagram.com\\\/walkingranada\\\/\"]}]}<\/script>\n<!-- \/ Yoast SEO plugin. -->","yoast_head_json":{"title":"Royal Chapel &amp; Cathedral group tour - Walk in Granada","description":"Visit the Royal Chapel and the Cathedral of Granada in group and discover the two icons of the Catholic Monarchs.","robots":{"index":"index","follow":"follow","max-snippet":"max-snippet:-1","max-image-preview":"max-image-preview:large","max-video-preview":"max-video-preview:-1"},"canonical":"https:\/\/walkingranada.com\/en\/guided-tours\/group-cathedral-royal-chapel\/","og_locale":"en_GB","og_type":"article","og_title":"Visita Guiada Capilla Real y Catedral en Grupo - Walk in Granada","og_description":"Visita la Capilla Real y la Catedral de Granada en grupo y descubre los dos s\u00edmbolos de los Reyes Cat\u00f3licos tras la conquista de la ciudad.","og_url":"https:\/\/walkingranada.com\/en\/guided-tours\/group-cathedral-royal-chapel\/","og_site_name":"Walk in Granada","article_publisher":"https:\/\/es-es.facebook.com\/walkingranadatour\/","article_modified_time":"2024-11-11T16:21:43+00:00","og_image":[{"width":305,"height":305,"url":"https:\/\/walkingranada.com\/wp-content\/uploads\/2023\/01\/Capilla-Real.webp","type":"image\/webp"}],"twitter_card":"summary_large_image","twitter_site":"@walkingranada","twitter_misc":{"Estimated reading time":"8 minutes"},"schema":{"@context":"https:\/\/schema.org","@graph":[{"@type":"WebPage","@id":"https:\/\/walkingranada.com\/visitas-guiadas\/catedral-capilla-real-grupo\/","url":"https:\/\/walkingranada.com\/visitas-guiadas\/catedral-capilla-real-grupo\/","name":"Royal Chapel &amp; Cathedral group tour - Walk in Granada","isPartOf":{"@id":"https:\/\/walkingranada.com\/#website"},"primaryImageOfPage":{"@id":"https:\/\/walkingranada.com\/visitas-guiadas\/catedral-capilla-real-grupo\/#primaryimage"},"image":{"@id":"https:\/\/walkingranada.com\/visitas-guiadas\/catedral-capilla-real-grupo\/#primaryimage"},"thumbnailUrl":"https:\/\/walkingranada.com\/wp-content\/uploads\/2023\/01\/Capilla-Real.webp","datePublished":"2023-05-18T10:38:41+00:00","dateModified":"2024-11-11T16:21:43+00:00","description":"Visit the Royal Chapel and the Cathedral of Granada in group and discover the two icons of the Catholic Monarchs.","breadcrumb":{"@id":"https:\/\/walkingranada.com\/visitas-guiadas\/catedral-capilla-real-grupo\/#breadcrumb"},"inLanguage":"en-GB","potentialAction":[{"@type":"ReadAction","target":["https:\/\/walkingranada.com\/visitas-guiadas\/catedral-capilla-real-grupo\/"]}]},{"@type":"ImageObject","inLanguage":"en-GB","@id":"https:\/\/walkingranada.com\/visitas-guiadas\/catedral-capilla-real-grupo\/#primaryimage","url":"https:\/\/walkingranada.com\/wp-content\/uploads\/2023\/01\/Capilla-Real.webp","contentUrl":"https:\/\/walkingranada.com\/wp-content\/uploads\/2023\/01\/Capilla-Real.webp","width":305,"height":305,"caption":"Capilla Real"},{"@type":"BreadcrumbList","@id":"https:\/\/walkingranada.com\/visitas-guiadas\/catedral-capilla-real-grupo\/#breadcrumb","itemListElement":[{"@type":"ListItem","position":1,"name":"Portada","item":"https:\/\/walkingranada.com\/"},{"@type":"ListItem","position":2,"name":"Visitas guiadas","item":"https:\/\/walkingranada.com\/visitas-guiadas\/"},{"@type":"ListItem","position":3,"name":"Capilla Real y Catedral en Grupo"}]},{"@type":"WebSite","@id":"https:\/\/walkingranada.com\/#website","url":"https:\/\/walkingranada.com\/","name":"Walk in Granada","description":"Turismo responsable","publisher":{"@id":"https:\/\/walkingranada.com\/#organization"},"alternateName":"Walk in Granada","potentialAction":[{"@type":"SearchAction","target":{"@type":"EntryPoint","urlTemplate":"https:\/\/walkingranada.com\/?s={search_term_string}"},"query-input":{"@type":"PropertyValueSpecification","valueRequired":true,"valueName":"search_term_string"}}],"inLanguage":"en-GB"},{"@type":"Organization","@id":"https:\/\/walkingranada.com\/#organization","name":"Walk In Granada","alternateName":"Walk In Granada","url":"https:\/\/walkingranada.com\/","logo":{"@type":"ImageObject","inLanguage":"en-GB","@id":"https:\/\/walkingranada.com\/#\/schema\/logo\/image\/","url":"https:\/\/walkingranada.com\/wp-content\/uploads\/2022\/12\/Logo-Walking.webp","contentUrl":"https:\/\/walkingranada.com\/wp-content\/uploads\/2022\/12\/Logo-Walking.webp","width":512,"height":512,"caption":"Walk In Granada"},"image":{"@id":"https:\/\/walkingranada.com\/#\/schema\/logo\/image\/"},"sameAs":["https:\/\/es-es.facebook.com\/walkingranadatour\/","https:\/\/x.com\/walkingranada","https:\/\/www.instagram.com\/walkingranada\/"]}]}},"_links":{"self":[{"href":"https:\/\/walkingranada.com\/en\/wp-json\/wp\/v2\/pages\/4142","targetHints":{"allow":["GET"]}}],"collection":[{"href":"https:\/\/walkingranada.com\/en\/wp-json\/wp\/v2\/pages"}],"about":[{"href":"https:\/\/walkingranada.com\/en\/wp-json\/wp\/v2\/types\/page"}],"author":[{"embeddable":true,"href":"https:\/\/walkingranada.com\/en\/wp-json\/wp\/v2\/users\/2"}],"replies":[{"embeddable":true,"href":"https:\/\/walkingranada.com\/en\/wp-json\/wp\/v2\/comments?post=4142"}],"version-history":[{"count":4,"href":"https:\/\/walkingranada.com\/en\/wp-json\/wp\/v2\/pages\/4142\/revisions"}],"predecessor-version":[{"id":5234,"href":"https:\/\/walkingranada.com\/en\/wp-json\/wp\/v2\/pages\/4142\/revisions\/5234"}],"up":[{"embeddable":true,"href":"https:\/\/walkingranada.com\/en\/wp-json\/wp\/v2\/pages\/94"}],"wp:featuredmedia":[{"embeddable":true,"href":"https:\/\/walkingranada.com\/en\/wp-json\/wp\/v2\/media\/2542"}],"wp:attachment":[{"href":"https:\/\/walkingranada.com\/en\/wp-json\/wp\/v2\/media?parent=4142"}],"curies":[{"name":"wp","href":"https:\/\/api.w.org\/{rel}","templated":true}]}}