{"id":4131,"date":"2023-05-09T09:18:01","date_gmt":"2023-05-09T09:18:01","guid":{"rendered":"https:\/\/walkingranada.com\/?page_id=4131"},"modified":"2025-04-21T11:44:38","modified_gmt":"2025-04-21T11:44:38","slug":"premium-group-guided-tour","status":"publish","type":"page","link":"https:\/\/walkingranada.com\/en\/alhambra\/visita-guiada-alhambra-premium\/","title":{"rendered":"Visita Guiada de la Alhambra en Grupo. Premium"},"content":{"rendered":"<p>ALHAMBRA &gt; PREMIUM GUIDED VISIT<\/p>\n\t\n\n\n\n\t\n<h1>\n\t\tPREMIUM GROUP GUIDED TOUR WITH TICKETS TO ALHAMBRA AND GENERALIFE\n\t<\/h1>\n        <a href=\"#encuentro\">\n            <img decoding=\"async\" loading=\"lazy\" src=\"https:\/\/walkingranada.com\/wp-content\/uploads\/2022\/10\/fi-rr-marker.png\" alt=\"Paseo de la Sabica 1\"\/>\n            <p>Paseo de la Sabica 1 <img decoding=\"async\" loading=\"lazy\" src=\"https:\/\/walkingranada.com\/wp-content\/uploads\/2022\/10\/\ud83e\udd86-icon-_Info-Circle_.png\" alt=\"informaci\u00f3n\"\/><\/p>\n        <\/a>\n        <img decoding=\"async\" loading=\"lazy\" src=\"https:\/\/walkingranada.com\/wp-content\/uploads\/2022\/12\/encuentro_icon.png\" alt=\"Recepci\u00f3n de visitantes\"\/>\n        <p>Recepci\u00f3n de visitantes<\/p>\n        <img decoding=\"async\" loading=\"lazy\" src=\"https:\/\/walkingranada.com\/wp-content\/uploads\/2024\/03\/Entradas.png\" alt=\"Entrance included\" width=\"60px\" height=\"60px\"\/>\n        <p>Entrance included<\/p>\n        <img decoding=\"async\" loading=\"lazy\" src=\"https:\/\/walkingranada.com\/wp-content\/uploads\/2023\/06\/visita-en-grupo.webp\" alt=\"Group of up to 14 people\"\/>\n        <p>Group of up to 14 people<\/p>\n        <img decoding=\"async\" loading=\"lazy\" src=\"https:\/\/walkingranada.com\/wp-content\/uploads\/2022\/12\/accesibilidad_.png\" alt=\"Limited accessibility\"\/>\n        <p>Limited accessibility<\/p>\n        <img decoding=\"async\" loading=\"lazy\" src=\"https:\/\/walkingranada.com\/wp-content\/uploads\/2022\/10\/fi-rr-calendar.png\" alt=\"Every day\"\/>\n        <p>Every day<\/p>\n        <img decoding=\"async\" loading=\"lazy\" src=\"https:\/\/walkingranada.com\/wp-content\/uploads\/2022\/10\/fi-rr-clock.png\" alt=\"According to availability\"\/>\n        <p>According to availability<\/p>\n        <img decoding=\"async\" loading=\"lazy\" src=\"https:\/\/walkingranada.com\/wp-content\/uploads\/2022\/10\/fi-rr-alarm-clock.png\" alt=\"3 hours\"\/>\n        <p>3 hours<\/p>\n        <img decoding=\"async\" loading=\"lazy\" src=\"https:\/\/walkingranada.com\/wp-content\/uploads\/2022\/10\/fi-rr-receipt.png\" alt=\"From 52\u20ac\/pax\"\/>\n        <p>From 52\u20ac\/pax<\/p>\n        <img decoding=\"async\" loading=\"lazy\" src=\"https:\/\/walkingranada.com\/wp-content\/uploads\/2022\/10\/fi-rr-comments.png\" alt=\"Spanish \/ English\"\/>\n        <p>Spanish, English, French<\/p>\n<h2>\n\t\tDiscover the secrets and mysteries of the red fortress!\n\t<\/h2>\n\t<p class=\"translation-block\">In this Premium Guided Alhambra Tour, with a group of up to <strong>14 people<\/strong>, you will explore, guided by an official guide, the evolution of this palatial city from the time of the Nasrids to the present day.<\/p>\n\t<p>The guided tour will be conducted in English.<\/p>\n\t<p>Important before booking:<\/p>\n<ul>\n<li>This service is provided by a third party.<\/li>\n<li>On rare occasions, the number of people in the group may exceed the specified amount.<\/li>\n<\/ul>\n<h2>\n\t\tMeeting point\n\t<\/h2>\n\t\t\t\t<img decoding=\"async\" loading=\"lazy\" src=\"https:\/\/walkingranada.com\/wp-content\/uploads\/2025\/03\/Punto-de-encuentro-Alhambra-AGOG.jpg.webp\" alt=\"\" itemprop=\"image\" height=\"660\" width=\"682\" onerror=\"this.style.display='none'\"  \/>\n<h3>\n\t\tRecepci\u00f3n de visitantes (Paseo de la Sabica 1, 18009, Granada)&nbsp;\n\t<\/h3>\n\t<p>Do you need directions to get there?<\/p>\n\t\t\t<a href=\"#reserva\" target=\"_self\">\n\t\t\t\t\t\t\tBook &gt;\n\t\t\t\t\t<\/a>\n\t\t\t<a href=\"https:\/\/maps.app.goo.gl\/4VLJkwzxjQpBSofu8\" target=\"_blank\" rel=\"noopener\">\n\t\t\t\t\t\t\tHow to get there? &gt;\n\t\t\t\t\t<\/a>\n<h2>\n\t\tRecommendations\n\t<\/h2>\n\t<ol>\n<li>It is&nbsp;<strong>MANDATORY<\/strong>&nbsp;to present&nbsp;<strong>original and valid ID or passport<\/strong>&nbsp;to access the monument.<\/li>\n<li>It is not allowed to enter with backpacks or bags that exceed the size of 40\u00d740 cm.<\/li>\n<li class=\"translation-block\">Arrive <strong>20 minutes early<\/strong> before the start time of the visit.<\/li>\n<li>Wear&nbsp;<strong>comfortable shoes<\/strong>. The visit lasts 3 hours.<\/li>\n<\/ol>\n<h2>\n\t\tItinerary\n\t<\/h2>\n\t<ul>\n<li>Nasrid Palaces<\/li>\n<li>Mexuar<\/li>\n<li>Comares<\/li>\n<li>Patio de los Arrayanes<\/li>\n<li>Palace of the Lions<\/li>\n<li>Alcazaba<\/li>\n<li>Palace of Charles V<\/li>\n<li>Generalife and gardens<\/li>\n<\/ul>\n<h2>\n\t\tM\u00e1s informaci\u00f3n sobre la Visita Guiada Alhambra Premium\n\t<\/h2>\n\t<p class=\"translation-block\">The Alhambra is one of the most visited places in the world. Undoubtedly, its exterior beauty is one of the main reasons to visit it, but inside it contains many more attractions. The monument is much more than a palatial city: it is one of the main symbols of the city of Granada and one of the few artistic legacies of the Nasrids that has survived to the present day. Through this visit the traveller is transported to another era, where art, history, and culture are mixed in equal parts and where the best kept secrets of this place are revealed to us. We can say that this is our best tour. On the tour you will discover how sultans, emirs, craftsmen, servants, kings, and queens lived inside the Alhambra, as well as endless anecdotes and legends. We will visit its numerous rooms, gardens, orchards, towers and fountains, accompanied by an official guide who will enlighten us with a fun and informative vision of the Nasrid monument. A journey through history in which you will feel as if you were one of the citizens of the monumental complex.<\/p>\n<h3>\n\t\tPara consultar nuestra disponibilidad para Visita Guiada Alhambra Premium, comprueba nuestro calendario, \u00a1No te lo pierdas!\n\t<\/h3>\n<h2>\n\t\tTambi\u00e9n puedes reservar nuestras otras visitas a la Alhambra&#8230;\n\t<\/h2>\n<h2>\n\t\tTambi\u00e9n puedes reservar nuestros otros servicios&#8230;\n\t<\/h2>\n\t<a href=\"https:\/\/walkingranada.com\/en\/what-to-do-in-granada\/flamenco\/\" target=\"_self\"><\/a>\t\t\t<img decoding=\"async\" loading=\"lazy\" alt=\"bailaora flamenca\" src=\"https:\/\/walkingranada.com\/wp-content\/uploads\/2022\/10\/Rectangle-42.png\"\/>\n\t\t<h3>Flamenco<\/h3>\n\t<a href=\"https:\/\/walkingranada.com\/en\/what-to-do-in-granada\/hammam-al-andalus\/\" target=\"_self\"><\/a>\t\t\t<img decoding=\"async\" loading=\"lazy\" alt=\"ba\u00f1os \u00e1rabes\" src=\"https:\/\/walkingranada.com\/wp-content\/uploads\/2022\/10\/Rectangle-43.png\"\/>\n\t\t<h3>Hammam <br \/>Al-\u00e1ndalus<\/h3>\n\t<a href=\"https:\/\/walkingranada.com\/en\/what-to-do-in-granada\/day-trips\/\" target=\"_self\"><\/a>\t\t\t<img decoding=\"async\" loading=\"lazy\" alt=\"mezquita de c\u00f3rdoba\" src=\"https:\/\/walkingranada.com\/wp-content\/uploads\/2022\/10\/Rectangle-45.png\"\/>\n\t\t<h3>Day <br \/>trips<\/h3>\n\t<a href=\"https:\/\/walkingranada.com\/en\/what-to-do-in-granada\/olfactory-route\/\" target=\"_self\"><\/a>\t\t\t<img decoding=\"async\" loading=\"lazy\" alt=\"imagen de una chica joven\" src=\"https:\/\/walkingranada.com\/wp-content\/uploads\/2022\/10\/Rectangle-38.png\"\/>\n\t\t<h3>Olfactory route<\/h3>","protected":false},"excerpt":{"rendered":"<p>ALHAMBRA &gt; VISITA GUIADA ALHAMBRA PREMIUM VISITA GUIADA CON ENTRADA A LA ALHAMBRA Y GENERALIFE EN GRUPO PREMIUM Paseo de la Sabica 1 Recepci\u00f3n de visitantes Entrada incluida Grupo de hasta 14 personas Accesibilidad limitada Todos los d\u00edas Seg\u00fan disponibilidad 3 horas Desde 52\u20ac\/pax Castellano, ingl\u00e9s, franc\u00e9s \u00a1Conoce los secretos y misterios de la fortaleza &#8230; <a title=\"Visita Guiada de la Alhambra en Grupo. Premium\" class=\"read-more\" href=\"https:\/\/walkingranada.com\/en\/alhambra\/visita-guiada-alhambra-premium\/\" aria-label=\"Read more about Visita Guiada de la Alhambra en Grupo. Premium\">Read more<\/a><\/p>","protected":false},"author":2,"featured_media":2279,"parent":88,"menu_order":0,"comment_status":"closed","ping_status":"closed","template":"","meta":{"footnotes":""},"class_list":["post-4131","page","type-page","status-publish","has-post-thumbnail"],"yoast_head":"<!-- This site is optimized with the Yoast SEO plugin v27.4 - https:\/\/yoast.com\/product\/yoast-seo-wordpress\/ -->\n<title>Visita guiada Alhambra Premium - Walk in Granada<\/title>\n<meta name=\"description\" content=\"\u00danete a nuestra Visita Guiada Alhambra Premium con un gu\u00eda oficial y descubre la evoluci\u00f3n de este complejo monumental. \u00a1Reserva ya!\" \/>\n<meta name=\"robots\" content=\"index, follow, max-snippet:-1, max-image-preview:large, max-video-preview:-1\" \/>\n<link rel=\"canonical\" href=\"https:\/\/walkingranada.com\/en\/alhambra\/premium-group-guided-tour\/\" \/>\n<meta property=\"og:locale\" content=\"en_GB\" \/>\n<meta property=\"og:type\" content=\"article\" \/>\n<meta property=\"og:title\" content=\"Visita guiada Alhambra Premium - Walk in Granada\" \/>\n<meta property=\"og:description\" content=\"\u00danete a nuestra Visita Guiada Alhambra Premium con un gu\u00eda oficial y descubre la evoluci\u00f3n de este complejo monumental. \u00a1Reserva ya!\" \/>\n<meta property=\"og:url\" content=\"https:\/\/walkingranada.com\/en\/alhambra\/premium-group-guided-tour\/\" \/>\n<meta property=\"og:site_name\" content=\"Walk in Granada\" \/>\n<meta property=\"article:publisher\" content=\"https:\/\/es-es.facebook.com\/walkingranadatour\/\" \/>\n<meta property=\"article:modified_time\" content=\"2025-04-21T11:44:38+00:00\" \/>\n<meta property=\"og:image\" content=\"https:\/\/walkingranada.com\/wp-content\/uploads\/2023\/01\/Alhambra-Detail.webp\" \/>\n\t<meta property=\"og:image:width\" content=\"305\" \/>\n\t<meta property=\"og:image:height\" content=\"305\" \/>\n\t<meta property=\"og:image:type\" content=\"image\/webp\" \/>\n<meta name=\"twitter:card\" content=\"summary_large_image\" \/>\n<meta name=\"twitter:site\" content=\"@walkingranada\" \/>\n<meta name=\"twitter:label1\" content=\"Estimated reading time\" \/>\n\t<meta name=\"twitter:data1\" content=\"8 minutes\" \/>\n<script type=\"application\/ld+json\" class=\"yoast-schema-graph\">{\"@context\":\"https:\\\/\\\/schema.org\",\"@graph\":[{\"@type\":\"WebPage\",\"@id\":\"https:\\\/\\\/walkingranada.com\\\/alhambra\\\/visita-guiada-alhambra-premium\\\/\",\"url\":\"https:\\\/\\\/walkingranada.com\\\/alhambra\\\/visita-guiada-alhambra-premium\\\/\",\"name\":\"Visita guiada Alhambra Premium - Walk in Granada\",\"isPartOf\":{\"@id\":\"https:\\\/\\\/walkingranada.com\\\/#website\"},\"primaryImageOfPage\":{\"@id\":\"https:\\\/\\\/walkingranada.com\\\/alhambra\\\/visita-guiada-alhambra-premium\\\/#primaryimage\"},\"image\":{\"@id\":\"https:\\\/\\\/walkingranada.com\\\/alhambra\\\/visita-guiada-alhambra-premium\\\/#primaryimage\"},\"thumbnailUrl\":\"https:\\\/\\\/walkingranada.com\\\/wp-content\\\/uploads\\\/2023\\\/01\\\/Alhambra-Detail.webp\",\"datePublished\":\"2023-05-09T09:18:01+00:00\",\"dateModified\":\"2025-04-21T11:44:38+00:00\",\"description\":\"\u00danete a nuestra Visita Guiada Alhambra Premium con un gu\u00eda oficial y descubre la evoluci\u00f3n de este complejo monumental. \u00a1Reserva ya!\",\"breadcrumb\":{\"@id\":\"https:\\\/\\\/walkingranada.com\\\/alhambra\\\/visita-guiada-alhambra-premium\\\/#breadcrumb\"},\"inLanguage\":\"en-GB\",\"potentialAction\":[{\"@type\":\"ReadAction\",\"target\":[\"https:\\\/\\\/walkingranada.com\\\/alhambra\\\/visita-guiada-alhambra-premium\\\/\"]}]},{\"@type\":\"ImageObject\",\"inLanguage\":\"en-GB\",\"@id\":\"https:\\\/\\\/walkingranada.com\\\/alhambra\\\/visita-guiada-alhambra-premium\\\/#primaryimage\",\"url\":\"https:\\\/\\\/walkingranada.com\\\/wp-content\\\/uploads\\\/2023\\\/01\\\/Alhambra-Detail.webp\",\"contentUrl\":\"https:\\\/\\\/walkingranada.com\\\/wp-content\\\/uploads\\\/2023\\\/01\\\/Alhambra-Detail.webp\",\"width\":305,\"height\":305,\"caption\":\"Alhambra\"},{\"@type\":\"BreadcrumbList\",\"@id\":\"https:\\\/\\\/walkingranada.com\\\/alhambra\\\/visita-guiada-alhambra-premium\\\/#breadcrumb\",\"itemListElement\":[{\"@type\":\"ListItem\",\"position\":1,\"name\":\"Portada\",\"item\":\"https:\\\/\\\/walkingranada.com\\\/\"},{\"@type\":\"ListItem\",\"position\":2,\"name\":\"Alhambra\",\"item\":\"https:\\\/\\\/walkingranada.com\\\/alhambra\\\/\"},{\"@type\":\"ListItem\",\"position\":3,\"name\":\"Visita Guiada de la Alhambra en Grupo. Premium\"}]},{\"@type\":\"WebSite\",\"@id\":\"https:\\\/\\\/walkingranada.com\\\/#website\",\"url\":\"https:\\\/\\\/walkingranada.com\\\/\",\"name\":\"Walk in Granada\",\"description\":\"Turismo responsable\",\"publisher\":{\"@id\":\"https:\\\/\\\/walkingranada.com\\\/#organization\"},\"alternateName\":\"Walk in Granada\",\"potentialAction\":[{\"@type\":\"SearchAction\",\"target\":{\"@type\":\"EntryPoint\",\"urlTemplate\":\"https:\\\/\\\/walkingranada.com\\\/?s={search_term_string}\"},\"query-input\":{\"@type\":\"PropertyValueSpecification\",\"valueRequired\":true,\"valueName\":\"search_term_string\"}}],\"inLanguage\":\"en-GB\"},{\"@type\":\"Organization\",\"@id\":\"https:\\\/\\\/walkingranada.com\\\/#organization\",\"name\":\"Walk In Granada\",\"alternateName\":\"Walk In Granada\",\"url\":\"https:\\\/\\\/walkingranada.com\\\/\",\"logo\":{\"@type\":\"ImageObject\",\"inLanguage\":\"en-GB\",\"@id\":\"https:\\\/\\\/walkingranada.com\\\/#\\\/schema\\\/logo\\\/image\\\/\",\"url\":\"https:\\\/\\\/walkingranada.com\\\/wp-content\\\/uploads\\\/2022\\\/12\\\/Logo-Walking.webp\",\"contentUrl\":\"https:\\\/\\\/walkingranada.com\\\/wp-content\\\/uploads\\\/2022\\\/12\\\/Logo-Walking.webp\",\"width\":512,\"height\":512,\"caption\":\"Walk In Granada\"},\"image\":{\"@id\":\"https:\\\/\\\/walkingranada.com\\\/#\\\/schema\\\/logo\\\/image\\\/\"},\"sameAs\":[\"https:\\\/\\\/es-es.facebook.com\\\/walkingranadatour\\\/\",\"https:\\\/\\\/x.com\\\/walkingranada\",\"https:\\\/\\\/www.instagram.com\\\/walkingranada\\\/\"]}]}<\/script>\n<!-- \/ Yoast SEO plugin. -->","yoast_head_json":{"title":"Visita guiada Alhambra Premium - Walk in Granada","description":"\u00danete a nuestra Visita Guiada Alhambra Premium con un gu\u00eda oficial y descubre la evoluci\u00f3n de este complejo monumental. \u00a1Reserva ya!","robots":{"index":"index","follow":"follow","max-snippet":"max-snippet:-1","max-image-preview":"max-image-preview:large","max-video-preview":"max-video-preview:-1"},"canonical":"https:\/\/walkingranada.com\/en\/alhambra\/premium-group-guided-tour\/","og_locale":"en_GB","og_type":"article","og_title":"Visita guiada Alhambra Premium - Walk in Granada","og_description":"\u00danete a nuestra Visita Guiada Alhambra Premium con un gu\u00eda oficial y descubre la evoluci\u00f3n de este complejo monumental. \u00a1Reserva ya!","og_url":"https:\/\/walkingranada.com\/en\/alhambra\/premium-group-guided-tour\/","og_site_name":"Walk in Granada","article_publisher":"https:\/\/es-es.facebook.com\/walkingranadatour\/","article_modified_time":"2025-04-21T11:44:38+00:00","og_image":[{"width":305,"height":305,"url":"https:\/\/walkingranada.com\/wp-content\/uploads\/2023\/01\/Alhambra-Detail.webp","type":"image\/webp"}],"twitter_card":"summary_large_image","twitter_site":"@walkingranada","twitter_misc":{"Estimated reading time":"8 minutes"},"schema":{"@context":"https:\/\/schema.org","@graph":[{"@type":"WebPage","@id":"https:\/\/walkingranada.com\/alhambra\/visita-guiada-alhambra-premium\/","url":"https:\/\/walkingranada.com\/alhambra\/visita-guiada-alhambra-premium\/","name":"Visita guiada Alhambra Premium - Walk in Granada","isPartOf":{"@id":"https:\/\/walkingranada.com\/#website"},"primaryImageOfPage":{"@id":"https:\/\/walkingranada.com\/alhambra\/visita-guiada-alhambra-premium\/#primaryimage"},"image":{"@id":"https:\/\/walkingranada.com\/alhambra\/visita-guiada-alhambra-premium\/#primaryimage"},"thumbnailUrl":"https:\/\/walkingranada.com\/wp-content\/uploads\/2023\/01\/Alhambra-Detail.webp","datePublished":"2023-05-09T09:18:01+00:00","dateModified":"2025-04-21T11:44:38+00:00","description":"\u00danete a nuestra Visita Guiada Alhambra Premium con un gu\u00eda oficial y descubre la evoluci\u00f3n de este complejo monumental. \u00a1Reserva ya!","breadcrumb":{"@id":"https:\/\/walkingranada.com\/alhambra\/visita-guiada-alhambra-premium\/#breadcrumb"},"inLanguage":"en-GB","potentialAction":[{"@type":"ReadAction","target":["https:\/\/walkingranada.com\/alhambra\/visita-guiada-alhambra-premium\/"]}]},{"@type":"ImageObject","inLanguage":"en-GB","@id":"https:\/\/walkingranada.com\/alhambra\/visita-guiada-alhambra-premium\/#primaryimage","url":"https:\/\/walkingranada.com\/wp-content\/uploads\/2023\/01\/Alhambra-Detail.webp","contentUrl":"https:\/\/walkingranada.com\/wp-content\/uploads\/2023\/01\/Alhambra-Detail.webp","width":305,"height":305,"caption":"Alhambra"},{"@type":"BreadcrumbList","@id":"https:\/\/walkingranada.com\/alhambra\/visita-guiada-alhambra-premium\/#breadcrumb","itemListElement":[{"@type":"ListItem","position":1,"name":"Portada","item":"https:\/\/walkingranada.com\/"},{"@type":"ListItem","position":2,"name":"Alhambra","item":"https:\/\/walkingranada.com\/alhambra\/"},{"@type":"ListItem","position":3,"name":"Visita Guiada de la Alhambra en Grupo. Premium"}]},{"@type":"WebSite","@id":"https:\/\/walkingranada.com\/#website","url":"https:\/\/walkingranada.com\/","name":"Walk in Granada","description":"Turismo responsable","publisher":{"@id":"https:\/\/walkingranada.com\/#organization"},"alternateName":"Walk in Granada","potentialAction":[{"@type":"SearchAction","target":{"@type":"EntryPoint","urlTemplate":"https:\/\/walkingranada.com\/?s={search_term_string}"},"query-input":{"@type":"PropertyValueSpecification","valueRequired":true,"valueName":"search_term_string"}}],"inLanguage":"en-GB"},{"@type":"Organization","@id":"https:\/\/walkingranada.com\/#organization","name":"Walk In Granada","alternateName":"Walk In Granada","url":"https:\/\/walkingranada.com\/","logo":{"@type":"ImageObject","inLanguage":"en-GB","@id":"https:\/\/walkingranada.com\/#\/schema\/logo\/image\/","url":"https:\/\/walkingranada.com\/wp-content\/uploads\/2022\/12\/Logo-Walking.webp","contentUrl":"https:\/\/walkingranada.com\/wp-content\/uploads\/2022\/12\/Logo-Walking.webp","width":512,"height":512,"caption":"Walk In Granada"},"image":{"@id":"https:\/\/walkingranada.com\/#\/schema\/logo\/image\/"},"sameAs":["https:\/\/es-es.facebook.com\/walkingranadatour\/","https:\/\/x.com\/walkingranada","https:\/\/www.instagram.com\/walkingranada\/"]}]}},"_links":{"self":[{"href":"https:\/\/walkingranada.com\/en\/wp-json\/wp\/v2\/pages\/4131","targetHints":{"allow":["GET"]}}],"collection":[{"href":"https:\/\/walkingranada.com\/en\/wp-json\/wp\/v2\/pages"}],"about":[{"href":"https:\/\/walkingranada.com\/en\/wp-json\/wp\/v2\/types\/page"}],"author":[{"embeddable":true,"href":"https:\/\/walkingranada.com\/en\/wp-json\/wp\/v2\/users\/2"}],"replies":[{"embeddable":true,"href":"https:\/\/walkingranada.com\/en\/wp-json\/wp\/v2\/comments?post=4131"}],"version-history":[{"count":39,"href":"https:\/\/walkingranada.com\/en\/wp-json\/wp\/v2\/pages\/4131\/revisions"}],"predecessor-version":[{"id":6903,"href":"https:\/\/walkingranada.com\/en\/wp-json\/wp\/v2\/pages\/4131\/revisions\/6903"}],"up":[{"embeddable":true,"href":"https:\/\/walkingranada.com\/en\/wp-json\/wp\/v2\/pages\/88"}],"wp:featuredmedia":[{"embeddable":true,"href":"https:\/\/walkingranada.com\/en\/wp-json\/wp\/v2\/media\/2279"}],"wp:attachment":[{"href":"https:\/\/walkingranada.com\/en\/wp-json\/wp\/v2\/media?parent=4131"}],"curies":[{"name":"wp","href":"https:\/\/api.w.org\/{rel}","templated":true}]}}