{"id":404,"date":"2022-10-27T08:44:54","date_gmt":"2022-10-27T08:44:54","guid":{"rendered":"https:\/\/factum-omibu.es\/walkin\/?page_id=404"},"modified":"2026-03-06T12:39:13","modified_gmt":"2026-03-06T12:39:13","slug":"albaicin-sacromonte","status":"publish","type":"page","link":"https:\/\/walkingranada.com\/en\/free-tour-granada\/albaicin-sacromonte\/","title":{"rendered":"Free tour Albaicin &amp; Sacromonte"},"content":{"rendered":"<p>Free Tours &gt; Albaic\u00edn &amp; Sacromonte<\/p>\r\n<!-- FareHarbor calendar of item #253879 -->\r\n<h1>FREE TOUR ALBAIC\u00cdN &amp; SACROMONTE<\/h1>\r\n<p><a href=\"#encuentro\"> <img decoding=\"async\" loading=\"lazy\" src=\"https:\/\/walkingranada.com\/wp-content\/uploads\/2022\/10\/fi-rr-marker.png\" alt=\"Plaza nueva\" \/><\/a><\/p>\r\n<p>Plaza nueva <img decoding=\"async\" loading=\"lazy\" src=\"https:\/\/walkingranada.com\/wp-content\/uploads\/2022\/10\/\ud83e\udd86-icon-_Info-Circle_.png\" alt=\"informaci\u00f3n\" \/><\/p>\r\n<p><img decoding=\"async\" loading=\"lazy\" src=\"https:\/\/walkingranada.com\/wp-content\/uploads\/2022\/10\/fi-rr-umbrella.png\" alt=\"Look the red umbrella\" \/><\/p>\r\n<p>Look the red umbrella<\/p>\r\n<p><img decoding=\"async\" loading=\"lazy\" src=\"https:\/\/walkingranada.com\/wp-content\/uploads\/2022\/10\/fi-rr-chat-arrow-grow.png\" alt=\"Low difficulty\" \/><\/p>\r\n<p>Medium difficulty<\/p>\r\n<p><img decoding=\"async\" loading=\"lazy\" src=\"https:\/\/walkingranada.com\/wp-content\/uploads\/2022\/10\/fi-rr-map.png\" alt=\"Urban area\" \/><\/p>\r\n<p>Urban area<\/p>\r\n<p><img decoding=\"async\" loading=\"lazy\" src=\"https:\/\/walkingranada.com\/wp-content\/uploads\/2022\/12\/accesibilidad_.png\" alt=\"Limited accessibility\" \/><\/p>\r\n<p>Limited accessibility<\/p>\r\n<p><img decoding=\"async\" loading=\"lazy\" src=\"https:\/\/walkingranada.com\/wp-content\/uploads\/2022\/10\/fi-rr-calendar.png\" alt=\"Every day\" \/><\/p>\r\n<p>Every day<\/p>\r\n<p><img decoding=\"async\" loading=\"lazy\" src=\"https:\/\/walkingranada.com\/wp-content\/uploads\/2022\/10\/fi-rr-clock.png\" alt=\"11:00 AM\" \/> 20:00 (JUL y AGO)<br \/>16:00 (OCT a MAR)<br \/>18:00 (ABR a JUN y SEP) <img decoding=\"async\" loading=\"lazy\" src=\"https:\/\/walkingranada.com\/wp-content\/uploads\/2022\/10\/fi-rr-alarm-clock.png\" alt=\"2,5 HOURS\" \/><\/p>\r\n<p>2,5 HOURS<\/p>\r\n<p><img decoding=\"async\" loading=\"lazy\" src=\"https:\/\/walkingranada.com\/wp-content\/uploads\/2022\/10\/fi-rr-receipt.png\" alt=\"You name the price\" \/><\/p>\r\n<p>You name the price<\/p>\r\n<p><img decoding=\"async\" loading=\"lazy\" src=\"https:\/\/walkingranada.com\/wp-content\/uploads\/2022\/10\/fi-rr-comments.png\" alt=\"Spanish\" \/><\/p>\r\n<p>Spanish \/ English<\/p>\r\n<h2>A tour that connects two of the most special quarters of Granada!<\/h2>\r\n<p>This free tour combines the old Muslim quarter and the gypsy quarter. Both are located on hills with amazing views of each other, and always under the watchful eye of the Alhambra.<\/p>\r\n<p><strong>Important before booking<\/strong>:<\/p>\r\n<ul>\r\n<li class=\"translation-block\">This tour runs with the <strong>minimum participation of 5 adults<\/strong>.<\/li>\r\n<li class=\"translation-block\">The <strong>maximum number of people<\/strong> allowed per reservation is <strong>eight<\/strong>. For larger groups wishing to take this tour, a reservation must be made for a <a href=\"https:\/\/walkingranada.com\/en\/guided-tours\/historic-centre-albaicin\/\" target=\"_self\">private tour<\/a>.<\/li>\r\n<\/ul>\r\n<h2>Meeting point<\/h2>\r\n<figure><img decoding=\"async\" loading=\"lazy\" src=\"https:\/\/walkingranada.com\/wp-content\/uploads\/2023\/01\/fuente-plaza-nueva.webp\" alt=\"Fuente en Plaza Nueva\" width=\"711\" height=\"398\" \/><\/figure>\r\n<h3>Fuente frente a la farmacia en Plaza Nueva, nos reconocer\u00e1s por nuestro paraguas Rojo<\/h3>\r\n<p>Do you need directions to get there?<\/p>\r\n<p><a href=\"#reserva\" target=\"_self\"> Reservar &gt; <\/a> <a href=\"https:\/\/walkingranada.com\/en\/how-to-get-to-plaza-nueva\/\" target=\"_self\"> \u00bfC\u00f3mo llegar? &gt; <\/a><\/p>\r\n<h2>Recommendations<\/h2>\r\n<ol>\r\n<li>Water, comfortable footwear and sunscreen.<\/li>\r\n<li>It is not possible to do this tour in a wheelchair.<\/li>\r\n<li><strong>Locker Service<\/strong>: Need a place to leave your bags during the tour? You can do it at <strong>City Locker<\/strong> right next to Plaza Nueva at Carrera del Darro 3. You can make your reservation<strong> <a href=\"https:\/\/fareharbor.com\/embeds\/book\/discoveringspain\/items\/181031\/?sheet=217966&amp;asn=walkingranada-euro&amp;asn-ref=Walk%20In%20Granada&amp;full-items=yes&amp;flow=no&amp;language=es&amp;u=95661de6-71d3-47eb-a7f9-e826150f66db&amp;from-ssl=yes&amp;ga=UA-77432324-1,572443075.1663250936%3B&amp;ga4t=AW-756235301,undefined%3B&amp;g4=yes&amp;a=yes&amp;back=https:\/\/walkingranada.com\/free-tour-granada\/tour-granada-esencial\/\">HERE<\/a><\/strong>.<\/li>\r\n<\/ol>\r\n<h2>Itinerary<\/h2>\r\n<ul>\r\n<li>Plaza Nueva<\/li>\r\n<li>Aljibes of the Albaic\u00edn<\/li>\r\n<li>Placeta del Comino<\/li>\r\n<li>San Nicol\u00e1s viewpoint<\/li>\r\n<li>Cruz de Rauda<\/li>\r\n<li>Mario Maya<\/li>\r\n<li>Camino del Sacromonte<\/li>\r\n<li>Chorrojumo<\/li>\r\n<li>Paseo de los Tristes<\/li>\r\n<\/ul>\r\n<p>You can\u2019t get to know Granada without visiting its heart, the Albaicin quarter. Situated on a hill in front of the Alhambra the neighborhood is a magnificent viewpoint from which you can appreciate the red fortress from any of its angles. Its labyrinthine and winding streets responds to its Muslim origin by combining the typical Arab constructions, with their impeccable whitewash, with Renaissance towers. Walk its streets and soak up the smell of orange blossom and jasmine from its traditional \u2018carmenes\u2019, see the busiest squares in the neighborhood where tradition and modernity merge and let yourself be carried away by the spirit that roams the streets of this beautiful neighborhood.<\/p>\r\n<p>Right next to the Albaic\u00edn we find the valley of Valpara\u00edso, a natural enclave of the Sacromonte district. Flamenco and art flood each of its corners, the caves on the hill become flamenco stages and the guitars carry the rhythm of this unique neighborhood.<\/p>\r\n<h2>Tambi\u00e9n puedes reservar nuestros otros free tours&#8230;<\/h2>\r\n<h2>Tambi\u00e9n puedes reservar nuestros otros servicios&#8230;<\/h2>\r\n<p><img decoding=\"async\" loading=\"lazy\" src=\"https:\/\/walkingranada.com\/wp-content\/uploads\/2022\/10\/Rectangle-42.png\" alt=\"bailaora flamenca\" \/><\/p>\r\n<h3>Flamenco<\/h3>\r\n<p><img decoding=\"async\" loading=\"lazy\" src=\"https:\/\/walkingranada.com\/wp-content\/uploads\/2022\/10\/Rectangle-43.png\" alt=\"ba\u00f1os \u00e1rabes\" \/><\/p>\r\n<h3>Hammam <br \/>Al-\u00e1ndalus<\/h3>\r\n<p><img decoding=\"async\" loading=\"lazy\" src=\"https:\/\/walkingranada.com\/wp-content\/uploads\/2022\/10\/Rectangle-45.png\" alt=\"mezquita de c\u00f3rdoba\" \/><\/p>\r\n<h3>Day <br \/>trips<\/h3>\r\n<p><img decoding=\"async\" loading=\"lazy\" src=\"https:\/\/walkingranada.com\/wp-content\/uploads\/2022\/10\/Rectangle-38.png\" alt=\"imagen de una chica joven\" \/><\/p>\r\n<h3>Olfactory route<\/h3>","protected":false},"excerpt":{"rendered":"<p>Free Tours &gt; Albaic\u00edn y sacromonte FREE TOUR ALBAIC\u00cdN Y SACROMONTE Plaza nueva Busca el paraguas rojo Dificultad media Casco urbano Accesibilidad limitada Todos los d\u00edas 20:00 (JUL y AGO)16:00 (OCT a MAR)18:00 (ABR a JUN y SEP) 2,5 HORAS T\u00fa pones el precio CASTELLANO \/ INGL\u00c9S \u00a1Una visita que une los dos barrios m\u00e1s &#8230; <a title=\"Free tour Albaicin &amp; Sacromonte\" class=\"read-more\" href=\"https:\/\/walkingranada.com\/en\/free-tour-granada\/albaicin-sacromonte\/\" aria-label=\"Read more about Free tour Albaic\u00edn y Sacromonte\">Read more<\/a><\/p>","protected":false},"author":2,"featured_media":2306,"parent":81,"menu_order":0,"comment_status":"closed","ping_status":"closed","template":"","meta":{"footnotes":""},"class_list":["post-404","page","type-page","status-publish","has-post-thumbnail"],"yoast_head":"<!-- This site is optimized with the Yoast SEO plugin v27.4 - https:\/\/yoast.com\/product\/yoast-seo-wordpress\/ -->\n<title>Free Tour Albaic\u00edn y Sacromonte - Walk in Granada<\/title>\n<meta name=\"description\" content=\"Con nuestro Free Tour del Albaic\u00edn y el Sacromonte descubrir\u00e1s los dos barrios m\u00e1s emblem\u00e1ticos de la ciudad de Granada. \u00a1Reserva tu plaza!\" \/>\n<meta name=\"robots\" content=\"index, follow, max-snippet:-1, max-image-preview:large, max-video-preview:-1\" \/>\n<link rel=\"canonical\" href=\"https:\/\/walkingranada.com\/en\/free-tour-granada\/albaicin-sacromonte\/\" \/>\n<meta property=\"og:locale\" content=\"en_GB\" \/>\n<meta property=\"og:type\" content=\"article\" \/>\n<meta property=\"og:title\" content=\"Free Tour Albaic\u00edn y Sacromonte - Walk in Granada\" \/>\n<meta property=\"og:description\" content=\"Con nuestro Free Tour del Albaic\u00edn y el Sacromonte descubrir\u00e1s los dos barrios m\u00e1s emblem\u00e1ticos de la ciudad de Granada. \u00a1Reserva tu plaza!\" \/>\n<meta property=\"og:url\" content=\"https:\/\/walkingranada.com\/en\/free-tour-granada\/albaicin-sacromonte\/\" \/>\n<meta property=\"og:site_name\" content=\"Walk in Granada\" \/>\n<meta property=\"article:publisher\" content=\"https:\/\/es-es.facebook.com\/walkingranadatour\/\" \/>\n<meta property=\"article:modified_time\" content=\"2026-03-06T12:39:13+00:00\" \/>\n<meta property=\"og:image\" content=\"https:\/\/walkingranada.com\/wp-content\/uploads\/2023\/01\/Albaicin-detail-2.webp\" \/>\n\t<meta property=\"og:image:width\" content=\"305\" \/>\n\t<meta property=\"og:image:height\" content=\"305\" \/>\n\t<meta property=\"og:image:type\" content=\"image\/webp\" \/>\n<meta name=\"twitter:card\" content=\"summary_large_image\" \/>\n<meta name=\"twitter:site\" content=\"@walkingranada\" \/>\n<meta name=\"twitter:label1\" content=\"Estimated reading time\" \/>\n\t<meta name=\"twitter:data1\" content=\"8 minutes\" \/>\n<script type=\"application\/ld+json\" class=\"yoast-schema-graph\">{\"@context\":\"https:\\\/\\\/schema.org\",\"@graph\":[{\"@type\":\"WebPage\",\"@id\":\"https:\\\/\\\/walkingranada.com\\\/free-tour-granada\\\/albaicin-sacromonte\\\/\",\"url\":\"https:\\\/\\\/walkingranada.com\\\/free-tour-granada\\\/albaicin-sacromonte\\\/\",\"name\":\"Free Tour Albaic\u00edn y Sacromonte - Walk in Granada\",\"isPartOf\":{\"@id\":\"https:\\\/\\\/walkingranada.com\\\/#website\"},\"primaryImageOfPage\":{\"@id\":\"https:\\\/\\\/walkingranada.com\\\/free-tour-granada\\\/albaicin-sacromonte\\\/#primaryimage\"},\"image\":{\"@id\":\"https:\\\/\\\/walkingranada.com\\\/free-tour-granada\\\/albaicin-sacromonte\\\/#primaryimage\"},\"thumbnailUrl\":\"https:\\\/\\\/walkingranada.com\\\/wp-content\\\/uploads\\\/2023\\\/01\\\/Albaicin-detail-2.webp\",\"datePublished\":\"2022-10-27T08:44:54+00:00\",\"dateModified\":\"2026-03-06T12:39:13+00:00\",\"description\":\"Con nuestro Free Tour del Albaic\u00edn y el Sacromonte descubrir\u00e1s los dos barrios m\u00e1s emblem\u00e1ticos de la ciudad de Granada. \u00a1Reserva tu plaza!\",\"breadcrumb\":{\"@id\":\"https:\\\/\\\/walkingranada.com\\\/free-tour-granada\\\/albaicin-sacromonte\\\/#breadcrumb\"},\"inLanguage\":\"en-GB\",\"potentialAction\":[{\"@type\":\"ReadAction\",\"target\":[\"https:\\\/\\\/walkingranada.com\\\/free-tour-granada\\\/albaicin-sacromonte\\\/\"]}]},{\"@type\":\"ImageObject\",\"inLanguage\":\"en-GB\",\"@id\":\"https:\\\/\\\/walkingranada.com\\\/free-tour-granada\\\/albaicin-sacromonte\\\/#primaryimage\",\"url\":\"https:\\\/\\\/walkingranada.com\\\/wp-content\\\/uploads\\\/2023\\\/01\\\/Albaicin-detail-2.webp\",\"contentUrl\":\"https:\\\/\\\/walkingranada.com\\\/wp-content\\\/uploads\\\/2023\\\/01\\\/Albaicin-detail-2.webp\",\"width\":305,\"height\":305,\"caption\":\"Vistas del Albaycin\"},{\"@type\":\"BreadcrumbList\",\"@id\":\"https:\\\/\\\/walkingranada.com\\\/free-tour-granada\\\/albaicin-sacromonte\\\/#breadcrumb\",\"itemListElement\":[{\"@type\":\"ListItem\",\"position\":1,\"name\":\"Portada\",\"item\":\"https:\\\/\\\/walkingranada.com\\\/\"},{\"@type\":\"ListItem\",\"position\":2,\"name\":\"Free tours\",\"item\":\"https:\\\/\\\/walkingranada.com\\\/free-tour-granada\\\/\"},{\"@type\":\"ListItem\",\"position\":3,\"name\":\"Free tour Albaic\u00edn y Sacromonte\"}]},{\"@type\":\"WebSite\",\"@id\":\"https:\\\/\\\/walkingranada.com\\\/#website\",\"url\":\"https:\\\/\\\/walkingranada.com\\\/\",\"name\":\"Walk in Granada\",\"description\":\"Turismo responsable\",\"publisher\":{\"@id\":\"https:\\\/\\\/walkingranada.com\\\/#organization\"},\"alternateName\":\"Walk in Granada\",\"potentialAction\":[{\"@type\":\"SearchAction\",\"target\":{\"@type\":\"EntryPoint\",\"urlTemplate\":\"https:\\\/\\\/walkingranada.com\\\/?s={search_term_string}\"},\"query-input\":{\"@type\":\"PropertyValueSpecification\",\"valueRequired\":true,\"valueName\":\"search_term_string\"}}],\"inLanguage\":\"en-GB\"},{\"@type\":\"Organization\",\"@id\":\"https:\\\/\\\/walkingranada.com\\\/#organization\",\"name\":\"Walk In Granada\",\"alternateName\":\"Walk In Granada\",\"url\":\"https:\\\/\\\/walkingranada.com\\\/\",\"logo\":{\"@type\":\"ImageObject\",\"inLanguage\":\"en-GB\",\"@id\":\"https:\\\/\\\/walkingranada.com\\\/#\\\/schema\\\/logo\\\/image\\\/\",\"url\":\"https:\\\/\\\/walkingranada.com\\\/wp-content\\\/uploads\\\/2022\\\/12\\\/Logo-Walking.webp\",\"contentUrl\":\"https:\\\/\\\/walkingranada.com\\\/wp-content\\\/uploads\\\/2022\\\/12\\\/Logo-Walking.webp\",\"width\":512,\"height\":512,\"caption\":\"Walk In Granada\"},\"image\":{\"@id\":\"https:\\\/\\\/walkingranada.com\\\/#\\\/schema\\\/logo\\\/image\\\/\"},\"sameAs\":[\"https:\\\/\\\/es-es.facebook.com\\\/walkingranadatour\\\/\",\"https:\\\/\\\/x.com\\\/walkingranada\",\"https:\\\/\\\/www.instagram.com\\\/walkingranada\\\/\"]}]}<\/script>\n<!-- \/ Yoast SEO plugin. -->","yoast_head_json":{"title":"Free Tour Albaic\u00edn and Sacromonte - Walk in Granada","description":"With our Albaic\u00edn and Sacromonte Free Tour, you'll discover the two most iconic neighborhoods in the city of Granada. Book your spot!","robots":{"index":"index","follow":"follow","max-snippet":"max-snippet:-1","max-image-preview":"max-image-preview:large","max-video-preview":"max-video-preview:-1"},"canonical":"https:\/\/walkingranada.com\/en\/free-tour-granada\/albaicin-sacromonte\/","og_locale":"en_GB","og_type":"article","og_title":"Free Tour Albaic\u00edn y Sacromonte - Walk in Granada","og_description":"Con nuestro Free Tour del Albaic\u00edn y el Sacromonte descubrir\u00e1s los dos barrios m\u00e1s emblem\u00e1ticos de la ciudad de Granada. \u00a1Reserva tu plaza!","og_url":"https:\/\/walkingranada.com\/en\/free-tour-granada\/albaicin-sacromonte\/","og_site_name":"Walk in Granada","article_publisher":"https:\/\/es-es.facebook.com\/walkingranadatour\/","article_modified_time":"2026-03-06T12:39:13+00:00","og_image":[{"width":305,"height":305,"url":"https:\/\/walkingranada.com\/wp-content\/uploads\/2023\/01\/Albaicin-detail-2.webp","type":"image\/webp"}],"twitter_card":"summary_large_image","twitter_site":"@walkingranada","twitter_misc":{"Estimated reading time":"8 minutes"},"schema":{"@context":"https:\/\/schema.org","@graph":[{"@type":"WebPage","@id":"https:\/\/walkingranada.com\/free-tour-granada\/albaicin-sacromonte\/","url":"https:\/\/walkingranada.com\/free-tour-granada\/albaicin-sacromonte\/","name":"Free Tour Albaic\u00edn and Sacromonte - Walk in Granada","isPartOf":{"@id":"https:\/\/walkingranada.com\/#website"},"primaryImageOfPage":{"@id":"https:\/\/walkingranada.com\/free-tour-granada\/albaicin-sacromonte\/#primaryimage"},"image":{"@id":"https:\/\/walkingranada.com\/free-tour-granada\/albaicin-sacromonte\/#primaryimage"},"thumbnailUrl":"https:\/\/walkingranada.com\/wp-content\/uploads\/2023\/01\/Albaicin-detail-2.webp","datePublished":"2022-10-27T08:44:54+00:00","dateModified":"2026-03-06T12:39:13+00:00","description":"With our Albaic\u00edn and Sacromonte Free Tour, you'll discover the two most iconic neighborhoods in the city of Granada. Book your spot!","breadcrumb":{"@id":"https:\/\/walkingranada.com\/free-tour-granada\/albaicin-sacromonte\/#breadcrumb"},"inLanguage":"en-GB","potentialAction":[{"@type":"ReadAction","target":["https:\/\/walkingranada.com\/free-tour-granada\/albaicin-sacromonte\/"]}]},{"@type":"ImageObject","inLanguage":"en-GB","@id":"https:\/\/walkingranada.com\/free-tour-granada\/albaicin-sacromonte\/#primaryimage","url":"https:\/\/walkingranada.com\/wp-content\/uploads\/2023\/01\/Albaicin-detail-2.webp","contentUrl":"https:\/\/walkingranada.com\/wp-content\/uploads\/2023\/01\/Albaicin-detail-2.webp","width":305,"height":305,"caption":"Vistas del Albaycin"},{"@type":"BreadcrumbList","@id":"https:\/\/walkingranada.com\/free-tour-granada\/albaicin-sacromonte\/#breadcrumb","itemListElement":[{"@type":"ListItem","position":1,"name":"Portada","item":"https:\/\/walkingranada.com\/"},{"@type":"ListItem","position":2,"name":"Free tours","item":"https:\/\/walkingranada.com\/free-tour-granada\/"},{"@type":"ListItem","position":3,"name":"Free tour Albaic\u00edn y Sacromonte"}]},{"@type":"WebSite","@id":"https:\/\/walkingranada.com\/#website","url":"https:\/\/walkingranada.com\/","name":"Walk in Granada","description":"Turismo responsable","publisher":{"@id":"https:\/\/walkingranada.com\/#organization"},"alternateName":"Walk in Granada","potentialAction":[{"@type":"SearchAction","target":{"@type":"EntryPoint","urlTemplate":"https:\/\/walkingranada.com\/?s={search_term_string}"},"query-input":{"@type":"PropertyValueSpecification","valueRequired":true,"valueName":"search_term_string"}}],"inLanguage":"en-GB"},{"@type":"Organization","@id":"https:\/\/walkingranada.com\/#organization","name":"Walk In Granada","alternateName":"Walk In Granada","url":"https:\/\/walkingranada.com\/","logo":{"@type":"ImageObject","inLanguage":"en-GB","@id":"https:\/\/walkingranada.com\/#\/schema\/logo\/image\/","url":"https:\/\/walkingranada.com\/wp-content\/uploads\/2022\/12\/Logo-Walking.webp","contentUrl":"https:\/\/walkingranada.com\/wp-content\/uploads\/2022\/12\/Logo-Walking.webp","width":512,"height":512,"caption":"Walk In Granada"},"image":{"@id":"https:\/\/walkingranada.com\/#\/schema\/logo\/image\/"},"sameAs":["https:\/\/es-es.facebook.com\/walkingranadatour\/","https:\/\/x.com\/walkingranada","https:\/\/www.instagram.com\/walkingranada\/"]}]}},"_links":{"self":[{"href":"https:\/\/walkingranada.com\/en\/wp-json\/wp\/v2\/pages\/404","targetHints":{"allow":["GET"]}}],"collection":[{"href":"https:\/\/walkingranada.com\/en\/wp-json\/wp\/v2\/pages"}],"about":[{"href":"https:\/\/walkingranada.com\/en\/wp-json\/wp\/v2\/types\/page"}],"author":[{"embeddable":true,"href":"https:\/\/walkingranada.com\/en\/wp-json\/wp\/v2\/users\/2"}],"replies":[{"embeddable":true,"href":"https:\/\/walkingranada.com\/en\/wp-json\/wp\/v2\/comments?post=404"}],"version-history":[{"count":5,"href":"https:\/\/walkingranada.com\/en\/wp-json\/wp\/v2\/pages\/404\/revisions"}],"predecessor-version":[{"id":7278,"href":"https:\/\/walkingranada.com\/en\/wp-json\/wp\/v2\/pages\/404\/revisions\/7278"}],"up":[{"embeddable":true,"href":"https:\/\/walkingranada.com\/en\/wp-json\/wp\/v2\/pages\/81"}],"wp:featuredmedia":[{"embeddable":true,"href":"https:\/\/walkingranada.com\/en\/wp-json\/wp\/v2\/media\/2306"}],"wp:attachment":[{"href":"https:\/\/walkingranada.com\/en\/wp-json\/wp\/v2\/media?parent=404"}],"curies":[{"name":"wp","href":"https:\/\/api.w.org\/{rel}","templated":true}]}}