{"id":359,"date":"2022-10-27T06:09:53","date_gmt":"2022-10-27T06:09:53","guid":{"rendered":"https:\/\/factum-omibu.es\/walkin\/?page_id=359"},"modified":"2023-02-03T15:00:20","modified_gmt":"2023-02-03T15:00:20","slug":"blog","status":"publish","type":"page","link":"https:\/\/walkingranada.com\/en\/blog\/","title":{"rendered":"Blog"},"content":{"rendered":"<h1>\n\t\tBlog\n\t<\/h1>\n<h2>\n\t\tAdvice, opinions and recommendations\n\t<\/h2>\n\t<p>to facilitate your stay in Granada<\/p>\n\t\t\t\t<a href=\"https:\/\/walkingranada.com\/en\/routes-adapted-for-people-with-motor-disabilities\/\" target=\"_self\" title=\"We present 4 routes adapted for people with Reduced Mobility\" rel=\"noopener\">\n\t\t\t\t<img decoding=\"async\" loading=\"lazy\" src=\"\" alt=\"\" \/>\n\t\t\t\t<\/a>\n\t\t\t<h3>\n\t\t\t\t<a href=\"https:\/\/walkingranada.com\/en\/routes-adapted-for-people-with-motor-disabilities\/\" title=\"We present 4 routes adapted for people with Reduced Mobility\" tabindex=\"0\">We present 4 routes adapted for people with Reduced Mobility<\/a>\n\t\t\t<\/h3>\n\t\t\t\t\tWe present 4 Accesibles routes for people with motor disabilities Granada accessible to everyone! This year we are &#8230;\n\t\t\t\t\n\t\t\t13 enero 2018\n\t\t\t\t\n\t\t<a href=\"https:\/\/walkingranada.com\/en\/routes-adapted-for-people-with-motor-disabilities\/\" target=\"_self\" role=\"button\" aria-label=\"Read more\" rel=\"noopener\">\n\t\t\t\tRead more\n\t\t<\/a>\n\t\t\t\t<a href=\"https:\/\/walkingranada.com\/en\/list-of-monuments-to-see-in-granada-in-two-days\/\" target=\"_self\" title=\"List of monuments to see in Granada in two days\" rel=\"noopener\">\n\t\t\t\t<img decoding=\"async\" loading=\"lazy\" src=\"https:\/\/walkingranada.com\/wp-content\/uploads\/bb-plugin\/cache\/walk-in-granada-tours-custom_crop.jpg.webp\" alt=\"\" \/>\n\t\t\t\t<\/a>\n\t\t\t<h3>\n\t\t\t\t<a href=\"https:\/\/walkingranada.com\/en\/list-of-monuments-to-see-in-granada-in-two-days\/\" title=\"List of monuments to see in Granada in two days\" tabindex=\"0\">List of monuments to see in Granada in two days<\/a>\n\t\t\t<\/h3>\n\t\t\t\t\t48 hours of Tourism in Granada Granada (Spain) is one of the most interesting destinations for tourism in &#8230;\n\t\t\t\t\n\t\t\t09 diciembre 2017\n\t\t\t\t\n\t\t<a href=\"https:\/\/walkingranada.com\/en\/list-of-monuments-to-see-in-granada-in-two-days\/\" target=\"_self\" role=\"button\" aria-label=\"Read more\" rel=\"noopener\">\n\t\t\t\tRead more\n\t\t<\/a>\n\t\t\t\t<a href=\"https:\/\/walkingranada.com\/en\/nos-4-parcours-adaptes-aux-personnes-a-mobilite-reduite\/\" target=\"_self\" title=\"NOS 4 PARCOURS ADAPT\u00c9S AUX PERSONNES \u00c0 MOBILIT\u00c9 R\u00c9DUITE\" rel=\"noopener\">\n\t\t\t\t<img decoding=\"async\" loading=\"lazy\" src=\"\" alt=\"\" \/>\n\t\t\t\t<\/a>\n\t\t\t<h3>\n\t\t\t\t<a href=\"https:\/\/walkingranada.com\/en\/nos-4-parcours-adaptes-aux-personnes-a-mobilite-reduite\/\" title=\"NOS 4 PARCOURS ADAPT\u00c9S AUX PERSONNES \u00c0 MOBILIT\u00c9 R\u00c9DUITE\" tabindex=\"0\">NOS 4 PARCOURS ADAPT\u00c9S AUX PERSONNES \u00c0 MOBILIT\u00c9 R\u00c9DUITE<\/a>\n\t\t\t<\/h3>\n\t\t\t\t\tGrenade accessible \u00e0 tous ! Cette ann\u00e9e, nous avons une premi\u00e8re ! \u00c0 Walk In Granada Tour, nous &#8230;\n\t\t\t\t\n\t\t\t28 julio 2022\n\t\t\t\t\n\t\t<a href=\"https:\/\/walkingranada.com\/en\/nos-4-parcours-adaptes-aux-personnes-a-mobilite-reduite\/\" target=\"_self\" role=\"button\" aria-label=\"Read more\" rel=\"noopener\">\n\t\t\t\tRead more\n\t\t<\/a>\n\t\t\t\t<a href=\"https:\/\/walkingranada.com\/en\/semaine-sainte-a-grenade-preparez-votre-voyage\/\" target=\"_self\" title=\"SEMAINE SAINTE \u00c0 GRENADE: pr\u00e9parez votre voyage\" rel=\"noopener\">\n\t\t\t\t<img decoding=\"async\" loading=\"lazy\" src=\"https:\/\/walkingranada.com\/wp-content\/uploads\/bb-plugin\/cache\/semana-santa-scaled-custom_crop.jpg.webp\" alt=\"\" \/>\n\t\t\t\t<\/a>\n\t\t\t<h3>\n\t\t\t\t<a href=\"https:\/\/walkingranada.com\/en\/semaine-sainte-a-grenade-preparez-votre-voyage\/\" title=\"SEMAINE SAINTE \u00c0 GRENADE: pr\u00e9parez votre voyage\" tabindex=\"0\">SEMAINE SAINTE \u00c0 GRENADE: pr\u00e9parez votre voyage<\/a>\n\t\t\t<\/h3>\n\t\t\t\t\tSi vous visitez Grenade durant la semaine sainte, il y a quelques conseils n\u00e9cessaires pour que votre exp\u00e9rience &#8230;\n\t\t\t\t\n\t\t\t28 julio 2022\n\t\t\t\t\n\t\t<a href=\"https:\/\/walkingranada.com\/en\/semaine-sainte-a-grenade-preparez-votre-voyage\/\" target=\"_self\" role=\"button\" aria-label=\"Read more\" rel=\"noopener\">\n\t\t\t\tRead more\n\t\t<\/a>\n\t<p>Sorry, we couldn&#8217;t find any posts. Please try a different search.<\/p>\n\t\t<form method=\"get\" action=\"https:\/\/walkingranada.com\/en\/\" data-trp-original-action=\"https:\/\/walkingranada.com\/\">\n\t<label>\n\t\tBuscar:\n\t\t<input type=\"search\" placeholder=\"Buscar...\" value=\"\" name=\"s\" title=\"Buscar:\"\/>\n\t<\/label>\n\t<button aria-label=\"Search\"><\/button><input type=\"hidden\" name=\"trp-form-language\" value=\"en\"\/><\/form>\n\t\t\t\t<a href=\"https:\/\/walkingranada.com\/en\/jardines-granada-medieval-iii\/\" target=\"_self\" title=\"The gardens of Medieval Granada (iii)\" rel=\"noopener\">\n\t\t\t\t<img decoding=\"async\" loading=\"lazy\" src=\"https:\/\/walkingranada.com\/wp-content\/uploads\/bb-plugin\/cache\/Arrayanes-custom_crop.jpg.webp\" alt=\"\" \/>\n\t\t\t\t<\/a>\n\t\t\t<h3>\n\t\t\t\t<a href=\"https:\/\/walkingranada.com\/en\/jardines-granada-medieval-iii\/\" title=\"The gardens of Medieval Granada (iii)\" tabindex=\"0\">The gardens of Medieval Granada (iii)<\/a>\n\t\t\t<\/h3>\n\t\t\t\t\tPara acabar con esta serie de entradas acerca de los jardines que hubo durante el pasado \u00e1rabe de &#8230;\n\t\t\t\t\n\t\t\t12 septiembre 2022\n\t\t\t\t\n\t\t<a href=\"https:\/\/walkingranada.com\/en\/jardines-granada-medieval-iii\/\" target=\"_self\" role=\"button\" aria-label=\"Read more\" rel=\"noopener\">\n\t\t\t\tRead more\n\t\t<\/a>\n\t\t\t\t<a href=\"https:\/\/walkingranada.com\/en\/jardines-granada-medieval-ii\/\" target=\"_self\" title=\"What were the gardens of medieval Granada like (II)?\" rel=\"noopener\">\n\t\t\t\t<img decoding=\"async\" loading=\"lazy\" src=\"https:\/\/walkingranada.com\/wp-content\/uploads\/bb-plugin\/cache\/Hadit-Bayad-Wa-Riyad-Codex-Vat.-2-custom_crop.jpeg\" alt=\"\" \/>\n\t\t\t\t<\/a>\n\t\t\t<h3>\n\t\t\t\t<a href=\"https:\/\/walkingranada.com\/en\/jardines-granada-medieval-ii\/\" title=\"What were the gardens of medieval Granada like (II)?\" tabindex=\"0\">What were the gardens of medieval Granada like (II)?<\/a>\n\t\t\t<\/h3>\n\t\t\t\t\tEn esta segunda entrada acerca de los jardines medievales de Granada, si te perdiste el primero puedes leerlo &#8230;\n\t\t\t\t\n\t\t\t07 septiembre 2022\n\t\t\t\t\n\t\t<a href=\"https:\/\/walkingranada.com\/en\/jardines-granada-medieval-ii\/\" target=\"_self\" role=\"button\" aria-label=\"Read more\" rel=\"noopener\">\n\t\t\t\tRead more\n\t\t<\/a>\n\t\t\t\t<a href=\"https:\/\/walkingranada.com\/en\/jardines-granada-medieval-i\/\" target=\"_self\" title=\"What were the gardens of medieval Granada like (I)?\" rel=\"noopener\">\n\t\t\t\t<img decoding=\"async\" loading=\"lazy\" src=\"https:\/\/walkingranada.com\/wp-content\/uploads\/bb-plugin\/cache\/jardin-del-generalife-desde-la-alhambra-custom_crop.jpg.webp\" alt=\"\" \/>\n\t\t\t\t<\/a>\n\t\t\t<h3>\n\t\t\t\t<a href=\"https:\/\/walkingranada.com\/en\/jardines-granada-medieval-i\/\" title=\"What were the gardens of medieval Granada like (I)?\" tabindex=\"0\">What were the gardens of medieval Granada like (I)?<\/a>\n\t\t\t<\/h3>\n\t\t\t\t\tEntre los elementos que, junto a monumentos y calles han dado fama mundial a Granada, est\u00e1n sin duda &#8230;\n\t\t\t\t\n\t\t\t05 septiembre 2022\n\t\t\t\t\n\t\t<a href=\"https:\/\/walkingranada.com\/en\/jardines-granada-medieval-i\/\" target=\"_self\" role=\"button\" aria-label=\"Read more\" rel=\"noopener\">\n\t\t\t\tRead more\n\t\t<\/a>\n\t\t\t\t<a href=\"https:\/\/walkingranada.com\/en\/secretos-alhambra\/\" target=\"_self\" title=\"All the secrets to make the most of the Alhambra\" rel=\"noopener\">\n\t\t\t\t<img decoding=\"async\" loading=\"lazy\" src=\"https:\/\/walkingranada.com\/wp-content\/uploads\/bb-plugin\/cache\/cuales-son-los-secretos-alhambra-custom_crop.jpg.webp\" alt=\"\" \/>\n\t\t\t\t<\/a>\n\t\t\t<h3>\n\t\t\t\t<a href=\"https:\/\/walkingranada.com\/en\/secretos-alhambra\/\" title=\"All the secrets to make the most of the Alhambra\" tabindex=\"0\">All the secrets to make the most of the Alhambra<\/a>\n\t\t\t<\/h3>\n\t\t\t\t\tA la hora de visitar la ciudad de Granada, si hay una parada obligatoria, esa es, sin duda, &#8230;\n\t\t\t\t\n\t\t\t18 julio 2022\n\t\t\t\t\n\t\t<a href=\"https:\/\/walkingranada.com\/en\/secretos-alhambra\/\" target=\"_self\" role=\"button\" aria-label=\"Read more\" rel=\"noopener\">\n\t\t\t\tRead more\n\t\t<\/a>\n\t\t\t\t<a href=\"https:\/\/walkingranada.com\/en\/vega-granada-poeta-federico-garcia-lorca\/\" target=\"_self\" title=\"Discover the Vega of Granada and its poet: Federico Garc\u00eda Lorca - Walk in Granada\" rel=\"noopener\">\n\t\t\t\t<img decoding=\"async\" loading=\"lazy\" src=\"https:\/\/walkingranada.com\/wp-content\/uploads\/bb-plugin\/cache\/federico-garcia-lorca-custom_crop.png\" alt=\"\" \/>\n\t\t\t\t<\/a>\n\t\t\t<h3>\n\t\t\t\t<a href=\"https:\/\/walkingranada.com\/en\/vega-granada-poeta-federico-garcia-lorca\/\" title=\"Discover the Vega of Granada and its poet: Federico Garc\u00eda Lorca - Walk in Granada\" tabindex=\"0\">Discover the Vega of Granada and its poet: Federico Garc\u00eda Lorca - Walk in Granada<\/a>\n\t\t\t<\/h3>\n\t\t\t\t\tLa Vega de Granada, vientre f\u00e9rtil rodeado de colinas que ha alimentado a Granada durante siglos, alfombra verde &#8230;\n\t\t\t\t\n\t\t\t12 julio 2022\n\t\t\t\t\n\t\t<a href=\"https:\/\/walkingranada.com\/en\/vega-granada-poeta-federico-garcia-lorca\/\" target=\"_self\" role=\"button\" aria-label=\"Read more\" rel=\"noopener\">\n\t\t\t\tRead more\n\t\t<\/a>\n\t\t\t\t<a href=\"https:\/\/walkingranada.com\/en\/semana-santa-en-granada-prepara-tu-viaje\/\" target=\"_self\" title=\"Holly Week in Granada: Prepare your trip\" rel=\"noopener\">\n\t\t\t\t<img decoding=\"async\" loading=\"lazy\" src=\"https:\/\/walkingranada.com\/wp-content\/uploads\/bb-plugin\/cache\/semana-santa-scaled-custom_crop.jpg.webp\" alt=\"\" \/>\n\t\t\t\t<\/a>\n\t\t\t<h3>\n\t\t\t\t<a href=\"https:\/\/walkingranada.com\/en\/semana-santa-en-granada-prepara-tu-viaje\/\" title=\"Holly Week in Granada: Prepare your trip\" tabindex=\"0\">Holly Week in Granada: Prepare your trip<\/a>\n\t\t\t<\/h3>\n\t\t\t\t\tSi vas a visitar Granada durante la Semana Santa, hay una serie de consejos que necesitas para que &#8230;\n\t\t\t\t\n\t\t\t07 abril 2022\n\t\t\t\t\n\t\t<a href=\"https:\/\/walkingranada.com\/en\/semana-santa-en-granada-prepara-tu-viaje\/\" target=\"_self\" role=\"button\" aria-label=\"Read more\" rel=\"noopener\">\n\t\t\t\tRead more\n\t\t<\/a>\n\t\t\t\t<a href=\"https:\/\/walkingranada.com\/en\/mejores-free-tours-granada\/\" target=\"_self\" title=\"Best Free Tours in Granada\" rel=\"noopener\">\n\t\t\t\t<img decoding=\"async\" loading=\"lazy\" src=\"https:\/\/walkingranada.com\/wp-content\/uploads\/bb-plugin\/cache\/tours-granada-custom_crop.jpg.webp\" alt=\"\" \/>\n\t\t\t\t<\/a>\n\t\t\t<h3>\n\t\t\t\t<a href=\"https:\/\/walkingranada.com\/en\/mejores-free-tours-granada\/\" title=\"Best Free Tours in Granada\" tabindex=\"0\">Best Free Tours in Granada<\/a>\n\t\t\t<\/h3>\n\t\t\t\t\tCuando viajamos todos nuestros sentidos se amplifican, no solo queremos viajar, queremos ver, escuchar, oler, tocar, degustar&#8230; En &#8230;\n\t\t\t\t\n\t\t\t18 junio 2019\n\t\t\t\t\n\t\t<a href=\"https:\/\/walkingranada.com\/en\/mejores-free-tours-granada\/\" target=\"_self\" role=\"button\" aria-label=\"Read more\" rel=\"noopener\">\n\t\t\t\tRead more\n\t\t<\/a>\n\t\t\t\t<a href=\"https:\/\/walkingranada.com\/en\/verano-granada-procesion-corpus\/\" target=\"_self\" title=\"SPRING SUMMER ACTIVITY IN GRANADA\" rel=\"noopener\">\n\t\t\t\t<img decoding=\"async\" loading=\"lazy\" src=\"https:\/\/walkingranada.com\/wp-content\/uploads\/bb-plugin\/cache\/Corpus-custom_crop.jpg.webp\" alt=\"\" \/>\n\t\t\t\t<\/a>\n\t\t\t<h3>\n\t\t\t\t<a href=\"https:\/\/walkingranada.com\/en\/verano-granada-procesion-corpus\/\" title=\"SPRING SUMMER ACTIVITY IN GRANADA\" tabindex=\"0\">SPRING SUMMER ACTIVITY IN GRANADA<\/a>\n\t\t\t<\/h3>\n\t\t\t\t\tCada junio llega a Granada una nueva edici\u00f3n de la Feria del Corpus Christi, sin duda uno de &#8230;\n\t\t\t\t\n\t\t\t11 junio 2019\n\t\t\t\t\n\t\t<a href=\"https:\/\/walkingranada.com\/en\/verano-granada-procesion-corpus\/\" target=\"_self\" role=\"button\" aria-label=\"Read more\" rel=\"noopener\">\n\t\t\t\tRead more\n\t\t<\/a>","protected":false},"excerpt":{"rendered":"<p>Blog Consejos, opiniones y recomendaciones para facilitar tu estancia en Granada We present 4 routes adapted for people with Reduced Mobility We present 4 Accesibles routes for people with motor disabilities Granada accessible to everyone! This year we are &#8230; 13 enero 2018 Leer m\u00e1s List of monuments to see in Granada in two days &#8230; <a title=\"Blog\" class=\"read-more\" href=\"https:\/\/walkingranada.com\/en\/blog\/\" aria-label=\"Read more about Blog\">Read more<\/a><\/p>","protected":false},"author":2,"featured_media":0,"parent":0,"menu_order":0,"comment_status":"closed","ping_status":"closed","template":"","meta":{"footnotes":""},"class_list":["post-359","page","type-page","status-publish"],"yoast_head":"<!-- This site is optimized with the Yoast SEO plugin v27.4 - https:\/\/yoast.com\/product\/yoast-seo-wordpress\/ -->\n<title>Blog - Walk in Granada<\/title>\n<meta name=\"description\" content=\"Bienvenido al Blog de Walk In Granada. Un espacio donde trasladamos nuestra pasi\u00f3n por la ciudad de la Alhambra en art\u00edculos de gran calidad.\" \/>\n<meta name=\"robots\" content=\"index, follow, max-snippet:-1, max-image-preview:large, max-video-preview:-1\" \/>\n<link rel=\"canonical\" href=\"https:\/\/walkingranada.com\/en\/blog\/\" \/>\n<meta property=\"og:locale\" content=\"en_GB\" \/>\n<meta property=\"og:type\" content=\"article\" \/>\n<meta property=\"og:title\" content=\"Blog - Walk in Granada\" \/>\n<meta property=\"og:description\" content=\"Bienvenido al Blog de Walk In Granada. Un espacio donde trasladamos nuestra pasi\u00f3n por la ciudad de la Alhambra en art\u00edculos de gran calidad.\" \/>\n<meta property=\"og:url\" content=\"https:\/\/walkingranada.com\/en\/blog\/\" \/>\n<meta property=\"og:site_name\" content=\"Walk in Granada\" \/>\n<meta property=\"article:publisher\" content=\"https:\/\/es-es.facebook.com\/walkingranadatour\/\" \/>\n<meta property=\"article:modified_time\" content=\"2023-02-03T15:00:20+00:00\" \/>\n<meta property=\"og:image\" content=\"https:\/\/walkingranada.com\/wp-content\/uploads\/bb-plugin\/cache\/walk-in-granada-tours-custom_crop.jpg.webp\" \/>\n<meta name=\"twitter:card\" content=\"summary_large_image\" \/>\n<meta name=\"twitter:site\" content=\"@walkingranada\" \/>\n<meta name=\"twitter:label1\" content=\"Estimated reading time\" \/>\n\t<meta name=\"twitter:data1\" content=\"6 minutes\" \/>\n<script type=\"application\/ld+json\" class=\"yoast-schema-graph\">{\"@context\":\"https:\\\/\\\/schema.org\",\"@graph\":[{\"@type\":\"WebPage\",\"@id\":\"https:\\\/\\\/walkingranada.com\\\/blog\\\/\",\"url\":\"https:\\\/\\\/walkingranada.com\\\/blog\\\/\",\"name\":\"Blog - Walk in Granada\",\"isPartOf\":{\"@id\":\"https:\\\/\\\/walkingranada.com\\\/#website\"},\"primaryImageOfPage\":{\"@id\":\"https:\\\/\\\/walkingranada.com\\\/blog\\\/#primaryimage\"},\"image\":{\"@id\":\"https:\\\/\\\/walkingranada.com\\\/blog\\\/#primaryimage\"},\"thumbnailUrl\":\"https:\\\/\\\/walkingranada.com\\\/wp-content\\\/uploads\\\/bb-plugin\\\/cache\\\/walk-in-granada-tours-custom_crop.jpg.webp\",\"datePublished\":\"2022-10-27T06:09:53+00:00\",\"dateModified\":\"2023-02-03T15:00:20+00:00\",\"description\":\"Bienvenido al Blog de Walk In Granada. Un espacio donde trasladamos nuestra pasi\u00f3n por la ciudad de la Alhambra en art\u00edculos de gran calidad.\",\"breadcrumb\":{\"@id\":\"https:\\\/\\\/walkingranada.com\\\/blog\\\/#breadcrumb\"},\"inLanguage\":\"en-GB\",\"potentialAction\":[{\"@type\":\"ReadAction\",\"target\":[\"https:\\\/\\\/walkingranada.com\\\/blog\\\/\"]}]},{\"@type\":\"ImageObject\",\"inLanguage\":\"en-GB\",\"@id\":\"https:\\\/\\\/walkingranada.com\\\/blog\\\/#primaryimage\",\"url\":\"https:\\\/\\\/walkingranada.com\\\/wp-content\\\/uploads\\\/bb-plugin\\\/cache\\\/walk-in-granada-tours-custom_crop.jpg.webp\",\"contentUrl\":\"https:\\\/\\\/walkingranada.com\\\/wp-content\\\/uploads\\\/bb-plugin\\\/cache\\\/walk-in-granada-tours-custom_crop.jpg.webp\"},{\"@type\":\"BreadcrumbList\",\"@id\":\"https:\\\/\\\/walkingranada.com\\\/blog\\\/#breadcrumb\",\"itemListElement\":[{\"@type\":\"ListItem\",\"position\":1,\"name\":\"Portada\",\"item\":\"https:\\\/\\\/walkingranada.com\\\/\"},{\"@type\":\"ListItem\",\"position\":2,\"name\":\"Blog\"}]},{\"@type\":\"WebSite\",\"@id\":\"https:\\\/\\\/walkingranada.com\\\/#website\",\"url\":\"https:\\\/\\\/walkingranada.com\\\/\",\"name\":\"Walk in Granada\",\"description\":\"Turismo responsable\",\"publisher\":{\"@id\":\"https:\\\/\\\/walkingranada.com\\\/#organization\"},\"alternateName\":\"Walk in Granada\",\"potentialAction\":[{\"@type\":\"SearchAction\",\"target\":{\"@type\":\"EntryPoint\",\"urlTemplate\":\"https:\\\/\\\/walkingranada.com\\\/?s={search_term_string}\"},\"query-input\":{\"@type\":\"PropertyValueSpecification\",\"valueRequired\":true,\"valueName\":\"search_term_string\"}}],\"inLanguage\":\"en-GB\"},{\"@type\":\"Organization\",\"@id\":\"https:\\\/\\\/walkingranada.com\\\/#organization\",\"name\":\"Walk In Granada\",\"alternateName\":\"Walk In Granada\",\"url\":\"https:\\\/\\\/walkingranada.com\\\/\",\"logo\":{\"@type\":\"ImageObject\",\"inLanguage\":\"en-GB\",\"@id\":\"https:\\\/\\\/walkingranada.com\\\/#\\\/schema\\\/logo\\\/image\\\/\",\"url\":\"https:\\\/\\\/walkingranada.com\\\/wp-content\\\/uploads\\\/2022\\\/12\\\/Logo-Walking.webp\",\"contentUrl\":\"https:\\\/\\\/walkingranada.com\\\/wp-content\\\/uploads\\\/2022\\\/12\\\/Logo-Walking.webp\",\"width\":512,\"height\":512,\"caption\":\"Walk In Granada\"},\"image\":{\"@id\":\"https:\\\/\\\/walkingranada.com\\\/#\\\/schema\\\/logo\\\/image\\\/\"},\"sameAs\":[\"https:\\\/\\\/es-es.facebook.com\\\/walkingranadatour\\\/\",\"https:\\\/\\\/x.com\\\/walkingranada\",\"https:\\\/\\\/www.instagram.com\\\/walkingranada\\\/\"]}]}<\/script>\n<!-- \/ Yoast SEO plugin. -->","yoast_head_json":{"title":"Blog - Walk in Granada","description":"Welcome to the Walk In Granada Blog. A space where we transfer our passion for the city of the Alhambra in high-quality articles.","robots":{"index":"index","follow":"follow","max-snippet":"max-snippet:-1","max-image-preview":"max-image-preview:large","max-video-preview":"max-video-preview:-1"},"canonical":"https:\/\/walkingranada.com\/en\/blog\/","og_locale":"en_GB","og_type":"article","og_title":"Blog - Walk in Granada","og_description":"Bienvenido al Blog de Walk In Granada. Un espacio donde trasladamos nuestra pasi\u00f3n por la ciudad de la Alhambra en art\u00edculos de gran calidad.","og_url":"https:\/\/walkingranada.com\/en\/blog\/","og_site_name":"Walk in Granada","article_publisher":"https:\/\/es-es.facebook.com\/walkingranadatour\/","article_modified_time":"2023-02-03T15:00:20+00:00","og_image":[{"url":"https:\/\/walkingranada.com\/wp-content\/uploads\/bb-plugin\/cache\/walk-in-granada-tours-custom_crop.jpg.webp","type":"","width":"","height":""}],"twitter_card":"summary_large_image","twitter_site":"@walkingranada","twitter_misc":{"Estimated reading time":"6 minutes"},"schema":{"@context":"https:\/\/schema.org","@graph":[{"@type":"WebPage","@id":"https:\/\/walkingranada.com\/blog\/","url":"https:\/\/walkingranada.com\/blog\/","name":"Blog - Walk in Granada","isPartOf":{"@id":"https:\/\/walkingranada.com\/#website"},"primaryImageOfPage":{"@id":"https:\/\/walkingranada.com\/blog\/#primaryimage"},"image":{"@id":"https:\/\/walkingranada.com\/blog\/#primaryimage"},"thumbnailUrl":"https:\/\/walkingranada.com\/wp-content\/uploads\/bb-plugin\/cache\/walk-in-granada-tours-custom_crop.jpg.webp","datePublished":"2022-10-27T06:09:53+00:00","dateModified":"2023-02-03T15:00:20+00:00","description":"Welcome to the Walk In Granada Blog. A space where we transfer our passion for the city of the Alhambra in high-quality articles.","breadcrumb":{"@id":"https:\/\/walkingranada.com\/blog\/#breadcrumb"},"inLanguage":"en-GB","potentialAction":[{"@type":"ReadAction","target":["https:\/\/walkingranada.com\/blog\/"]}]},{"@type":"ImageObject","inLanguage":"en-GB","@id":"https:\/\/walkingranada.com\/blog\/#primaryimage","url":"https:\/\/walkingranada.com\/wp-content\/uploads\/bb-plugin\/cache\/walk-in-granada-tours-custom_crop.jpg.webp","contentUrl":"https:\/\/walkingranada.com\/wp-content\/uploads\/bb-plugin\/cache\/walk-in-granada-tours-custom_crop.jpg.webp"},{"@type":"BreadcrumbList","@id":"https:\/\/walkingranada.com\/blog\/#breadcrumb","itemListElement":[{"@type":"ListItem","position":1,"name":"Portada","item":"https:\/\/walkingranada.com\/"},{"@type":"ListItem","position":2,"name":"Blog"}]},{"@type":"WebSite","@id":"https:\/\/walkingranada.com\/#website","url":"https:\/\/walkingranada.com\/","name":"Walk in Granada","description":"Turismo responsable","publisher":{"@id":"https:\/\/walkingranada.com\/#organization"},"alternateName":"Walk in Granada","potentialAction":[{"@type":"SearchAction","target":{"@type":"EntryPoint","urlTemplate":"https:\/\/walkingranada.com\/?s={search_term_string}"},"query-input":{"@type":"PropertyValueSpecification","valueRequired":true,"valueName":"search_term_string"}}],"inLanguage":"en-GB"},{"@type":"Organization","@id":"https:\/\/walkingranada.com\/#organization","name":"Walk In Granada","alternateName":"Walk In Granada","url":"https:\/\/walkingranada.com\/","logo":{"@type":"ImageObject","inLanguage":"en-GB","@id":"https:\/\/walkingranada.com\/#\/schema\/logo\/image\/","url":"https:\/\/walkingranada.com\/wp-content\/uploads\/2022\/12\/Logo-Walking.webp","contentUrl":"https:\/\/walkingranada.com\/wp-content\/uploads\/2022\/12\/Logo-Walking.webp","width":512,"height":512,"caption":"Walk In Granada"},"image":{"@id":"https:\/\/walkingranada.com\/#\/schema\/logo\/image\/"},"sameAs":["https:\/\/es-es.facebook.com\/walkingranadatour\/","https:\/\/x.com\/walkingranada","https:\/\/www.instagram.com\/walkingranada\/"]}]}},"_links":{"self":[{"href":"https:\/\/walkingranada.com\/en\/wp-json\/wp\/v2\/pages\/359","targetHints":{"allow":["GET"]}}],"collection":[{"href":"https:\/\/walkingranada.com\/en\/wp-json\/wp\/v2\/pages"}],"about":[{"href":"https:\/\/walkingranada.com\/en\/wp-json\/wp\/v2\/types\/page"}],"author":[{"embeddable":true,"href":"https:\/\/walkingranada.com\/en\/wp-json\/wp\/v2\/users\/2"}],"replies":[{"embeddable":true,"href":"https:\/\/walkingranada.com\/en\/wp-json\/wp\/v2\/comments?post=359"}],"version-history":[{"count":0,"href":"https:\/\/walkingranada.com\/en\/wp-json\/wp\/v2\/pages\/359\/revisions"}],"wp:attachment":[{"href":"https:\/\/walkingranada.com\/en\/wp-json\/wp\/v2\/media?parent=359"}],"curies":[{"name":"wp","href":"https:\/\/api.w.org\/{rel}","templated":true}]}}