{"id":3127,"date":"2023-01-30T11:16:31","date_gmt":"2023-01-30T11:16:31","guid":{"rendered":"https:\/\/factum-omibu.es\/walkin\/?page_id=3127"},"modified":"2023-02-02T14:23:34","modified_gmt":"2023-02-02T14:23:34","slug":"general-transfer-conditions","status":"publish","type":"page","link":"https:\/\/walkingranada.com\/en\/transfers\/condiciones-generales-de-transfer\/","title":{"rendered":"General transfers condition"},"content":{"rendered":"<h1>General transfers condition<\/h1>\r\n<p>Walk In Granada will never be responsible for missed flights or other booked activities. It is the sole responsibility of the client to know the departure time of the flight or the start time of the event or activity booked and to request the pick-up service well in advance. The duration of transfers may depend on the time of day and the intensity of traffic.<\/p>\r\n<ul>\r\n<li>The journey time between the city centre and the <strong>Alhambra<\/strong> we recommend that you ask to be picked up about 45 minutes before the start of the tour.<\/li>\r\n<li>The travel time between the centre of Granada and the <strong>Granada Airport<\/strong> is between 30 and 45 minutes. We recommend that you request a pick-up about 2.5 hours before departure.<\/li>\r\n<li>The travel time between the centre of Granada and the <strong>Malaga Airport<\/strong> is between 1.5 and 2 hours. We recommend that you request a pick-up 3 to 3.5 hours before departure.<\/li>\r\n<\/ul>\r\n<p>It is possible to book private transfers in Granada city with a minimum of 72 hours notice.<\/p>\r\n<h2>Additional information<\/h2>\r\n<p>If you are booking a private transfer and you are travelling with children or babies, please inform us at the time of booking, so that we have child\/infant seats available.<\/p>\r\n<p>Our vehicles are not adapted. In the case of persons with limited mobility who require professional assistance, adapted vehicles and\/or additional luggage carriers (e.g. wheelchairs), please send us an email at <a href=\"mailto:info@walkingranada.com\">info@walkingranada.com<\/a> for information on availability and supplements.<\/p>\r\n<h2>Baggage policy<\/h2>\r\n<p>Walk in Granada no se har\u00e1 cargo de posible p\u00e9rdida de equipajes, siendo cada cliente responsable de sus objetos personales durante los servicios de transfer.<\/p>\r\n<p>Cada pasajero puede llevar un equipaje de tama\u00f1o normal y una peque\u00f1a bolsa (por ejemplo: mochila, bolsa de ordenador port\u00e1til, bolsa de c\u00e1mara).<\/p>\r\n<p>El equipaje excesivo o demasiado grande puede estar sujeto a restricciones. Por favor, inf\u00f3rmenos en el momento de la reserva para confirmar si su exceso de equipaje es aceptable.<\/p>\r\n<h2>Waiting time<\/h2>\r\n<p>In private transfers, the driver will be waiting for you with a sign with your name on it. The driver waits up to 10-15 minutes after the agreed time shown on the confirmation voucher. If you have a longer delay, please contact the telephone number on the confirmation voucher in advance. If customers do not show up at the agreed meeting point or do not contact the driver's contact phone number, the service will be considered a NO SHOW and no refunds will be given in that case.<\/p>\r\n<h2>Cancellation policy<\/h2>\r\n<p>Los precios de nuestros productos est\u00e1n sujetos a cambio sin aviso.<\/p>\r\n<p>We reserve the right to modify or discontinue the Service (or any part of the content) at any time without prior notice.<\/p>\r\n<p>No seremos responsables ante usted o alguna tercera parte por cualquier modificaci\u00f3n, cambio de precio, suspensi\u00f3n o discontinuidad del Servicio.<\/p>\r\n<p><img decoding=\"async\" loading=\"lazy\" src=\"https:\/\/walkingranada.com\/wp-content\/uploads\/2022\/10\/Rectangle-48.png\" alt=\"\" \/><\/p>\r\n<p>Bus tickets<\/p>\r\n<p><img decoding=\"async\" loading=\"lazy\" src=\"https:\/\/walkingranada.com\/wp-content\/uploads\/2022\/10\/Rectangle-38-2.png\" alt=\"\" \/><\/p>\r\n<p>Private <br \/>luxury transfers<\/p>\r\n<p><img decoding=\"async\" loading=\"lazy\" src=\"https:\/\/walkingranada.com\/wp-content\/uploads\/2022\/10\/Rectangle-36-2.png\" alt=\"\" \/><\/p>\r\n<p>Transfer for groups<\/p>\r\n<h3>Tambi\u00e9n puedes reservar nuestros otros servicios&#8230;<\/h3>\r\n<p><img decoding=\"async\" loading=\"lazy\" src=\"https:\/\/walkingranada.com\/wp-content\/uploads\/2022\/10\/Rectangle-42.png\" alt=\"\" \/><\/p>\r\n<h3>Flamenco<\/h3>\r\n<p><img decoding=\"async\" loading=\"lazy\" src=\"https:\/\/walkingranada.com\/wp-content\/uploads\/2022\/10\/Rectangle-43.png\" alt=\"\" \/><\/p>\r\n<h3>Hammam <br \/>Al-\u00e1ndalus<\/h3>\r\n<p><img decoding=\"async\" loading=\"lazy\" src=\"https:\/\/walkingranada.com\/wp-content\/uploads\/2022\/10\/Rectangle-45.png\" alt=\"\" \/><\/p>\r\n<h3>Day <br \/>trips<\/h3>\r\n<p><img decoding=\"async\" loading=\"lazy\" src=\"https:\/\/walkingranada.com\/wp-content\/uploads\/2022\/10\/Rectangle-38.png\" alt=\"\" \/><\/p>\r\n<h3>Olfactory route<\/h3>","protected":false},"excerpt":{"rendered":"<p>Condiciones generales de transfer Walk In Granada nunca se har\u00e1 cargo de p\u00e9rdida de vuelos u otras actividades reservadas. El cliente ser\u00e1 el \u00fanico responsable de conocer la hora de salida del vuelo o el inicio del evento o actividad reservada y solicitar el servicio de recogida con el tiempo de antelaci\u00f3n suficiente. La duraci\u00f3n &#8230; <a title=\"General transfers condition\" class=\"read-more\" href=\"https:\/\/walkingranada.com\/en\/transfers\/condiciones-generales-de-transfer\/\" aria-label=\"Read more about Condiciones generales de transfer\">Read more<\/a><\/p>","protected":false},"author":2,"featured_media":0,"parent":185,"menu_order":0,"comment_status":"closed","ping_status":"closed","template":"","meta":{"footnotes":""},"class_list":["post-3127","page","type-page","status-publish"],"yoast_head":"<!-- This site is optimized with the Yoast SEO plugin v27.5 - https:\/\/yoast.com\/product\/yoast-seo-wordpress\/ -->\n<title>Condiciones Generales Transfers<\/title>\n<meta name=\"description\" content=\"Es posible reservar traslados privados en Granada ciudad con un m\u00ednimo de 72 horas de antelaci\u00f3n. Consulta las condiciones.\" \/>\n<meta name=\"robots\" content=\"index, follow, max-snippet:-1, max-image-preview:large, max-video-preview:-1\" \/>\n<link rel=\"canonical\" href=\"https:\/\/walkingranada.com\/en\/transfers\/general-transfer-conditions\/\" \/>\n<meta property=\"og:locale\" content=\"en_GB\" \/>\n<meta property=\"og:type\" content=\"article\" \/>\n<meta property=\"og:title\" content=\"Condiciones Generales Transfers\" \/>\n<meta property=\"og:description\" content=\"Es posible reservar traslados privados en Granada ciudad con un m\u00ednimo de 72 horas de antelaci\u00f3n. Consulta las condiciones.\" \/>\n<meta property=\"og:url\" content=\"https:\/\/walkingranada.com\/en\/transfers\/general-transfer-conditions\/\" \/>\n<meta property=\"og:site_name\" content=\"Walk in Granada\" \/>\n<meta property=\"article:publisher\" content=\"https:\/\/es-es.facebook.com\/walkingranadatour\/\" \/>\n<meta property=\"article:modified_time\" content=\"2023-02-02T14:23:34+00:00\" \/>\n<meta property=\"og:image\" content=\"https:\/\/walkingranada.com\/wp-content\/uploads\/2022\/10\/Rectangle-48.png\" \/>\n<meta name=\"twitter:card\" content=\"summary_large_image\" \/>\n<meta name=\"twitter:site\" content=\"@walkingranada\" \/>\n<meta name=\"twitter:label1\" content=\"Estimated reading time\" \/>\n\t<meta name=\"twitter:data1\" content=\"4 minutes\" \/>\n<script type=\"application\/ld+json\" class=\"yoast-schema-graph\">{\"@context\":\"https:\\\/\\\/schema.org\",\"@graph\":[{\"@type\":\"WebPage\",\"@id\":\"https:\\\/\\\/walkingranada.com\\\/transfers\\\/condiciones-generales-de-transfer\\\/\",\"url\":\"https:\\\/\\\/walkingranada.com\\\/transfers\\\/condiciones-generales-de-transfer\\\/\",\"name\":\"Condiciones Generales Transfers\",\"isPartOf\":{\"@id\":\"https:\\\/\\\/walkingranada.com\\\/#website\"},\"primaryImageOfPage\":{\"@id\":\"https:\\\/\\\/walkingranada.com\\\/transfers\\\/condiciones-generales-de-transfer\\\/#primaryimage\"},\"image\":{\"@id\":\"https:\\\/\\\/walkingranada.com\\\/transfers\\\/condiciones-generales-de-transfer\\\/#primaryimage\"},\"thumbnailUrl\":\"https:\\\/\\\/walkingranada.com\\\/wp-content\\\/uploads\\\/2022\\\/10\\\/Rectangle-48.png\",\"datePublished\":\"2023-01-30T11:16:31+00:00\",\"dateModified\":\"2023-02-02T14:23:34+00:00\",\"description\":\"Es posible reservar traslados privados en Granada ciudad con un m\u00ednimo de 72 horas de antelaci\u00f3n. Consulta las condiciones.\",\"breadcrumb\":{\"@id\":\"https:\\\/\\\/walkingranada.com\\\/transfers\\\/condiciones-generales-de-transfer\\\/#breadcrumb\"},\"inLanguage\":\"en-GB\",\"potentialAction\":[{\"@type\":\"ReadAction\",\"target\":[\"https:\\\/\\\/walkingranada.com\\\/transfers\\\/condiciones-generales-de-transfer\\\/\"]}]},{\"@type\":\"ImageObject\",\"inLanguage\":\"en-GB\",\"@id\":\"https:\\\/\\\/walkingranada.com\\\/transfers\\\/condiciones-generales-de-transfer\\\/#primaryimage\",\"url\":\"https:\\\/\\\/walkingranada.com\\\/wp-content\\\/uploads\\\/2022\\\/10\\\/Rectangle-48.png\",\"contentUrl\":\"https:\\\/\\\/walkingranada.com\\\/wp-content\\\/uploads\\\/2022\\\/10\\\/Rectangle-48.png\"},{\"@type\":\"BreadcrumbList\",\"@id\":\"https:\\\/\\\/walkingranada.com\\\/transfers\\\/condiciones-generales-de-transfer\\\/#breadcrumb\",\"itemListElement\":[{\"@type\":\"ListItem\",\"position\":1,\"name\":\"Portada\",\"item\":\"https:\\\/\\\/walkingranada.com\\\/\"},{\"@type\":\"ListItem\",\"position\":2,\"name\":\"Transfers\",\"item\":\"https:\\\/\\\/walkingranada.com\\\/transfers\\\/\"},{\"@type\":\"ListItem\",\"position\":3,\"name\":\"Condiciones generales de transfer\"}]},{\"@type\":\"WebSite\",\"@id\":\"https:\\\/\\\/walkingranada.com\\\/#website\",\"url\":\"https:\\\/\\\/walkingranada.com\\\/\",\"name\":\"Walk in Granada\",\"description\":\"Turismo responsable\",\"publisher\":{\"@id\":\"https:\\\/\\\/walkingranada.com\\\/#organization\"},\"alternateName\":\"Walk in Granada\",\"potentialAction\":[{\"@type\":\"SearchAction\",\"target\":{\"@type\":\"EntryPoint\",\"urlTemplate\":\"https:\\\/\\\/walkingranada.com\\\/?s={search_term_string}\"},\"query-input\":{\"@type\":\"PropertyValueSpecification\",\"valueRequired\":true,\"valueName\":\"search_term_string\"}}],\"inLanguage\":\"en-GB\"},{\"@type\":\"Organization\",\"@id\":\"https:\\\/\\\/walkingranada.com\\\/#organization\",\"name\":\"Walk In Granada\",\"alternateName\":\"Walk In Granada\",\"url\":\"https:\\\/\\\/walkingranada.com\\\/\",\"logo\":{\"@type\":\"ImageObject\",\"inLanguage\":\"en-GB\",\"@id\":\"https:\\\/\\\/walkingranada.com\\\/#\\\/schema\\\/logo\\\/image\\\/\",\"url\":\"https:\\\/\\\/walkingranada.com\\\/wp-content\\\/uploads\\\/2022\\\/12\\\/Logo-Walking.webp\",\"contentUrl\":\"https:\\\/\\\/walkingranada.com\\\/wp-content\\\/uploads\\\/2022\\\/12\\\/Logo-Walking.webp\",\"width\":512,\"height\":512,\"caption\":\"Walk In Granada\"},\"image\":{\"@id\":\"https:\\\/\\\/walkingranada.com\\\/#\\\/schema\\\/logo\\\/image\\\/\"},\"sameAs\":[\"https:\\\/\\\/es-es.facebook.com\\\/walkingranadatour\\\/\",\"https:\\\/\\\/x.com\\\/walkingranada\",\"https:\\\/\\\/www.instagram.com\\\/walkingranada\\\/\"]}]}<\/script>\n<!-- \/ Yoast SEO plugin. -->","yoast_head_json":{"title":"General Conditions Transfers","description":"You can book private transfers in Granada city with a minimum of 72 hours in advance. Please check the conditions.","robots":{"index":"index","follow":"follow","max-snippet":"max-snippet:-1","max-image-preview":"max-image-preview:large","max-video-preview":"max-video-preview:-1"},"canonical":"https:\/\/walkingranada.com\/en\/transfers\/general-transfer-conditions\/","og_locale":"en_GB","og_type":"article","og_title":"Condiciones Generales Transfers","og_description":"Es posible reservar traslados privados en Granada ciudad con un m\u00ednimo de 72 horas de antelaci\u00f3n. Consulta las condiciones.","og_url":"https:\/\/walkingranada.com\/en\/transfers\/general-transfer-conditions\/","og_site_name":"Walk in Granada","article_publisher":"https:\/\/es-es.facebook.com\/walkingranadatour\/","article_modified_time":"2023-02-02T14:23:34+00:00","og_image":[{"url":"https:\/\/walkingranada.com\/wp-content\/uploads\/2022\/10\/Rectangle-48.png","type":"","width":"","height":""}],"twitter_card":"summary_large_image","twitter_site":"@walkingranada","twitter_misc":{"Estimated reading time":"4 minutes"},"schema":{"@context":"https:\/\/schema.org","@graph":[{"@type":"WebPage","@id":"https:\/\/walkingranada.com\/transfers\/condiciones-generales-de-transfer\/","url":"https:\/\/walkingranada.com\/transfers\/condiciones-generales-de-transfer\/","name":"General Conditions Transfers","isPartOf":{"@id":"https:\/\/walkingranada.com\/#website"},"primaryImageOfPage":{"@id":"https:\/\/walkingranada.com\/transfers\/condiciones-generales-de-transfer\/#primaryimage"},"image":{"@id":"https:\/\/walkingranada.com\/transfers\/condiciones-generales-de-transfer\/#primaryimage"},"thumbnailUrl":"https:\/\/walkingranada.com\/wp-content\/uploads\/2022\/10\/Rectangle-48.png","datePublished":"2023-01-30T11:16:31+00:00","dateModified":"2023-02-02T14:23:34+00:00","description":"You can book private transfers in Granada city with a minimum of 72 hours in advance. Please check the conditions.","breadcrumb":{"@id":"https:\/\/walkingranada.com\/transfers\/condiciones-generales-de-transfer\/#breadcrumb"},"inLanguage":"en-GB","potentialAction":[{"@type":"ReadAction","target":["https:\/\/walkingranada.com\/transfers\/condiciones-generales-de-transfer\/"]}]},{"@type":"ImageObject","inLanguage":"en-GB","@id":"https:\/\/walkingranada.com\/transfers\/condiciones-generales-de-transfer\/#primaryimage","url":"https:\/\/walkingranada.com\/wp-content\/uploads\/2022\/10\/Rectangle-48.png","contentUrl":"https:\/\/walkingranada.com\/wp-content\/uploads\/2022\/10\/Rectangle-48.png"},{"@type":"BreadcrumbList","@id":"https:\/\/walkingranada.com\/transfers\/condiciones-generales-de-transfer\/#breadcrumb","itemListElement":[{"@type":"ListItem","position":1,"name":"Portada","item":"https:\/\/walkingranada.com\/"},{"@type":"ListItem","position":2,"name":"Transfers","item":"https:\/\/walkingranada.com\/transfers\/"},{"@type":"ListItem","position":3,"name":"Condiciones generales de transfer"}]},{"@type":"WebSite","@id":"https:\/\/walkingranada.com\/#website","url":"https:\/\/walkingranada.com\/","name":"Walk in Granada","description":"Turismo responsable","publisher":{"@id":"https:\/\/walkingranada.com\/#organization"},"alternateName":"Walk in Granada","potentialAction":[{"@type":"SearchAction","target":{"@type":"EntryPoint","urlTemplate":"https:\/\/walkingranada.com\/?s={search_term_string}"},"query-input":{"@type":"PropertyValueSpecification","valueRequired":true,"valueName":"search_term_string"}}],"inLanguage":"en-GB"},{"@type":"Organization","@id":"https:\/\/walkingranada.com\/#organization","name":"Walk In Granada","alternateName":"Walk In Granada","url":"https:\/\/walkingranada.com\/","logo":{"@type":"ImageObject","inLanguage":"en-GB","@id":"https:\/\/walkingranada.com\/#\/schema\/logo\/image\/","url":"https:\/\/walkingranada.com\/wp-content\/uploads\/2022\/12\/Logo-Walking.webp","contentUrl":"https:\/\/walkingranada.com\/wp-content\/uploads\/2022\/12\/Logo-Walking.webp","width":512,"height":512,"caption":"Walk In Granada"},"image":{"@id":"https:\/\/walkingranada.com\/#\/schema\/logo\/image\/"},"sameAs":["https:\/\/es-es.facebook.com\/walkingranadatour\/","https:\/\/x.com\/walkingranada","https:\/\/www.instagram.com\/walkingranada\/"]}]}},"_links":{"self":[{"href":"https:\/\/walkingranada.com\/en\/wp-json\/wp\/v2\/pages\/3127","targetHints":{"allow":["GET"]}}],"collection":[{"href":"https:\/\/walkingranada.com\/en\/wp-json\/wp\/v2\/pages"}],"about":[{"href":"https:\/\/walkingranada.com\/en\/wp-json\/wp\/v2\/types\/page"}],"author":[{"embeddable":true,"href":"https:\/\/walkingranada.com\/en\/wp-json\/wp\/v2\/users\/2"}],"replies":[{"embeddable":true,"href":"https:\/\/walkingranada.com\/en\/wp-json\/wp\/v2\/comments?post=3127"}],"version-history":[{"count":0,"href":"https:\/\/walkingranada.com\/en\/wp-json\/wp\/v2\/pages\/3127\/revisions"}],"up":[{"embeddable":true,"href":"https:\/\/walkingranada.com\/en\/wp-json\/wp\/v2\/pages\/185"}],"wp:attachment":[{"href":"https:\/\/walkingranada.com\/en\/wp-json\/wp\/v2\/media?parent=3127"}],"curies":[{"name":"wp","href":"https:\/\/api.w.org\/{rel}","templated":true}]}}