{"id":185,"date":"2022-10-21T07:05:16","date_gmt":"2022-10-21T07:05:16","guid":{"rendered":"https:\/\/factum-omibu.es\/walkin\/?page_id=185"},"modified":"2025-05-30T06:44:48","modified_gmt":"2025-05-30T06:44:48","slug":"transfers","status":"publish","type":"page","link":"https:\/\/walkingranada.com\/en\/transfers\/","title":{"rendered":"Transfers"},"content":{"rendered":"<h1>Transfers<\/h1>\r\n<h2>Transfers<\/h2>\r\n<p>At Walk In Granada we want to facilitate your mobility during your stay and for this reason we offer you alternatives for your transfers within the city of Granada, throughout Andalusia and the rest of Spain.<\/p>\r\n<p>You can choose from cheap and easy options such as booking your regular bus tickets, private transfers in luxury vehicles with driver, or group transfers by bus or minibus.<\/p>\r\n<p><img decoding=\"async\" loading=\"lazy\" src=\"https:\/\/walkingranada.com\/wp-content\/uploads\/2022\/10\/Rectangle-48.png\" alt=\"imagen de un autob\u00fas\" \/><\/p>\r\n<h3>Bus tickets<\/h3>\r\n<p><img decoding=\"async\" loading=\"lazy\" src=\"https:\/\/walkingranada.com\/wp-content\/uploads\/2022\/10\/Rectangle-38-2.png\" alt=\"imagen de un coche\" \/><\/p>\r\n<h3>Private luxury<br \/>transfers<\/h3>\r\n<p><img decoding=\"async\" loading=\"lazy\" src=\"https:\/\/walkingranada.com\/wp-content\/uploads\/2022\/10\/Rectangle-36-2.png\" alt=\"coche\" \/><\/p>\r\n<h3>Transfer for groups<\/h3>\r\n<h2>Tambi\u00e9n puedes reservar nuestros otros servicios&#8230;<\/h2>\r\n<p><img decoding=\"async\" loading=\"lazy\" src=\"https:\/\/walkingranada.com\/wp-content\/uploads\/2022\/10\/Rectangle-42.png\" alt=\"bailaora flamenca\" \/><\/p>\r\n<h3>Flamenco<\/h3>\r\n<p><img decoding=\"async\" loading=\"lazy\" src=\"https:\/\/walkingranada.com\/wp-content\/uploads\/2022\/10\/Rectangle-43.png\" alt=\"ba\u00f1os \u00e1rabes\" \/><\/p>\r\n<h3>Hammam <br \/>Al-\u00e1ndalus<\/h3>\r\n<p><img decoding=\"async\" loading=\"lazy\" src=\"https:\/\/walkingranada.com\/wp-content\/uploads\/2022\/10\/Rectangle-45.png\" alt=\"mezquita de c\u00f3rdoba\" \/><\/p>\r\n<h3>Day <br \/>trips<\/h3>\r\n<p><img decoding=\"async\" loading=\"lazy\" src=\"https:\/\/walkingranada.com\/wp-content\/uploads\/2022\/10\/Rectangle-38.png\" alt=\"imagen de una chica joven\" \/><\/p>\r\n<h3>Olfactory route<\/h3>","protected":false},"excerpt":{"rendered":"<p>Transfers Transfers En Walk In Granada queremos facilitarte la movilidad durante tu estancia y para ello te ofrecemos alternativas para tus traslados tanto dentro de la ciudad de Granada, en toda Andaluc\u00eda o el resto de Espa\u00f1a. Puedes optar desde opciones econ\u00f3micas y sencillas como reservar tus billetes de autob\u00fas de l\u00ednea regular, transfers privados &#8230; <a title=\"Transfers\" class=\"read-more\" href=\"https:\/\/walkingranada.com\/en\/transfers\/\" aria-label=\"Read more about Transfers\">Read more<\/a><\/p>","protected":false},"author":2,"featured_media":0,"parent":0,"menu_order":0,"comment_status":"closed","ping_status":"closed","template":"","meta":{"footnotes":""},"class_list":["post-185","page","type-page","status-publish"],"yoast_head":"<!-- This site is optimized with the Yoast SEO plugin v27.4 - https:\/\/yoast.com\/product\/yoast-seo-wordpress\/ -->\n<title>Servicio de Transfer - Walk in Granada<\/title>\n<meta name=\"description\" content=\"\u00bfNecesitas servicio de Transfer en Granada? Ofrecemos m\u00faltiples opciones tanto para particulares como para grupos. \u00a1Echa un vistazo!\" \/>\n<meta name=\"robots\" content=\"index, follow, max-snippet:-1, max-image-preview:large, max-video-preview:-1\" \/>\n<link rel=\"canonical\" href=\"https:\/\/walkingranada.com\/en\/transfers\/\" \/>\n<meta property=\"og:locale\" content=\"en_GB\" \/>\n<meta property=\"og:type\" content=\"article\" \/>\n<meta property=\"og:title\" content=\"Servicio de Transfer - Walk in Granada\" \/>\n<meta property=\"og:description\" content=\"\u00bfNecesitas servicio de Transfer en Granada? Ofrecemos m\u00faltiples opciones tanto para particulares como para grupos. \u00a1Echa un vistazo!\" \/>\n<meta property=\"og:url\" content=\"https:\/\/walkingranada.com\/en\/transfers\/\" \/>\n<meta property=\"og:site_name\" content=\"Walk in Granada\" \/>\n<meta property=\"article:publisher\" content=\"https:\/\/es-es.facebook.com\/walkingranadatour\/\" \/>\n<meta property=\"article:modified_time\" content=\"2025-05-30T06:44:48+00:00\" \/>\n<meta property=\"og:image\" content=\"https:\/\/walkingranada.com\/wp-content\/uploads\/2022\/10\/Rectangle-48.png\" \/>\n<meta name=\"twitter:card\" content=\"summary_large_image\" \/>\n<meta name=\"twitter:site\" content=\"@walkingranada\" \/>\n<meta name=\"twitter:label1\" content=\"Estimated reading time\" \/>\n\t<meta name=\"twitter:data1\" content=\"2 minutes\" \/>\n<script type=\"application\/ld+json\" class=\"yoast-schema-graph\">{\"@context\":\"https:\\\/\\\/schema.org\",\"@graph\":[{\"@type\":\"WebPage\",\"@id\":\"https:\\\/\\\/walkingranada.com\\\/transfers\\\/\",\"url\":\"https:\\\/\\\/walkingranada.com\\\/transfers\\\/\",\"name\":\"Servicio de Transfer - Walk in Granada\",\"isPartOf\":{\"@id\":\"https:\\\/\\\/walkingranada.com\\\/#website\"},\"primaryImageOfPage\":{\"@id\":\"https:\\\/\\\/walkingranada.com\\\/transfers\\\/#primaryimage\"},\"image\":{\"@id\":\"https:\\\/\\\/walkingranada.com\\\/transfers\\\/#primaryimage\"},\"thumbnailUrl\":\"https:\\\/\\\/walkingranada.com\\\/wp-content\\\/uploads\\\/2022\\\/10\\\/Rectangle-48.png\",\"datePublished\":\"2022-10-21T07:05:16+00:00\",\"dateModified\":\"2025-05-30T06:44:48+00:00\",\"description\":\"\u00bfNecesitas servicio de Transfer en Granada? Ofrecemos m\u00faltiples opciones tanto para particulares como para grupos. \u00a1Echa un vistazo!\",\"breadcrumb\":{\"@id\":\"https:\\\/\\\/walkingranada.com\\\/transfers\\\/#breadcrumb\"},\"inLanguage\":\"en-GB\",\"potentialAction\":[{\"@type\":\"ReadAction\",\"target\":[\"https:\\\/\\\/walkingranada.com\\\/transfers\\\/\"]}]},{\"@type\":\"ImageObject\",\"inLanguage\":\"en-GB\",\"@id\":\"https:\\\/\\\/walkingranada.com\\\/transfers\\\/#primaryimage\",\"url\":\"https:\\\/\\\/walkingranada.com\\\/wp-content\\\/uploads\\\/2022\\\/10\\\/Rectangle-48.png\",\"contentUrl\":\"https:\\\/\\\/walkingranada.com\\\/wp-content\\\/uploads\\\/2022\\\/10\\\/Rectangle-48.png\"},{\"@type\":\"BreadcrumbList\",\"@id\":\"https:\\\/\\\/walkingranada.com\\\/transfers\\\/#breadcrumb\",\"itemListElement\":[{\"@type\":\"ListItem\",\"position\":1,\"name\":\"Portada\",\"item\":\"https:\\\/\\\/walkingranada.com\\\/\"},{\"@type\":\"ListItem\",\"position\":2,\"name\":\"Transfers\"}]},{\"@type\":\"WebSite\",\"@id\":\"https:\\\/\\\/walkingranada.com\\\/#website\",\"url\":\"https:\\\/\\\/walkingranada.com\\\/\",\"name\":\"Walk in Granada\",\"description\":\"Turismo responsable\",\"publisher\":{\"@id\":\"https:\\\/\\\/walkingranada.com\\\/#organization\"},\"alternateName\":\"Walk in Granada\",\"potentialAction\":[{\"@type\":\"SearchAction\",\"target\":{\"@type\":\"EntryPoint\",\"urlTemplate\":\"https:\\\/\\\/walkingranada.com\\\/?s={search_term_string}\"},\"query-input\":{\"@type\":\"PropertyValueSpecification\",\"valueRequired\":true,\"valueName\":\"search_term_string\"}}],\"inLanguage\":\"en-GB\"},{\"@type\":\"Organization\",\"@id\":\"https:\\\/\\\/walkingranada.com\\\/#organization\",\"name\":\"Walk In Granada\",\"alternateName\":\"Walk In Granada\",\"url\":\"https:\\\/\\\/walkingranada.com\\\/\",\"logo\":{\"@type\":\"ImageObject\",\"inLanguage\":\"en-GB\",\"@id\":\"https:\\\/\\\/walkingranada.com\\\/#\\\/schema\\\/logo\\\/image\\\/\",\"url\":\"https:\\\/\\\/walkingranada.com\\\/wp-content\\\/uploads\\\/2022\\\/12\\\/Logo-Walking.webp\",\"contentUrl\":\"https:\\\/\\\/walkingranada.com\\\/wp-content\\\/uploads\\\/2022\\\/12\\\/Logo-Walking.webp\",\"width\":512,\"height\":512,\"caption\":\"Walk In Granada\"},\"image\":{\"@id\":\"https:\\\/\\\/walkingranada.com\\\/#\\\/schema\\\/logo\\\/image\\\/\"},\"sameAs\":[\"https:\\\/\\\/es-es.facebook.com\\\/walkingranadatour\\\/\",\"https:\\\/\\\/x.com\\\/walkingranada\",\"https:\\\/\\\/www.instagram.com\\\/walkingranada\\\/\"]}]}<\/script>\n<!-- \/ Yoast SEO plugin. -->","yoast_head_json":{"title":"Transfer Service - Walk in Granada","description":"Do you need a Transfer service in Granada? We offer multiple options for both individuals and groups. Take a look!","robots":{"index":"index","follow":"follow","max-snippet":"max-snippet:-1","max-image-preview":"max-image-preview:large","max-video-preview":"max-video-preview:-1"},"canonical":"https:\/\/walkingranada.com\/en\/transfers\/","og_locale":"en_GB","og_type":"article","og_title":"Servicio de Transfer - Walk in Granada","og_description":"\u00bfNecesitas servicio de Transfer en Granada? Ofrecemos m\u00faltiples opciones tanto para particulares como para grupos. \u00a1Echa un vistazo!","og_url":"https:\/\/walkingranada.com\/en\/transfers\/","og_site_name":"Walk in Granada","article_publisher":"https:\/\/es-es.facebook.com\/walkingranadatour\/","article_modified_time":"2025-05-30T06:44:48+00:00","og_image":[{"url":"https:\/\/walkingranada.com\/wp-content\/uploads\/2022\/10\/Rectangle-48.png","type":"","width":"","height":""}],"twitter_card":"summary_large_image","twitter_site":"@walkingranada","twitter_misc":{"Estimated reading time":"2 minutes"},"schema":{"@context":"https:\/\/schema.org","@graph":[{"@type":"WebPage","@id":"https:\/\/walkingranada.com\/transfers\/","url":"https:\/\/walkingranada.com\/transfers\/","name":"Transfer Service - Walk in Granada","isPartOf":{"@id":"https:\/\/walkingranada.com\/#website"},"primaryImageOfPage":{"@id":"https:\/\/walkingranada.com\/transfers\/#primaryimage"},"image":{"@id":"https:\/\/walkingranada.com\/transfers\/#primaryimage"},"thumbnailUrl":"https:\/\/walkingranada.com\/wp-content\/uploads\/2022\/10\/Rectangle-48.png","datePublished":"2022-10-21T07:05:16+00:00","dateModified":"2025-05-30T06:44:48+00:00","description":"Do you need a Transfer service in Granada? We offer multiple options for both individuals and groups. Take a look!","breadcrumb":{"@id":"https:\/\/walkingranada.com\/transfers\/#breadcrumb"},"inLanguage":"en-GB","potentialAction":[{"@type":"ReadAction","target":["https:\/\/walkingranada.com\/transfers\/"]}]},{"@type":"ImageObject","inLanguage":"en-GB","@id":"https:\/\/walkingranada.com\/transfers\/#primaryimage","url":"https:\/\/walkingranada.com\/wp-content\/uploads\/2022\/10\/Rectangle-48.png","contentUrl":"https:\/\/walkingranada.com\/wp-content\/uploads\/2022\/10\/Rectangle-48.png"},{"@type":"BreadcrumbList","@id":"https:\/\/walkingranada.com\/transfers\/#breadcrumb","itemListElement":[{"@type":"ListItem","position":1,"name":"Portada","item":"https:\/\/walkingranada.com\/"},{"@type":"ListItem","position":2,"name":"Transfers"}]},{"@type":"WebSite","@id":"https:\/\/walkingranada.com\/#website","url":"https:\/\/walkingranada.com\/","name":"Walk in Granada","description":"Turismo responsable","publisher":{"@id":"https:\/\/walkingranada.com\/#organization"},"alternateName":"Walk in Granada","potentialAction":[{"@type":"SearchAction","target":{"@type":"EntryPoint","urlTemplate":"https:\/\/walkingranada.com\/?s={search_term_string}"},"query-input":{"@type":"PropertyValueSpecification","valueRequired":true,"valueName":"search_term_string"}}],"inLanguage":"en-GB"},{"@type":"Organization","@id":"https:\/\/walkingranada.com\/#organization","name":"Walk In Granada","alternateName":"Walk In Granada","url":"https:\/\/walkingranada.com\/","logo":{"@type":"ImageObject","inLanguage":"en-GB","@id":"https:\/\/walkingranada.com\/#\/schema\/logo\/image\/","url":"https:\/\/walkingranada.com\/wp-content\/uploads\/2022\/12\/Logo-Walking.webp","contentUrl":"https:\/\/walkingranada.com\/wp-content\/uploads\/2022\/12\/Logo-Walking.webp","width":512,"height":512,"caption":"Walk In Granada"},"image":{"@id":"https:\/\/walkingranada.com\/#\/schema\/logo\/image\/"},"sameAs":["https:\/\/es-es.facebook.com\/walkingranadatour\/","https:\/\/x.com\/walkingranada","https:\/\/www.instagram.com\/walkingranada\/"]}]}},"_links":{"self":[{"href":"https:\/\/walkingranada.com\/en\/wp-json\/wp\/v2\/pages\/185","targetHints":{"allow":["GET"]}}],"collection":[{"href":"https:\/\/walkingranada.com\/en\/wp-json\/wp\/v2\/pages"}],"about":[{"href":"https:\/\/walkingranada.com\/en\/wp-json\/wp\/v2\/types\/page"}],"author":[{"embeddable":true,"href":"https:\/\/walkingranada.com\/en\/wp-json\/wp\/v2\/users\/2"}],"replies":[{"embeddable":true,"href":"https:\/\/walkingranada.com\/en\/wp-json\/wp\/v2\/comments?post=185"}],"version-history":[{"count":1,"href":"https:\/\/walkingranada.com\/en\/wp-json\/wp\/v2\/pages\/185\/revisions"}],"predecessor-version":[{"id":6978,"href":"https:\/\/walkingranada.com\/en\/wp-json\/wp\/v2\/pages\/185\/revisions\/6978"}],"wp:attachment":[{"href":"https:\/\/walkingranada.com\/en\/wp-json\/wp\/v2\/media?parent=185"}],"curies":[{"name":"wp","href":"https:\/\/api.w.org\/{rel}","templated":true}]}}