{"id":1607,"date":"2022-12-27T11:56:26","date_gmt":"2022-12-27T11:56:26","guid":{"rendered":"https:\/\/factum-omibu.es\/walkin\/?page_id=1607"},"modified":"2023-05-22T06:40:37","modified_gmt":"2023-05-22T06:40:37","slug":"how-to-get-to-the-plaza-de-la-romanilla","status":"publish","type":"page","link":"https:\/\/walkingranada.com\/en\/como-llegar-a-plaza-de-la-romanilla\/","title":{"rendered":"Como llegar a Plaza de la Romanilla"},"content":{"rendered":"<h1>How to get to Plaza de la Romanilla<\/h1>\r\n<p><a id=\"fl-tabs--label-0\" tabindex=\"0\" role=\"tab\" href=\"#\" data-index=\"0\" aria-selected=\"true\" aria-controls=\"fl-tabs--panel-0\" aria-expanded=\"true\"> <img decoding=\"async\" loading=\"lazy\" src=\"https:\/\/walkingranada.com\/wp-content\/uploads\/2022\/12\/a-pie.png\" alt=\"a pie\" \/>By foot <\/a> <a id=\"fl-tabs--label-1\" tabindex=\"0\" role=\"tab\" href=\"#\" data-index=\"1\" aria-selected=\"false\" aria-controls=\"fl-tabs--panel-1\" aria-expanded=\"false\"> <img decoding=\"async\" loading=\"lazy\" src=\"https:\/\/walkingranada.com\/wp-content\/uploads\/2022\/12\/bus.png\" alt=\"autobus\" \/>By bus <\/a> <a id=\"fl-tabs--label-2\" tabindex=\"0\" role=\"tab\" href=\"#\" data-index=\"2\" aria-selected=\"false\" aria-controls=\"fl-tabs--panel-2\" aria-expanded=\"false\"> <img decoding=\"async\" loading=\"lazy\" src=\"https:\/\/walkingranada.com\/wp-content\/uploads\/2022\/12\/taxi.png\" alt=\"taxi\" \/>By taxi <\/a> <a id=\"fl-tabs--label-3\" tabindex=\"0\" role=\"tab\" href=\"#\" data-index=\"3\" aria-selected=\"false\" aria-controls=\"fl-tabs--panel-3\" aria-expanded=\"false\"> <img decoding=\"async\" loading=\"lazy\" src=\"https:\/\/walkingranada.com\/wp-content\/uploads\/2022\/12\/coche.png\" alt=\"taxi\" \/>By car <\/a> <img decoding=\"async\" loading=\"lazy\" src=\"https:\/\/walkingranada.com\/wp-content\/uploads\/2022\/12\/a-pie.png\" alt=\"a pie\" \/>By foot<\/p>\r\n<p>The Plaza de la Romanilla is very close to the Cathedral of Granada. You can reach this central square from several directions, among others:<\/p>\r\n<ul>\r\n<li>Via Gran V\u00eda or Calle San Jer\u00f3nimo, if you are coming from the Triunfo area.<\/li>\r\n<li>On C\u00e1rcel Baja street, if you are coming from the Centro area.<\/li>\r\n<li>By Cuesta Gomerez, if you come from the Alhambra<\/li>\r\n<li>Par Carrera del Darro, si vous venez des quartiers de l'Albaic\u00edn ou du Sacromonte.<\/li>\r\n<li>Pavaneras street, if you come from the Realejo neighbourhood.<\/li>\r\n<\/ul>\r\n<p>A no ser que te encuentres en una zona muy a las afueras de la ciudad, la distancia m\u00e1xima desde pr\u00e1cticamente cualquier lugar de la ciudad hasta Plaza Nueva no supera los 1,200 &#8211; 1500 metros (entre 15 y 20 minutos). Depende de tu ritmo.<\/p>\r\n<p><img decoding=\"async\" loading=\"lazy\" src=\"https:\/\/walkingranada.com\/wp-content\/uploads\/2022\/12\/bus.png\" alt=\"autobus\" \/>By bus<\/p>\r\n<p>No hay una l\u00ednea de bus que tenga una parada en la misma plaza. Sin embargo, existen l\u00edneas de autob\u00fas que cuentan con paradas muy cercanas a este lugar como son Plaza Isabel la Cat\u00f3lica o Gran V\u00eda Catedral,. Estas l\u00edneas son las del minib\u00fas rojo que cubren la zona Centro: C31 (Albaic\u00edn &#8211; Centro), C32 (Alhambra &#8211; Albaic\u00edn) y C34 (Sacromonte &#8211; Centro). Tambi\u00e9n llegan hasta cerca de Plaza de la Romanilla las l\u00edneas C30 (Alhambra &#8211; Centro), C5 (Neptuno &#8211; Centro), 4 (Chana &#8211; Zaid\u00edn) y 33 (Cenes de la Vega &#8211; Estaci\u00f3n Autobuses). Estos autobuses pasan con bastante frecuencia, cada 15-20 minutos, y el precio del billete normal es de 1,40 \u20ac. En los estancos se pueden adquirir bonos de varios viajes desde 5 o 10 \u20ac, siendo el viaje individual mucho m\u00e1s barato.<\/p>\r\n<p><img decoding=\"async\" loading=\"lazy\" src=\"https:\/\/walkingranada.com\/wp-content\/uploads\/2022\/12\/taxi.png\" alt=\"taxi\" \/>By taxi<\/p>\r\n<p>From almost any point in the city center it can cost between \u20ac5 and \u20ac10 and it takes about 10 to 15 minutes to get there. (Tele-radio-taxi: 958 280 654) <a href=\"tel:+34958280654\">+34 958 280 654<\/a>)<\/p>\r\n<p><img decoding=\"async\" loading=\"lazy\" src=\"https:\/\/walkingranada.com\/wp-content\/uploads\/2022\/12\/coche.png\" alt=\"taxi\" \/>By car<\/p>\r\n<p>Access to Plaza Romanilla by car is quite complex as there are several streets in the centre that are restricted to road traffic. For this reason it is not possible to reach the square itself by car, and it is necessary to park the car a few minutes away from the place and finish the route on foot.<\/p>\r\n<p>n el centro de Granada las opciones de parking gratuito son muy reducidas,\u00a0 por ello recomendamos dejar el coche en uno de los parkings del centro y moverlo lo menor posible durante su estancia en la ciudad. El Parking de San Agust\u00edn est\u00e1 justo bajo el mercado central de Granada y es uno de los m\u00e1s cercanos, a s\u00f3lo 2-3 minutos a pie de Plaza de la Romanilla. Otros Parkings cercanos son el Parking de Plaza de los Campos (a unos 10 minutos a pie), o el Parking del Triunfo (a 15 minutos a pie).\u00a0 El precio de estos Parkings es de aproximadamente \u20ac 2,50 la hora<\/p>\r\n<h3>Tambi\u00e9n puedes reservar nuestros otros servicicios&#8230;<\/h3>\r\n<p><img decoding=\"async\" loading=\"lazy\" src=\"https:\/\/walkingranada.com\/wp-content\/uploads\/2022\/10\/Rectangle-42.png\" alt=\"\" \/><\/p>\r\n<p>Flamenco<\/p>\r\n<p><img decoding=\"async\" loading=\"lazy\" src=\"https:\/\/walkingranada.com\/wp-content\/uploads\/2022\/10\/Rectangle-43.png\" alt=\"\" \/><\/p>\r\n<p>Hammam<br \/>Al-\u00e1ndalus<\/p>\r\n<p><img decoding=\"async\" loading=\"lazy\" src=\"https:\/\/walkingranada.com\/wp-content\/uploads\/2022\/10\/Rectangle-45.png\" alt=\"\" \/><\/p>\r\n<p>Day trips<\/p>\r\n<p><img decoding=\"async\" loading=\"lazy\" src=\"https:\/\/walkingranada.com\/wp-content\/uploads\/2022\/10\/Rectangle-38.png\" alt=\"\" \/><\/p>\r\n<p>Olfactory route<\/p>","protected":false},"excerpt":{"rendered":"<p>C\u00f3mo llegar a Plaza de la Romanilla A pie Autobus Taxi Coche A pie La Plaza de la Romanilla queda muy cerca de la Catedral de Granada. Puedes llegar hasta esta c\u00e9ntrica plaza desde varias direcciones, entre otras: Por la Gran V\u00eda o Calle San Jer\u00f3nimo, si vienes desde la zona del Triunfo. Por la &#8230; <a title=\"Como llegar a Plaza de la Romanilla\" class=\"read-more\" href=\"https:\/\/walkingranada.com\/en\/como-llegar-a-plaza-de-la-romanilla\/\" aria-label=\"Read more about Como llegar a Plaza de la Romanilla\">Read more<\/a><\/p>","protected":false},"author":2,"featured_media":2716,"parent":0,"menu_order":0,"comment_status":"closed","ping_status":"closed","template":"","meta":{"footnotes":""},"class_list":["post-1607","page","type-page","status-publish","has-post-thumbnail"],"yoast_head":"<!-- This site is optimized with the Yoast SEO plugin v27.5 - https:\/\/yoast.com\/product\/yoast-seo-wordpress\/ -->\n<title>C\u00f3mo llegar a la Plaza de la Romanilla - Walk in Granada<\/title>\n<meta name=\"description\" content=\"C\u00f3mo llegar a la Plaza de la Romanilla: Aqu\u00ed te desglosamos las diferentes opciones para llegar hasta esta c\u00e9ntrica plaza de Granada.\" \/>\n<meta name=\"robots\" content=\"index, follow, max-snippet:-1, max-image-preview:large, max-video-preview:-1\" \/>\n<link rel=\"canonical\" href=\"https:\/\/walkingranada.com\/en\/how-to-get-to-the-plaza-de-la-romanilla\/\" \/>\n<meta property=\"og:locale\" content=\"en_GB\" \/>\n<meta property=\"og:type\" content=\"article\" \/>\n<meta property=\"og:title\" content=\"C\u00f3mo llegar a la Plaza de la Romanilla - Walk in Granada\" \/>\n<meta property=\"og:description\" content=\"C\u00f3mo llegar a la Plaza de la Romanilla: Aqu\u00ed te desglosamos las diferentes opciones para llegar hasta esta c\u00e9ntrica plaza de Granada.\" \/>\n<meta property=\"og:url\" content=\"https:\/\/walkingranada.com\/en\/how-to-get-to-the-plaza-de-la-romanilla\/\" \/>\n<meta property=\"og:site_name\" content=\"Walk in Granada\" \/>\n<meta property=\"article:publisher\" content=\"https:\/\/es-es.facebook.com\/walkingranadatour\/\" \/>\n<meta property=\"article:modified_time\" content=\"2023-05-22T06:40:37+00:00\" \/>\n<meta property=\"og:image\" content=\"https:\/\/walkingranada.com\/wp-content\/uploads\/2023\/01\/plaza-romanilla.webp\" \/>\n\t<meta property=\"og:image:width\" content=\"711\" \/>\n\t<meta property=\"og:image:height\" content=\"398\" \/>\n\t<meta property=\"og:image:type\" content=\"image\/webp\" \/>\n<meta name=\"twitter:card\" content=\"summary_large_image\" \/>\n<meta name=\"twitter:site\" content=\"@walkingranada\" \/>\n<meta name=\"twitter:label1\" content=\"Estimated reading time\" \/>\n\t<meta name=\"twitter:data1\" content=\"5 minutes\" \/>\n<script type=\"application\/ld+json\" class=\"yoast-schema-graph\">{\"@context\":\"https:\\\/\\\/schema.org\",\"@graph\":[{\"@type\":\"WebPage\",\"@id\":\"https:\\\/\\\/walkingranada.com\\\/como-llegar-a-plaza-de-la-romanilla\\\/\",\"url\":\"https:\\\/\\\/walkingranada.com\\\/como-llegar-a-plaza-de-la-romanilla\\\/\",\"name\":\"C\u00f3mo llegar a la Plaza de la Romanilla - Walk in Granada\",\"isPartOf\":{\"@id\":\"https:\\\/\\\/walkingranada.com\\\/#website\"},\"primaryImageOfPage\":{\"@id\":\"https:\\\/\\\/walkingranada.com\\\/como-llegar-a-plaza-de-la-romanilla\\\/#primaryimage\"},\"image\":{\"@id\":\"https:\\\/\\\/walkingranada.com\\\/como-llegar-a-plaza-de-la-romanilla\\\/#primaryimage\"},\"thumbnailUrl\":\"https:\\\/\\\/walkingranada.com\\\/wp-content\\\/uploads\\\/2023\\\/01\\\/plaza-romanilla.webp\",\"datePublished\":\"2022-12-27T11:56:26+00:00\",\"dateModified\":\"2023-05-22T06:40:37+00:00\",\"description\":\"C\u00f3mo llegar a la Plaza de la Romanilla: Aqu\u00ed te desglosamos las diferentes opciones para llegar hasta esta c\u00e9ntrica plaza de Granada.\",\"breadcrumb\":{\"@id\":\"https:\\\/\\\/walkingranada.com\\\/como-llegar-a-plaza-de-la-romanilla\\\/#breadcrumb\"},\"inLanguage\":\"en-GB\",\"potentialAction\":[{\"@type\":\"ReadAction\",\"target\":[\"https:\\\/\\\/walkingranada.com\\\/como-llegar-a-plaza-de-la-romanilla\\\/\"]}]},{\"@type\":\"ImageObject\",\"inLanguage\":\"en-GB\",\"@id\":\"https:\\\/\\\/walkingranada.com\\\/como-llegar-a-plaza-de-la-romanilla\\\/#primaryimage\",\"url\":\"https:\\\/\\\/walkingranada.com\\\/wp-content\\\/uploads\\\/2023\\\/01\\\/plaza-romanilla.webp\",\"contentUrl\":\"https:\\\/\\\/walkingranada.com\\\/wp-content\\\/uploads\\\/2023\\\/01\\\/plaza-romanilla.webp\",\"width\":711,\"height\":398,\"caption\":\"plaza romanilla\"},{\"@type\":\"BreadcrumbList\",\"@id\":\"https:\\\/\\\/walkingranada.com\\\/como-llegar-a-plaza-de-la-romanilla\\\/#breadcrumb\",\"itemListElement\":[{\"@type\":\"ListItem\",\"position\":1,\"name\":\"Portada\",\"item\":\"https:\\\/\\\/walkingranada.com\\\/\"},{\"@type\":\"ListItem\",\"position\":2,\"name\":\"Como llegar a Plaza de la Romanilla\"}]},{\"@type\":\"WebSite\",\"@id\":\"https:\\\/\\\/walkingranada.com\\\/#website\",\"url\":\"https:\\\/\\\/walkingranada.com\\\/\",\"name\":\"Walk in Granada\",\"description\":\"Turismo responsable\",\"publisher\":{\"@id\":\"https:\\\/\\\/walkingranada.com\\\/#organization\"},\"alternateName\":\"Walk in Granada\",\"potentialAction\":[{\"@type\":\"SearchAction\",\"target\":{\"@type\":\"EntryPoint\",\"urlTemplate\":\"https:\\\/\\\/walkingranada.com\\\/?s={search_term_string}\"},\"query-input\":{\"@type\":\"PropertyValueSpecification\",\"valueRequired\":true,\"valueName\":\"search_term_string\"}}],\"inLanguage\":\"en-GB\"},{\"@type\":\"Organization\",\"@id\":\"https:\\\/\\\/walkingranada.com\\\/#organization\",\"name\":\"Walk In Granada\",\"alternateName\":\"Walk In Granada\",\"url\":\"https:\\\/\\\/walkingranada.com\\\/\",\"logo\":{\"@type\":\"ImageObject\",\"inLanguage\":\"en-GB\",\"@id\":\"https:\\\/\\\/walkingranada.com\\\/#\\\/schema\\\/logo\\\/image\\\/\",\"url\":\"https:\\\/\\\/walkingranada.com\\\/wp-content\\\/uploads\\\/2022\\\/12\\\/Logo-Walking.webp\",\"contentUrl\":\"https:\\\/\\\/walkingranada.com\\\/wp-content\\\/uploads\\\/2022\\\/12\\\/Logo-Walking.webp\",\"width\":512,\"height\":512,\"caption\":\"Walk In Granada\"},\"image\":{\"@id\":\"https:\\\/\\\/walkingranada.com\\\/#\\\/schema\\\/logo\\\/image\\\/\"},\"sameAs\":[\"https:\\\/\\\/es-es.facebook.com\\\/walkingranadatour\\\/\",\"https:\\\/\\\/x.com\\\/walkingranada\",\"https:\\\/\\\/www.instagram.com\\\/walkingranada\\\/\"]}]}<\/script>\n<!-- \/ Yoast SEO plugin. -->","yoast_head_json":{"title":"How to get to Plaza de la Romanilla - Walk in Granada","description":"How to get to Plaza de la Romanilla: Here we break down the different options to get to this central square in Granada.","robots":{"index":"index","follow":"follow","max-snippet":"max-snippet:-1","max-image-preview":"max-image-preview:large","max-video-preview":"max-video-preview:-1"},"canonical":"https:\/\/walkingranada.com\/en\/how-to-get-to-the-plaza-de-la-romanilla\/","og_locale":"en_GB","og_type":"article","og_title":"C\u00f3mo llegar a la Plaza de la Romanilla - Walk in Granada","og_description":"C\u00f3mo llegar a la Plaza de la Romanilla: Aqu\u00ed te desglosamos las diferentes opciones para llegar hasta esta c\u00e9ntrica plaza de Granada.","og_url":"https:\/\/walkingranada.com\/en\/how-to-get-to-the-plaza-de-la-romanilla\/","og_site_name":"Walk in Granada","article_publisher":"https:\/\/es-es.facebook.com\/walkingranadatour\/","article_modified_time":"2023-05-22T06:40:37+00:00","og_image":[{"width":711,"height":398,"url":"https:\/\/walkingranada.com\/wp-content\/uploads\/2023\/01\/plaza-romanilla.webp","type":"image\/webp"}],"twitter_card":"summary_large_image","twitter_site":"@walkingranada","twitter_misc":{"Estimated reading time":"5 minutes"},"schema":{"@context":"https:\/\/schema.org","@graph":[{"@type":"WebPage","@id":"https:\/\/walkingranada.com\/como-llegar-a-plaza-de-la-romanilla\/","url":"https:\/\/walkingranada.com\/como-llegar-a-plaza-de-la-romanilla\/","name":"How to get to Plaza de la Romanilla - Walk in Granada","isPartOf":{"@id":"https:\/\/walkingranada.com\/#website"},"primaryImageOfPage":{"@id":"https:\/\/walkingranada.com\/como-llegar-a-plaza-de-la-romanilla\/#primaryimage"},"image":{"@id":"https:\/\/walkingranada.com\/como-llegar-a-plaza-de-la-romanilla\/#primaryimage"},"thumbnailUrl":"https:\/\/walkingranada.com\/wp-content\/uploads\/2023\/01\/plaza-romanilla.webp","datePublished":"2022-12-27T11:56:26+00:00","dateModified":"2023-05-22T06:40:37+00:00","description":"How to get to Plaza de la Romanilla: Here we break down the different options to get to this central square in Granada.","breadcrumb":{"@id":"https:\/\/walkingranada.com\/como-llegar-a-plaza-de-la-romanilla\/#breadcrumb"},"inLanguage":"en-GB","potentialAction":[{"@type":"ReadAction","target":["https:\/\/walkingranada.com\/como-llegar-a-plaza-de-la-romanilla\/"]}]},{"@type":"ImageObject","inLanguage":"en-GB","@id":"https:\/\/walkingranada.com\/como-llegar-a-plaza-de-la-romanilla\/#primaryimage","url":"https:\/\/walkingranada.com\/wp-content\/uploads\/2023\/01\/plaza-romanilla.webp","contentUrl":"https:\/\/walkingranada.com\/wp-content\/uploads\/2023\/01\/plaza-romanilla.webp","width":711,"height":398,"caption":"plaza romanilla"},{"@type":"BreadcrumbList","@id":"https:\/\/walkingranada.com\/como-llegar-a-plaza-de-la-romanilla\/#breadcrumb","itemListElement":[{"@type":"ListItem","position":1,"name":"Portada","item":"https:\/\/walkingranada.com\/"},{"@type":"ListItem","position":2,"name":"Como llegar a Plaza de la Romanilla"}]},{"@type":"WebSite","@id":"https:\/\/walkingranada.com\/#website","url":"https:\/\/walkingranada.com\/","name":"Walk in Granada","description":"Turismo responsable","publisher":{"@id":"https:\/\/walkingranada.com\/#organization"},"alternateName":"Walk in Granada","potentialAction":[{"@type":"SearchAction","target":{"@type":"EntryPoint","urlTemplate":"https:\/\/walkingranada.com\/?s={search_term_string}"},"query-input":{"@type":"PropertyValueSpecification","valueRequired":true,"valueName":"search_term_string"}}],"inLanguage":"en-GB"},{"@type":"Organization","@id":"https:\/\/walkingranada.com\/#organization","name":"Walk In Granada","alternateName":"Walk In Granada","url":"https:\/\/walkingranada.com\/","logo":{"@type":"ImageObject","inLanguage":"en-GB","@id":"https:\/\/walkingranada.com\/#\/schema\/logo\/image\/","url":"https:\/\/walkingranada.com\/wp-content\/uploads\/2022\/12\/Logo-Walking.webp","contentUrl":"https:\/\/walkingranada.com\/wp-content\/uploads\/2022\/12\/Logo-Walking.webp","width":512,"height":512,"caption":"Walk In Granada"},"image":{"@id":"https:\/\/walkingranada.com\/#\/schema\/logo\/image\/"},"sameAs":["https:\/\/es-es.facebook.com\/walkingranadatour\/","https:\/\/x.com\/walkingranada","https:\/\/www.instagram.com\/walkingranada\/"]}]}},"_links":{"self":[{"href":"https:\/\/walkingranada.com\/en\/wp-json\/wp\/v2\/pages\/1607","targetHints":{"allow":["GET"]}}],"collection":[{"href":"https:\/\/walkingranada.com\/en\/wp-json\/wp\/v2\/pages"}],"about":[{"href":"https:\/\/walkingranada.com\/en\/wp-json\/wp\/v2\/types\/page"}],"author":[{"embeddable":true,"href":"https:\/\/walkingranada.com\/en\/wp-json\/wp\/v2\/users\/2"}],"replies":[{"embeddable":true,"href":"https:\/\/walkingranada.com\/en\/wp-json\/wp\/v2\/comments?post=1607"}],"version-history":[{"count":0,"href":"https:\/\/walkingranada.com\/en\/wp-json\/wp\/v2\/pages\/1607\/revisions"}],"wp:featuredmedia":[{"embeddable":true,"href":"https:\/\/walkingranada.com\/en\/wp-json\/wp\/v2\/media\/2716"}],"wp:attachment":[{"href":"https:\/\/walkingranada.com\/en\/wp-json\/wp\/v2\/media?parent=1607"}],"curies":[{"name":"wp","href":"https:\/\/api.w.org\/{rel}","templated":true}]}}