{"id":1594,"date":"2022-12-27T11:35:55","date_gmt":"2022-12-27T11:35:55","guid":{"rendered":"https:\/\/factum-omibu.es\/walkin\/?page_id=1594"},"modified":"2023-05-22T06:38:29","modified_gmt":"2023-05-22T06:38:29","slug":"how-to-get-to-the-alhambra","status":"publish","type":"page","link":"https:\/\/walkingranada.com\/en\/como-llegar-a-la-alhambra\/","title":{"rendered":"Como llegar a la Alhambra"},"content":{"rendered":"<h1>HOW TO GET TO THE ALHAMBRA?<\/h1>\r\n<p><a id=\"fl-tabs--label-0\" tabindex=\"0\" role=\"tab\" href=\"#\" data-index=\"0\" aria-selected=\"true\" aria-controls=\"fl-tabs--panel-0\" aria-expanded=\"true\"> <img decoding=\"async\" loading=\"lazy\" src=\"https:\/\/walkingranada.com\/wp-content\/uploads\/2022\/12\/a-pie.png\" alt=\"a pie\" \/>By foot <\/a> <a id=\"fl-tabs--label-1\" tabindex=\"0\" role=\"tab\" href=\"#\" data-index=\"1\" aria-selected=\"false\" aria-controls=\"fl-tabs--panel-1\" aria-expanded=\"false\"> <img decoding=\"async\" loading=\"lazy\" src=\"https:\/\/walkingranada.com\/wp-content\/uploads\/2022\/12\/bus.png\" alt=\"autobus\" \/>By bus <\/a> <a id=\"fl-tabs--label-2\" tabindex=\"0\" role=\"tab\" href=\"#\" data-index=\"2\" aria-selected=\"false\" aria-controls=\"fl-tabs--panel-2\" aria-expanded=\"false\"> <img decoding=\"async\" loading=\"lazy\" src=\"https:\/\/walkingranada.com\/wp-content\/uploads\/2022\/12\/taxi.png\" alt=\"taxi\" \/>By taxi <\/a> <a id=\"fl-tabs--label-3\" tabindex=\"0\" role=\"tab\" href=\"#\" data-index=\"3\" aria-selected=\"false\" aria-controls=\"fl-tabs--panel-3\" aria-expanded=\"false\"> <img decoding=\"async\" loading=\"lazy\" src=\"https:\/\/walkingranada.com\/wp-content\/uploads\/2022\/12\/coche.png\" alt=\"taxi\" \/>By car <\/a> <img decoding=\"async\" loading=\"lazy\" src=\"https:\/\/walkingranada.com\/wp-content\/uploads\/2022\/12\/a-pie.png\" alt=\"a pie\" \/>By foot<\/p>\r\n<p>From Plaza Nueva (main square) you can walk up straight through Calle Cuesta de Gomerez all the way to the main entrance and ticket office of the Alhambra. It takes about 20 minutes.<\/p>\r\n<p><img decoding=\"async\" loading=\"lazy\" src=\"https:\/\/walkingranada.com\/wp-content\/uploads\/2022\/12\/bus.png\" alt=\"autobus\" \/>By bus<\/p>\r\n<p>You can take the red minibus (C30 or C32). The bus stop is located behind the statue at Plaza Isabel La Cat\u00f3lica. It takes around 10 minutes and the cost is \u20ac1,40 per person.<\/p>\r\n<p><img decoding=\"async\" loading=\"lazy\" src=\"https:\/\/walkingranada.com\/wp-content\/uploads\/2022\/12\/taxi.png\" alt=\"taxi\" \/>By taxi<\/p>\r\n<p>From almost any point in the city center it can cost between \u20ac5 and \u20ac10 and it takes about 10 to 15 minutes to get there. (Tele-radio-taxi: 958 280 654) <a href=\"tel:+34958280654\">+34 958 280 654<\/a>)<\/p>\r\n<p><img decoding=\"async\" loading=\"lazy\" src=\"https:\/\/walkingranada.com\/wp-content\/uploads\/2022\/12\/coche.png\" alt=\"taxi\" \/>Coche El acceso a la Alhambra en coche se realiza por la Ronda Sur (A-395) de la ciudad, ya que el transporte privado no tiene permitido el acceso a la Alhambra desde el centro de la ciudad. Debe dirigirse a la circunvalaci\u00f3n de Granada (N-323 \/ A-44) y tomar la Ronda Sur (A-395) siguiendo las indicaciones en direcci\u00f3n Alhambra.<br \/>At the Serrallo tunnel, use the left lane and take exit 5A. At the roundabout turn left to go up Avda. de Santa Mar\u00eda de la Alhambra and then Camino Viejo del Cementerio until you see the parking sign for La Alhambra.<br \/>In both cases you will need to leave your car at the Parking of the Alhambra which is located between the main ticket office and the Cemetery of San Jos\u00e9. The cost for one hour is around 2,50\u20ac.<\/p>\r\n<h3>Tambi\u00e9n puedes reservar nuestros otros servicios&#8230;<\/h3>\r\n<p><img decoding=\"async\" loading=\"lazy\" src=\"https:\/\/walkingranada.com\/wp-content\/uploads\/2022\/10\/Rectangle-42.png\" alt=\"\" \/><\/p>\r\n<p>Flamenco<\/p>\r\n<p><img decoding=\"async\" loading=\"lazy\" src=\"https:\/\/walkingranada.com\/wp-content\/uploads\/2022\/10\/Rectangle-43.png\" alt=\"\" \/><\/p>\r\n<p>Hammam<br \/>Al-\u00e1ndalus<\/p>\r\n<p><img decoding=\"async\" loading=\"lazy\" src=\"https:\/\/walkingranada.com\/wp-content\/uploads\/2022\/10\/Rectangle-45.png\" alt=\"\" \/><\/p>\r\n<p>Day trips<\/p>\r\n<p><img decoding=\"async\" loading=\"lazy\" src=\"https:\/\/walkingranada.com\/wp-content\/uploads\/2022\/10\/Rectangle-38.png\" alt=\"\" \/><\/p>\r\n<p>Olfactory route<\/p>","protected":false},"excerpt":{"rendered":"<p>C\u00f3mo llegar a la Alhambra A pie Autobus Taxi Coche A pie Desde Plaza Nueva hay subir andando por Cuesta de Gom\u00e9rez. La distancia desde hasta el Pabell\u00f3n de entrada es de aproximadamente 1,150 metros (entre 15 y 20 minutos). Autobus Las l\u00edneas de autob\u00fas que hacen el trayecto hasta la Alhambra son C30 y &#8230; <a title=\"Como llegar a la Alhambra\" class=\"read-more\" href=\"https:\/\/walkingranada.com\/en\/como-llegar-a-la-alhambra\/\" aria-label=\"Read more about Como llegar a la Alhambra\">Read more<\/a><\/p>","protected":false},"author":2,"featured_media":1156,"parent":0,"menu_order":0,"comment_status":"closed","ping_status":"closed","template":"","meta":{"footnotes":""},"class_list":["post-1594","page","type-page","status-publish","has-post-thumbnail"],"yoast_head":"<!-- This site is optimized with the Yoast SEO plugin v27.4 - https:\/\/yoast.com\/product\/yoast-seo-wordpress\/ -->\n<title>C\u00f3mo llegar a la Alhambra - Walk in Granada<\/title>\n<meta name=\"description\" content=\"C\u00f3mo llegar a la Alhambra: Aqu\u00ed encontrar\u00e1s informaci\u00f3n detallada sobre c\u00f3mo llegar a la Alhambra a pie, en bus o taxi desde cualquier punto.\" \/>\n<meta name=\"robots\" content=\"index, follow, max-snippet:-1, max-image-preview:large, max-video-preview:-1\" \/>\n<link rel=\"canonical\" href=\"https:\/\/walkingranada.com\/en\/how-to-get-to-the-alhambra\/\" \/>\n<meta property=\"og:locale\" content=\"en_GB\" \/>\n<meta property=\"og:type\" content=\"article\" \/>\n<meta property=\"og:title\" content=\"C\u00f3mo llegar a la Alhambra - Walk in Granada\" \/>\n<meta property=\"og:description\" content=\"C\u00f3mo llegar a la Alhambra: Aqu\u00ed encontrar\u00e1s informaci\u00f3n detallada sobre c\u00f3mo llegar a la Alhambra a pie, en bus o taxi desde cualquier punto.\" \/>\n<meta property=\"og:url\" content=\"https:\/\/walkingranada.com\/en\/how-to-get-to-the-alhambra\/\" \/>\n<meta property=\"og:site_name\" content=\"Walk in Granada\" \/>\n<meta property=\"article:publisher\" content=\"https:\/\/es-es.facebook.com\/walkingranadatour\/\" \/>\n<meta property=\"article:modified_time\" content=\"2023-05-22T06:38:29+00:00\" \/>\n<meta property=\"og:image\" content=\"https:\/\/walkingranada.com\/wp-content\/uploads\/2022\/12\/accesible-card.jpg.webp\" \/>\n\t<meta property=\"og:image:width\" content=\"305\" \/>\n\t<meta property=\"og:image:height\" content=\"200\" \/>\n\t<meta property=\"og:image:type\" content=\"image\/jpeg\" \/>\n<meta name=\"twitter:card\" content=\"summary_large_image\" \/>\n<meta name=\"twitter:site\" content=\"@walkingranada\" \/>\n<meta name=\"twitter:label1\" content=\"Estimated reading time\" \/>\n\t<meta name=\"twitter:data1\" content=\"4 minutes\" \/>\n<script type=\"application\/ld+json\" class=\"yoast-schema-graph\">{\"@context\":\"https:\\\/\\\/schema.org\",\"@graph\":[{\"@type\":\"WebPage\",\"@id\":\"https:\\\/\\\/walkingranada.com\\\/como-llegar-a-la-alhambra\\\/\",\"url\":\"https:\\\/\\\/walkingranada.com\\\/como-llegar-a-la-alhambra\\\/\",\"name\":\"C\u00f3mo llegar a la Alhambra - Walk in Granada\",\"isPartOf\":{\"@id\":\"https:\\\/\\\/walkingranada.com\\\/#website\"},\"primaryImageOfPage\":{\"@id\":\"https:\\\/\\\/walkingranada.com\\\/como-llegar-a-la-alhambra\\\/#primaryimage\"},\"image\":{\"@id\":\"https:\\\/\\\/walkingranada.com\\\/como-llegar-a-la-alhambra\\\/#primaryimage\"},\"thumbnailUrl\":\"https:\\\/\\\/walkingranada.com\\\/wp-content\\\/uploads\\\/2022\\\/12\\\/accesible-card.jpg.webp\",\"datePublished\":\"2022-12-27T11:35:55+00:00\",\"dateModified\":\"2023-05-22T06:38:29+00:00\",\"description\":\"C\u00f3mo llegar a la Alhambra: Aqu\u00ed encontrar\u00e1s informaci\u00f3n detallada sobre c\u00f3mo llegar a la Alhambra a pie, en bus o taxi desde cualquier punto.\",\"breadcrumb\":{\"@id\":\"https:\\\/\\\/walkingranada.com\\\/como-llegar-a-la-alhambra\\\/#breadcrumb\"},\"inLanguage\":\"en-GB\",\"potentialAction\":[{\"@type\":\"ReadAction\",\"target\":[\"https:\\\/\\\/walkingranada.com\\\/como-llegar-a-la-alhambra\\\/\"]}]},{\"@type\":\"ImageObject\",\"inLanguage\":\"en-GB\",\"@id\":\"https:\\\/\\\/walkingranada.com\\\/como-llegar-a-la-alhambra\\\/#primaryimage\",\"url\":\"https:\\\/\\\/walkingranada.com\\\/wp-content\\\/uploads\\\/2022\\\/12\\\/accesible-card.jpg.webp\",\"contentUrl\":\"https:\\\/\\\/walkingranada.com\\\/wp-content\\\/uploads\\\/2022\\\/12\\\/accesible-card.jpg.webp\",\"width\":305,\"height\":200,\"caption\":\"Patio de la Alhambra\"},{\"@type\":\"BreadcrumbList\",\"@id\":\"https:\\\/\\\/walkingranada.com\\\/como-llegar-a-la-alhambra\\\/#breadcrumb\",\"itemListElement\":[{\"@type\":\"ListItem\",\"position\":1,\"name\":\"Portada\",\"item\":\"https:\\\/\\\/walkingranada.com\\\/\"},{\"@type\":\"ListItem\",\"position\":2,\"name\":\"Como llegar a la Alhambra\"}]},{\"@type\":\"WebSite\",\"@id\":\"https:\\\/\\\/walkingranada.com\\\/#website\",\"url\":\"https:\\\/\\\/walkingranada.com\\\/\",\"name\":\"Walk in Granada\",\"description\":\"Turismo responsable\",\"publisher\":{\"@id\":\"https:\\\/\\\/walkingranada.com\\\/#organization\"},\"alternateName\":\"Walk in Granada\",\"potentialAction\":[{\"@type\":\"SearchAction\",\"target\":{\"@type\":\"EntryPoint\",\"urlTemplate\":\"https:\\\/\\\/walkingranada.com\\\/?s={search_term_string}\"},\"query-input\":{\"@type\":\"PropertyValueSpecification\",\"valueRequired\":true,\"valueName\":\"search_term_string\"}}],\"inLanguage\":\"en-GB\"},{\"@type\":\"Organization\",\"@id\":\"https:\\\/\\\/walkingranada.com\\\/#organization\",\"name\":\"Walk In Granada\",\"alternateName\":\"Walk In Granada\",\"url\":\"https:\\\/\\\/walkingranada.com\\\/\",\"logo\":{\"@type\":\"ImageObject\",\"inLanguage\":\"en-GB\",\"@id\":\"https:\\\/\\\/walkingranada.com\\\/#\\\/schema\\\/logo\\\/image\\\/\",\"url\":\"https:\\\/\\\/walkingranada.com\\\/wp-content\\\/uploads\\\/2022\\\/12\\\/Logo-Walking.webp\",\"contentUrl\":\"https:\\\/\\\/walkingranada.com\\\/wp-content\\\/uploads\\\/2022\\\/12\\\/Logo-Walking.webp\",\"width\":512,\"height\":512,\"caption\":\"Walk In Granada\"},\"image\":{\"@id\":\"https:\\\/\\\/walkingranada.com\\\/#\\\/schema\\\/logo\\\/image\\\/\"},\"sameAs\":[\"https:\\\/\\\/es-es.facebook.com\\\/walkingranadatour\\\/\",\"https:\\\/\\\/x.com\\\/walkingranada\",\"https:\\\/\\\/www.instagram.com\\\/walkingranada\\\/\"]}]}<\/script>\n<!-- \/ Yoast SEO plugin. -->","yoast_head_json":{"title":"How to get to the Alhambra - Walk in Granada","description":"How to get to the Alhambra: Here you will find detailed information on how to get to the Alhambra by foot, bus or taxi from any point.","robots":{"index":"index","follow":"follow","max-snippet":"max-snippet:-1","max-image-preview":"max-image-preview:large","max-video-preview":"max-video-preview:-1"},"canonical":"https:\/\/walkingranada.com\/en\/how-to-get-to-the-alhambra\/","og_locale":"en_GB","og_type":"article","og_title":"C\u00f3mo llegar a la Alhambra - Walk in Granada","og_description":"C\u00f3mo llegar a la Alhambra: Aqu\u00ed encontrar\u00e1s informaci\u00f3n detallada sobre c\u00f3mo llegar a la Alhambra a pie, en bus o taxi desde cualquier punto.","og_url":"https:\/\/walkingranada.com\/en\/how-to-get-to-the-alhambra\/","og_site_name":"Walk in Granada","article_publisher":"https:\/\/es-es.facebook.com\/walkingranadatour\/","article_modified_time":"2023-05-22T06:38:29+00:00","og_image":[{"width":305,"height":200,"url":"https:\/\/walkingranada.com\/wp-content\/uploads\/2022\/12\/accesible-card.jpg.webp","type":"image\/jpeg"}],"twitter_card":"summary_large_image","twitter_site":"@walkingranada","twitter_misc":{"Estimated reading time":"4 minutes"},"schema":{"@context":"https:\/\/schema.org","@graph":[{"@type":"WebPage","@id":"https:\/\/walkingranada.com\/como-llegar-a-la-alhambra\/","url":"https:\/\/walkingranada.com\/como-llegar-a-la-alhambra\/","name":"How to get to the Alhambra - Walk in Granada","isPartOf":{"@id":"https:\/\/walkingranada.com\/#website"},"primaryImageOfPage":{"@id":"https:\/\/walkingranada.com\/como-llegar-a-la-alhambra\/#primaryimage"},"image":{"@id":"https:\/\/walkingranada.com\/como-llegar-a-la-alhambra\/#primaryimage"},"thumbnailUrl":"https:\/\/walkingranada.com\/wp-content\/uploads\/2022\/12\/accesible-card.jpg.webp","datePublished":"2022-12-27T11:35:55+00:00","dateModified":"2023-05-22T06:38:29+00:00","description":"How to get to the Alhambra: Here you will find detailed information on how to get to the Alhambra by foot, bus or taxi from any point.","breadcrumb":{"@id":"https:\/\/walkingranada.com\/como-llegar-a-la-alhambra\/#breadcrumb"},"inLanguage":"en-GB","potentialAction":[{"@type":"ReadAction","target":["https:\/\/walkingranada.com\/como-llegar-a-la-alhambra\/"]}]},{"@type":"ImageObject","inLanguage":"en-GB","@id":"https:\/\/walkingranada.com\/como-llegar-a-la-alhambra\/#primaryimage","url":"https:\/\/walkingranada.com\/wp-content\/uploads\/2022\/12\/accesible-card.jpg.webp","contentUrl":"https:\/\/walkingranada.com\/wp-content\/uploads\/2022\/12\/accesible-card.jpg.webp","width":305,"height":200,"caption":"Patio de la Alhambra"},{"@type":"BreadcrumbList","@id":"https:\/\/walkingranada.com\/como-llegar-a-la-alhambra\/#breadcrumb","itemListElement":[{"@type":"ListItem","position":1,"name":"Portada","item":"https:\/\/walkingranada.com\/"},{"@type":"ListItem","position":2,"name":"Como llegar a la Alhambra"}]},{"@type":"WebSite","@id":"https:\/\/walkingranada.com\/#website","url":"https:\/\/walkingranada.com\/","name":"Walk in Granada","description":"Turismo responsable","publisher":{"@id":"https:\/\/walkingranada.com\/#organization"},"alternateName":"Walk in Granada","potentialAction":[{"@type":"SearchAction","target":{"@type":"EntryPoint","urlTemplate":"https:\/\/walkingranada.com\/?s={search_term_string}"},"query-input":{"@type":"PropertyValueSpecification","valueRequired":true,"valueName":"search_term_string"}}],"inLanguage":"en-GB"},{"@type":"Organization","@id":"https:\/\/walkingranada.com\/#organization","name":"Walk In Granada","alternateName":"Walk In Granada","url":"https:\/\/walkingranada.com\/","logo":{"@type":"ImageObject","inLanguage":"en-GB","@id":"https:\/\/walkingranada.com\/#\/schema\/logo\/image\/","url":"https:\/\/walkingranada.com\/wp-content\/uploads\/2022\/12\/Logo-Walking.webp","contentUrl":"https:\/\/walkingranada.com\/wp-content\/uploads\/2022\/12\/Logo-Walking.webp","width":512,"height":512,"caption":"Walk In Granada"},"image":{"@id":"https:\/\/walkingranada.com\/#\/schema\/logo\/image\/"},"sameAs":["https:\/\/es-es.facebook.com\/walkingranadatour\/","https:\/\/x.com\/walkingranada","https:\/\/www.instagram.com\/walkingranada\/"]}]}},"_links":{"self":[{"href":"https:\/\/walkingranada.com\/en\/wp-json\/wp\/v2\/pages\/1594","targetHints":{"allow":["GET"]}}],"collection":[{"href":"https:\/\/walkingranada.com\/en\/wp-json\/wp\/v2\/pages"}],"about":[{"href":"https:\/\/walkingranada.com\/en\/wp-json\/wp\/v2\/types\/page"}],"author":[{"embeddable":true,"href":"https:\/\/walkingranada.com\/en\/wp-json\/wp\/v2\/users\/2"}],"replies":[{"embeddable":true,"href":"https:\/\/walkingranada.com\/en\/wp-json\/wp\/v2\/comments?post=1594"}],"version-history":[{"count":0,"href":"https:\/\/walkingranada.com\/en\/wp-json\/wp\/v2\/pages\/1594\/revisions"}],"wp:featuredmedia":[{"embeddable":true,"href":"https:\/\/walkingranada.com\/en\/wp-json\/wp\/v2\/media\/1156"}],"wp:attachment":[{"href":"https:\/\/walkingranada.com\/en\/wp-json\/wp\/v2\/media?parent=1594"}],"curies":[{"name":"wp","href":"https:\/\/api.w.org\/{rel}","templated":true}]}}