{"id":1243,"date":"2022-12-20T15:23:38","date_gmt":"2022-12-20T15:23:38","guid":{"rendered":"https:\/\/factum-omibu.es\/walkin\/?page_id=1243"},"modified":"2023-02-09T09:47:20","modified_gmt":"2023-02-09T09:47:20","slug":"faq","status":"publish","type":"page","link":"https:\/\/walkingranada.com\/en\/preguntas-frecuentes\/","title":{"rendered":"FAQ"},"content":{"rendered":"<h1>\n\t\tFAQ\n\t<\/h1>\n\t\t\t\t\t<a href=\"#\" id=\"fl-accordion--label-0\" tabindex=\"0\" aria-controls=\"fl-accordion--panel-0\">Where do the tours start?<\/a>\n\t\t\t\t\t\t\t\t\t\t\t<a href=\"#\" id=\"fl-accordion--icon-0\" tabindex=\"0\" aria-controls=\"fl-accordion--panel-0\"><i>Expand<\/i><\/a>\n\t\t\t\t\t<p class=\"translation-block\">The two Free Tours we do (<a class=\"red\" title=\"Free Tour Essential Granada\" href=\"https:\/\/walkingranada.com\/en\/free-tour-granada\/essential-granada\/\" target=\"_self\"><strong>Essential Granada<\/strong><\/a> and <a class=\"red\" title=\"Free Tour del barrio del Albaic\u00edn &amp; Sacromonte\" href=\"https:\/\/walkingranada.com\/en\/free-tour-granada\/albaicin-sacromonte\/\" target=\"_self\"><strong>Albaic\u00edn &amp; Sacromonte<\/strong><\/a>, depart from Plaza Nueva, you will find us next to the round fountain in the middle of the square with a red umbrella).<\/p>\n\t\t\t\t\t<a href=\"#\" id=\"fl-accordion--label-1\" tabindex=\"0\" aria-controls=\"fl-accordion--panel-1\">Where does the tour end?<\/a>\n\t\t\t\t\t\t\t\t\t\t\t<a href=\"#\" id=\"fl-accordion--icon-1\" tabindex=\"0\" aria-controls=\"fl-accordion--panel-1\"><i>Expand<\/i><\/a>\n\t\t\t\t\tFree Tour <a href=\"https:\/\/walkingranada.com\/en\/free-tour-granada\/essential-granada\/\"><strong>Essential Granada<\/strong><\/a>: Viewpoint of Carvajales<br \/>\nFree Tour <a href=\"https:\/\/walkingranada.com\/en\/free-tour-granada\/albaicin-sacromonte\/\"><strong>Albaicin &amp; Sacromonte<\/strong><\/a>Sculpture of the Chorrohumo in the Cuesta del Chap\u00edz, (near the Paseo de los Tristes).<br \/>\n<a href=\"https:\/\/walkingranada.com\/en\/alhambra\/private-tour\/\"><strong>Guided Visit of the Alhambra <\/strong><\/a> :  In the precinct of the Alhambra. It depends on the guide and itinerary for that day.\n<p>Keep in mind that these locations may vary if the guide finds it appropriate or special events are taking place in the city.<\/p>\n\t\t\t\t\t<a href=\"#\" id=\"fl-accordion--label-2\" tabindex=\"0\" aria-controls=\"fl-accordion--panel-2\">How do I identify the company?<\/a>\n\t\t\t\t\t\t\t\t\t\t\t<a href=\"#\" id=\"fl-accordion--icon-2\" tabindex=\"0\" aria-controls=\"fl-accordion--panel-2\"><i>Expand<\/i><\/a>\n\t\t\t\t\t<p>For the tours starting at Plaza Nueva, we always carry a red umbrella with our company name. You can\u2019t miss us!<\/p>\n\t\t\t\t\t<a href=\"#\" id=\"fl-accordion--label-3\" tabindex=\"0\" aria-controls=\"fl-accordion--panel-3\">Can I join the tour if I\u2019m late?<\/a>\n\t\t\t\t\t\t\t\t\t\t\t<a href=\"#\" id=\"fl-accordion--icon-3\" tabindex=\"0\" aria-controls=\"fl-accordion--panel-3\"><i>Expand<\/i><\/a>\n\t\t\t\t\t<p>It depends. In general, if you arrive 5-10min late there is no problem, because the guide is usually close to the meeting point and we can direct you there easily (it is advisable that you let us know that you will be late so we can wait for you at the meeting point!). If the delay is of 15-30min, we could indicate the place where the guide should be with the group so you can look for them on your own. If the delay is more than half an hour, finding the guide will be too difficult, and even more so if you do not know the city.<\/p>\n<p>In the case of the <a href=\"https:\/\/walkingranada.com\/en\/free-tour-granada\/albaicin-sacromonte\/\"><strong>Albaicin &amp; Sacromonte<\/strong><\/a>, once the group has left the meeting point it is practically impossible to reach them, so especially for that tour, please do not be late!<\/p>\n\t\t\t\t\t<a href=\"#\" id=\"fl-accordion--label-4\" tabindex=\"0\" aria-controls=\"fl-accordion--panel-4\">What is a Free Tour?<\/a>\n\t\t\t\t\t\t\t\t\t\t\t<a href=\"#\" id=\"fl-accordion--icon-4\" tabindex=\"0\" aria-controls=\"fl-accordion--panel-4\"><i>Expand<\/i><\/a>\n\t\t\t\t\t<p>It is a tour in which everyone is free to contribute what they think the tour has been worth. The guides do not have a fixed payment, but it\u2019s up to you to decide how much you think the work of the guide is worth and to give it directly to them at the end of the tour.<\/p>\n\t\t\t\t\t<a href=\"#\" id=\"fl-accordion--label-5\" tabindex=\"0\" aria-controls=\"fl-accordion--panel-5\">How much do I have to give to the guide on a Free Tour?<\/a>\n\t\t\t\t\t\t\t\t\t\t\t<a href=\"#\" id=\"fl-accordion--icon-5\" tabindex=\"0\" aria-controls=\"fl-accordion--panel-5\"><i>Expand<\/i><\/a>\n\t\t\t\t\t<p>Although it is not usually mandatory to book, there are certain dates in which we have no choice but to limit the participation to people who have made prior reservation. This happens especially on Easter, Christmas and other Spanish holidays. The reason is that we do not want to overload the groups because the visit would lose quality, that\u2019s why we put a limited number of places that we assign to the first ones that reserve them.<\/p>\n<p>The rest of the days, although we admit anyone who appears at the meeting point without reservation, we prefer and appreciate that you make a prior reservation, in order to have a better estimate of how many people are interested and to call for more guides if necessary.<\/p>\n\t\t\t\t\t<a href=\"#\" id=\"fl-accordion--label-6\" tabindex=\"0\" aria-controls=\"fl-accordion--panel-6\">Why can\u2019t we sign up for a Free Tour if we are a group of more than 8 adults?<\/a>\n\t\t\t\t\t\t\t\t\t\t\t<a href=\"#\" id=\"fl-accordion--icon-6\" tabindex=\"0\" aria-controls=\"fl-accordion--panel-6\"><i>Expand<\/i><\/a>\n\t\t\t\t\t<p>There are several reasons why large groups unbalance a\u00a0<a title=\"Free Tour en Granada\" href=\"https:\/\/walkingranada.com\/en\/free-tour-granada\/\"><strong>Free Tour<\/strong><\/a>\u00a0(masificaci\u00f3n, muchas veces hablan entre ellos molestando al resto de participantes&#8230;), pero el motivo m\u00e1s importante es \u00e9ste:<\/p>\n<p>As we explained before, in a\u00a0<a title=\"Free Tour en Granada\"  href=\"https:\/\/walkingranada.com\/en\/free-tour-granada\/\"><strong>Free Tour<\/strong><\/a>\u00a0the guide does not receive any salary. It\u2019s the participants themselves who decide at the end how much they think the tour was worth and they give it directly to the guide. Please consider that not all your contributions go to the guide. So that the system can work properly, the guide in turn gives part of that profit to the company. The amount varies depending on the number of participants. When there are large groups, the guide often finds that the amount he has to give to the company is greater than what the group gives him (as the group members do not value the tour individually, but as a group). Therefore, to protect our guides, we have the policy that groups of more than 8 adults have to hire a private tour, in which the guide receives a pre-agreed fixed payment.<\/p>\n\t\t\t\t\t<a href=\"#\" id=\"fl-accordion--label-7\" tabindex=\"0\" aria-controls=\"fl-accordion--panel-7\">What flamenco show do you recommend?<\/a>\n\t\t\t\t\t\t\t\t\t\t\t<a href=\"#\" id=\"fl-accordion--icon-7\" tabindex=\"0\" aria-controls=\"fl-accordion--panel-7\"><i>Expand<\/i><\/a>\n\t\t\t\t\t<p>Taking into account several factors such as show quality, quality of place, responsible management, originality, etc. The two places that we like most in Granada are\u00a0<strong><a title=\"La Zambra Mar\u00eda la Canastera\" href=\"https:\/\/walkingranada.com\/en\/experiencias\/flamenco\/#la_zambra_maria_la_canastera\">La Zambra Mar\u00eda la Canastera<\/a><\/strong>\u00a0and\u00a0<a title=\"Jardines de Zoraya\" href=\"https:\/\/walkingranada.com\/en\/experiencias\/flamenco\/#jardines_de_zoraya\"><strong>Jardines de Zoraya<\/strong><\/a>.<\/p>\n<p><strong><a title=\"La Zambra Mar\u00eda la Canastera\" href=\"https:\/\/walkingranada.com\/en\/experiencias\/flamenco\/#la_zambra_maria_la_canastera\">La Zambra Mar\u00eda la Canastera<\/a><\/strong>\u00a0offers the authentic\u00a0<a title=\"Espect\u00e1culos de Flamenco en Granada\" href=\"https:\/\/walkingranada.com\/en\/experiencias\/flamenco\/\"><strong>Flamenco<\/strong><\/a>\u00a0del Sacromonte danced on the floor of a typical cave, and they are the only ones that still represent the typical poles of the area.<\/p>\n<p><a title=\"Jardines de Zoraya\" href=\"https:\/\/walkingranada.com\/en\/experiencias\/flamenco\/#jardines_de_zoraya\"><strong>Jardines de Zoraya<\/strong><\/a>\u00a0is a tablao that brings artists of great cache and also offers (optionally) a dinner cooked with great care and dedication.<\/p>\n<p>If you want to book\u00a0<strong><a title=\"La Zambra Mar\u00eda la Canastera\" href=\"https:\/\/walkingranada.com\/en\/experiencias\/flamenco\/#la_zambra_maria_la_canastera\">La Zambra Mar\u00eda la Canastera<\/a><\/strong>, write to\u00a0<strong><a title=\"Contact Us!\" href=\"mailto:info@walkingranada.com\">info@walkingranada.com<\/a><\/strong>\u00a0indicating which day you would like to go and how many you are. For\u00a0<a title=\"Jardines de Zoraya\" href=\"https:\/\/walkingranada.com\/en\/experiencias\/flamenco\/#jardines_de_zoraya\"><strong>Jardines de Zoraya<\/strong><\/a>\u00a0you can make the reservation yourself\u00a0<a title=\"Jardines de Zoraya\" href=\"https:\/\/www.mireservaonline.es\/en\/services\/flamencoshowgranada.aspx?p=loiplnhmpnlkijlkmhmilpokqyqnpqjqi\"><strong>here<\/strong>.<\/a><\/p>","protected":false},"excerpt":{"rendered":"<p>Preguntas frecuentes \u00bfDe d\u00f3nde sale el tour? Expand Los dos Free Tours que hacemos (Granada Esencial y Albaic\u00edn y Sacromonte, salen de Plaza Nueva, nos encontrar\u00e1s al lado de la fuente redonda que hay en medio de la plaza con un paraguas rojo. \u00bfD\u00f3nde termina el tour? Expand Free Tour Granada Esencial: Mirador de Carvajales &#8230; <a title=\"FAQ\" class=\"read-more\" href=\"https:\/\/walkingranada.com\/en\/preguntas-frecuentes\/\" aria-label=\"Read more about FAQ\">Read more<\/a><\/p>","protected":false},"author":2,"featured_media":0,"parent":0,"menu_order":0,"comment_status":"closed","ping_status":"closed","template":"","meta":{"footnotes":""},"class_list":["post-1243","page","type-page","status-publish"],"yoast_head":"<!-- This site is optimized with the Yoast SEO plugin v27.4 - https:\/\/yoast.com\/product\/yoast-seo-wordpress\/ -->\n<title>FAQ - Walk in Granada<\/title>\n<meta name=\"description\" content=\"\u00bfTienes dudas sobre nuestros productos o servicios? Aqu\u00ed te detallamos cu\u00e1les son las dudas m\u00e1s habituales de nuestros clientes.\" \/>\n<meta name=\"robots\" content=\"index, follow, max-snippet:-1, max-image-preview:large, max-video-preview:-1\" \/>\n<link rel=\"canonical\" href=\"https:\/\/walkingranada.com\/en\/faq\/\" \/>\n<meta property=\"og:locale\" content=\"en_GB\" \/>\n<meta property=\"og:type\" content=\"article\" \/>\n<meta property=\"og:title\" content=\"FAQ - Walk in Granada\" \/>\n<meta property=\"og:description\" content=\"\u00bfTienes dudas sobre nuestros productos o servicios? Aqu\u00ed te detallamos cu\u00e1les son las dudas m\u00e1s habituales de nuestros clientes.\" \/>\n<meta property=\"og:url\" content=\"https:\/\/walkingranada.com\/en\/faq\/\" \/>\n<meta property=\"og:site_name\" content=\"Walk in Granada\" \/>\n<meta property=\"article:publisher\" content=\"https:\/\/es-es.facebook.com\/walkingranadatour\/\" \/>\n<meta property=\"article:modified_time\" content=\"2023-02-09T09:47:20+00:00\" \/>\n<meta property=\"og:image\" content=\"https:\/\/walkingranada.com\/wp-content\/uploads\/2018\/10\/Walk-In-Granada.png\" \/>\n\t<meta property=\"og:image:width\" content=\"1000\" \/>\n\t<meta property=\"og:image:height\" content=\"1000\" \/>\n\t<meta property=\"og:image:type\" content=\"image\/png\" \/>\n<meta name=\"twitter:card\" content=\"summary_large_image\" \/>\n<meta name=\"twitter:site\" content=\"@walkingranada\" \/>\n<meta name=\"twitter:label1\" content=\"Estimated reading time\" \/>\n\t<meta name=\"twitter:data1\" content=\"4 minutes\" \/>\n<script type=\"application\/ld+json\" class=\"yoast-schema-graph\">{\"@context\":\"https:\\\/\\\/schema.org\",\"@graph\":[{\"@type\":\"WebPage\",\"@id\":\"https:\\\/\\\/walkingranada.com\\\/preguntas-frecuentes\\\/\",\"url\":\"https:\\\/\\\/walkingranada.com\\\/preguntas-frecuentes\\\/\",\"name\":\"FAQ - Walk in Granada\",\"isPartOf\":{\"@id\":\"https:\\\/\\\/walkingranada.com\\\/#website\"},\"datePublished\":\"2022-12-20T15:23:38+00:00\",\"dateModified\":\"2023-02-09T09:47:20+00:00\",\"description\":\"\u00bfTienes dudas sobre nuestros productos o servicios? Aqu\u00ed te detallamos cu\u00e1les son las dudas m\u00e1s habituales de nuestros clientes.\",\"breadcrumb\":{\"@id\":\"https:\\\/\\\/walkingranada.com\\\/preguntas-frecuentes\\\/#breadcrumb\"},\"inLanguage\":\"en-GB\",\"potentialAction\":[{\"@type\":\"ReadAction\",\"target\":[\"https:\\\/\\\/walkingranada.com\\\/preguntas-frecuentes\\\/\"]}]},{\"@type\":\"BreadcrumbList\",\"@id\":\"https:\\\/\\\/walkingranada.com\\\/preguntas-frecuentes\\\/#breadcrumb\",\"itemListElement\":[{\"@type\":\"ListItem\",\"position\":1,\"name\":\"Portada\",\"item\":\"https:\\\/\\\/walkingranada.com\\\/\"},{\"@type\":\"ListItem\",\"position\":2,\"name\":\"FAQ\"}]},{\"@type\":\"WebSite\",\"@id\":\"https:\\\/\\\/walkingranada.com\\\/#website\",\"url\":\"https:\\\/\\\/walkingranada.com\\\/\",\"name\":\"Walk in Granada\",\"description\":\"Turismo responsable\",\"publisher\":{\"@id\":\"https:\\\/\\\/walkingranada.com\\\/#organization\"},\"alternateName\":\"Walk in Granada\",\"potentialAction\":[{\"@type\":\"SearchAction\",\"target\":{\"@type\":\"EntryPoint\",\"urlTemplate\":\"https:\\\/\\\/walkingranada.com\\\/?s={search_term_string}\"},\"query-input\":{\"@type\":\"PropertyValueSpecification\",\"valueRequired\":true,\"valueName\":\"search_term_string\"}}],\"inLanguage\":\"en-GB\"},{\"@type\":\"Organization\",\"@id\":\"https:\\\/\\\/walkingranada.com\\\/#organization\",\"name\":\"Walk In Granada\",\"alternateName\":\"Walk In Granada\",\"url\":\"https:\\\/\\\/walkingranada.com\\\/\",\"logo\":{\"@type\":\"ImageObject\",\"inLanguage\":\"en-GB\",\"@id\":\"https:\\\/\\\/walkingranada.com\\\/#\\\/schema\\\/logo\\\/image\\\/\",\"url\":\"https:\\\/\\\/walkingranada.com\\\/wp-content\\\/uploads\\\/2022\\\/12\\\/Logo-Walking.webp\",\"contentUrl\":\"https:\\\/\\\/walkingranada.com\\\/wp-content\\\/uploads\\\/2022\\\/12\\\/Logo-Walking.webp\",\"width\":512,\"height\":512,\"caption\":\"Walk In Granada\"},\"image\":{\"@id\":\"https:\\\/\\\/walkingranada.com\\\/#\\\/schema\\\/logo\\\/image\\\/\"},\"sameAs\":[\"https:\\\/\\\/es-es.facebook.com\\\/walkingranadatour\\\/\",\"https:\\\/\\\/x.com\\\/walkingranada\",\"https:\\\/\\\/www.instagram.com\\\/walkingranada\\\/\"]}]}<\/script>\n<!-- \/ Yoast SEO plugin. -->","yoast_head_json":{"title":"FAQ - Walk in Granada","description":"Do you have any doubts about our products or services? Here we detail the most common questions of our clients.","robots":{"index":"index","follow":"follow","max-snippet":"max-snippet:-1","max-image-preview":"max-image-preview:large","max-video-preview":"max-video-preview:-1"},"canonical":"https:\/\/walkingranada.com\/en\/faq\/","og_locale":"en_GB","og_type":"article","og_title":"FAQ - Walk in Granada","og_description":"\u00bfTienes dudas sobre nuestros productos o servicios? Aqu\u00ed te detallamos cu\u00e1les son las dudas m\u00e1s habituales de nuestros clientes.","og_url":"https:\/\/walkingranada.com\/en\/faq\/","og_site_name":"Walk in Granada","article_publisher":"https:\/\/es-es.facebook.com\/walkingranadatour\/","article_modified_time":"2023-02-09T09:47:20+00:00","og_image":[{"width":1000,"height":1000,"url":"https:\/\/walkingranada.com\/wp-content\/uploads\/2018\/10\/Walk-In-Granada.png","type":"image\/png"}],"twitter_card":"summary_large_image","twitter_site":"@walkingranada","twitter_misc":{"Estimated reading time":"4 minutes"},"schema":{"@context":"https:\/\/schema.org","@graph":[{"@type":"WebPage","@id":"https:\/\/walkingranada.com\/preguntas-frecuentes\/","url":"https:\/\/walkingranada.com\/preguntas-frecuentes\/","name":"FAQ - Walk in Granada","isPartOf":{"@id":"https:\/\/walkingranada.com\/#website"},"datePublished":"2022-12-20T15:23:38+00:00","dateModified":"2023-02-09T09:47:20+00:00","description":"Do you have any doubts about our products or services? Here we detail the most common questions of our clients.","breadcrumb":{"@id":"https:\/\/walkingranada.com\/preguntas-frecuentes\/#breadcrumb"},"inLanguage":"en-GB","potentialAction":[{"@type":"ReadAction","target":["https:\/\/walkingranada.com\/preguntas-frecuentes\/"]}]},{"@type":"BreadcrumbList","@id":"https:\/\/walkingranada.com\/preguntas-frecuentes\/#breadcrumb","itemListElement":[{"@type":"ListItem","position":1,"name":"Portada","item":"https:\/\/walkingranada.com\/"},{"@type":"ListItem","position":2,"name":"FAQ"}]},{"@type":"WebSite","@id":"https:\/\/walkingranada.com\/#website","url":"https:\/\/walkingranada.com\/","name":"Walk in Granada","description":"Turismo responsable","publisher":{"@id":"https:\/\/walkingranada.com\/#organization"},"alternateName":"Walk in Granada","potentialAction":[{"@type":"SearchAction","target":{"@type":"EntryPoint","urlTemplate":"https:\/\/walkingranada.com\/?s={search_term_string}"},"query-input":{"@type":"PropertyValueSpecification","valueRequired":true,"valueName":"search_term_string"}}],"inLanguage":"en-GB"},{"@type":"Organization","@id":"https:\/\/walkingranada.com\/#organization","name":"Walk In Granada","alternateName":"Walk In Granada","url":"https:\/\/walkingranada.com\/","logo":{"@type":"ImageObject","inLanguage":"en-GB","@id":"https:\/\/walkingranada.com\/#\/schema\/logo\/image\/","url":"https:\/\/walkingranada.com\/wp-content\/uploads\/2022\/12\/Logo-Walking.webp","contentUrl":"https:\/\/walkingranada.com\/wp-content\/uploads\/2022\/12\/Logo-Walking.webp","width":512,"height":512,"caption":"Walk In Granada"},"image":{"@id":"https:\/\/walkingranada.com\/#\/schema\/logo\/image\/"},"sameAs":["https:\/\/es-es.facebook.com\/walkingranadatour\/","https:\/\/x.com\/walkingranada","https:\/\/www.instagram.com\/walkingranada\/"]}]}},"_links":{"self":[{"href":"https:\/\/walkingranada.com\/en\/wp-json\/wp\/v2\/pages\/1243","targetHints":{"allow":["GET"]}}],"collection":[{"href":"https:\/\/walkingranada.com\/en\/wp-json\/wp\/v2\/pages"}],"about":[{"href":"https:\/\/walkingranada.com\/en\/wp-json\/wp\/v2\/types\/page"}],"author":[{"embeddable":true,"href":"https:\/\/walkingranada.com\/en\/wp-json\/wp\/v2\/users\/2"}],"replies":[{"embeddable":true,"href":"https:\/\/walkingranada.com\/en\/wp-json\/wp\/v2\/comments?post=1243"}],"version-history":[{"count":0,"href":"https:\/\/walkingranada.com\/en\/wp-json\/wp\/v2\/pages\/1243\/revisions"}],"wp:attachment":[{"href":"https:\/\/walkingranada.com\/en\/wp-json\/wp\/v2\/media?parent=1243"}],"curies":[{"name":"wp","href":"https:\/\/api.w.org\/{rel}","templated":true}]}}