{"id":1236,"date":"2022-12-20T14:56:15","date_gmt":"2022-12-20T14:56:15","guid":{"rendered":"https:\/\/factum-omibu.es\/walkin\/?page_id=1236"},"modified":"2023-04-24T09:42:11","modified_gmt":"2023-04-24T09:42:11","slug":"privacy-policy","status":"publish","type":"page","link":"https:\/\/walkingranada.com\/en\/politica-de-privacidad\/","title":{"rendered":"Privacy Policy"},"content":{"rendered":"<h1>Privacy Policy<\/h1>\r\n<p>Su presentaci\u00f3n de informaci\u00f3n personal a trav\u00e9s del Sitio Web se rige por nuestra Pol\u00edtica de Privacidad. La privacidad de los visitantes de nuestro sitio web es muy importante para nosotros, y nos comprometemos a protegerla para as\u00ed cumplir al m\u00e1ximo con la legislaci\u00f3n vigente de protecci\u00f3n de datos personales. Esta pol\u00edtica explica qu\u00e9 hacemos con su informaci\u00f3n personal.<\/p>\r\n<p>WALK IN GRANADA S.L. utiliza la informaci\u00f3n que nos facilita con el fin de prestarle el servicio solicitado, y realizar la facturaci\u00f3n del mismo. Los datos proporcionados se conservar\u00e1n mientras se mantenga la relaci\u00f3n comercial o durante los a\u00f1os necesarios para cumplir con las obligaciones legales. Los datos no se ceder\u00e1n a terceros salvo en los casos en que exista una obligaci\u00f3n legal, o por su autorizaci\u00f3n previa. Usted tiene derecho a acceder a sus datos personales, rectificar los datos inexactos o solicitar su supresi\u00f3n cuando los datos ya no sean necesarios. Para cualquier duda al respecto, deber\u00e1 identificarse de forma fehaciente y dirigirse por escrito a: WALK IN GRANADA SL, Calle Gran V\u00eda de Col\u00f3n 42, Entresuelo, Oficina 3, 18010, Granada, al tel\u00e9fono 630 07 08 93, o a trav\u00e9s de la direcci\u00f3n de E-mail: <a href=\"mailto:info@walkingranada.com\">info@walkingranada.com<\/a>.<\/p>\r\n<h2>How do we collect your personal data?<\/h2>\r\n<p>The following types of personal information can be collected, stored and used:<\/p>\r\n<ul>\r\n<li>Information about your computer, including your IP address, geographic location, type, and version of the browser and operating system.<\/li>\r\n<li>Informaci\u00f3n introducida en formularios de reserva, en formularios del apartado \u00abTours Privados\u00bb, contacto mediante correo electr\u00f3nico y contacto mediante redes sociales.<\/li>\r\n<li>Information about your visits and use of this website, including the reference source, the duration of the visit, the visits to the website and the navigation routes of the website.<\/li>\r\n<li>Information that you enter to set up a subscription to our emails and \/ or newsletters.<\/li>\r\n<li>Information generated when using our website, including when, how often and in what circumstances you use it.<\/li>\r\n<li>Information related to everything you buy, the services you use or the transactions you make through our website, including your name, address, telephone number, email address and credit card details.<\/li>\r\n<li>Any other personal information you send us.<\/li>\r\n<\/ul>\r\n<h2>Use of your personal information<\/h2>\r\n<p>The personal information sent to us through our website will be used for the purposes specified in this policy or on the relevant pages of the website. We may use your personal information for the following:<\/p>\r\n<ul>\r\n<li>Manage our website and company.<\/li>\r\n<li>Customize our website for you.<\/li>\r\n<li>Allow the use of the services available on our website.<\/li>\r\n<li>Provide services purchased through our website<\/li>\r\n<li>Send account statements, invoices, payment reminders and collections.<\/li>\r\n<li>Send you notifications by email that you have specifically requested.<\/li>\r\n<li>Send you our newsletter by email if you signed up for it (you can unsubscribe at any time).<\/li>\r\n<li>Send marketing communications related to our business or third-party businesses that we believe may be of interest to you.<\/li>\r\n<li>Make statistical reports about our users.<\/li>\r\n<li>Deal with inquiries and complaints made by or about you in relation to our website.<\/li>\r\n<li>Keep our website safe and prevent fraud.<\/li>\r\n<li>Verify compliance with the terms and conditions that govern the use of our website.<\/li>\r\n<li>Other uses. Without your express consent, we will not provide your personal information to third parties for direct marketing.<\/li>\r\n<\/ul>\r\n<h2>Third Party Links<\/h2>\r\n<p>Certain content, products, and services available may include third-party material.<\/p>\r\n<p>Third party links on this site may direct you to third party websites that are not affiliated with us. We are not responsible for examining or evaluating the content or accuracy, and we do not guarantee or have any obligation or liability for any material from third parties or websites, or from any material, products, or services of third parties.<\/p>\r\n<p>We are not responsible for any damage or damages related to the acquisition or use of goods, services, resources, content, or any other transaction made in connection with third party websites. Please carefully review the policies and practices of third parties and make sure you understand them before participating in any transaction. Complaints, complaints, concerns, or questions regarding third-party products should be directed to the third party.<\/p>\r\n<h2>Cookie policy<\/h2>\r\n<p>El consentimiento a nuestro uso de cookies de acuerdo con los t\u00e9rminos de esta pol\u00edtica cuando visite por primera vez nuestro sitio web nos permite utilizar cookies cada vez que visita nuestro sitio web.<\/p>\r\n<p>Una cookie es un peque\u00f1o archivo de texto que se almacena en su navegador cuando visita casi cualquier sitio web. Su funci\u00f3n es que el sitio web pueda recordar su visita cuando regrese a navegar en esta p\u00e1gina. Las cookies a menudo almacenan informaci\u00f3n t\u00e9cnica, preferencias personales, personalizaci\u00f3n de contenido, estad\u00edsticas de uso, enlaces a redes sociales, acceso a cuentas de usuario, etc. El objetivo de una cookie es adaptar el contenido web a su perfil y necesidades. Sin cookies, los servicios ofrecidos por cualquier sitio web podr\u00edan verse disminuidos significativamente.<\/p>\r\n<h2>Cookies used in this site<\/h2>\r\n<p>Following the guidelines of the Spanish Agency for Data Protection, we detail the use of the cookies used by this site.<\/p>\r\n<p>This site uses the following source cookies:<\/p>\r\n<ul>\r\n<li>Session cookies to ensure that users who leave comments on the blog are real people and not automated applications. This is a way to avoid spam.<\/li>\r\n<\/ul>\r\n<p>This site uses the following third-party cookies:<\/p>\r\n<ul>\r\n<li>Google Analytics: stores cookies to record statistics on traffic volume and visitors to this site. By using this site, you are giving your consent for Google to process your data. Therefore, the exercise of any right in this matter must be made directly with Google.<\/li>\r\n<li>Redes sociales: cada red social usa sus propias cookies para que pueda hacer clic en botones como \u00abcompartir\u00bb o \u00abme gusta\u00bb.<\/li>\r\n<\/ul>\r\n<h2>Disable or delete cookies<\/h2>\r\n<p>You can exercise your right to disable or delete cookies from this site at any time. These actions are performed differently depending on the browser you are using.<\/p>\r\n<p>For more information about these rights, click <a href=\"https:\/\/ec.europa.eu\/info\/law\/law-topic\/data-protection\/reform\/rights-citizens_es\" target=\"_blank\" rel=\"noopener\">here<\/a>.<\/p>","protected":false},"excerpt":{"rendered":"<p>Pol\u00edtica de privacidad Su presentaci\u00f3n de informaci\u00f3n personal a trav\u00e9s del Sitio Web se rige por nuestra Pol\u00edtica de Privacidad. La privacidad de los visitantes de nuestro sitio web es muy importante para nosotros, y nos comprometemos a protegerla para as\u00ed cumplir al m\u00e1ximo con la legislaci\u00f3n vigente de protecci\u00f3n de datos personales. Esta pol\u00edtica &#8230; <a title=\"Privacy Policy\" class=\"read-more\" href=\"https:\/\/walkingranada.com\/en\/politica-de-privacidad\/\" aria-label=\"Read more about Pol\u00edtica de privacidad\">Read more<\/a><\/p>","protected":false},"author":2,"featured_media":0,"parent":0,"menu_order":0,"comment_status":"closed","ping_status":"closed","template":"","meta":{"footnotes":""},"class_list":["post-1236","page","type-page","status-publish"],"yoast_head":"<!-- This site is optimized with the Yoast SEO plugin v27.4 - https:\/\/yoast.com\/product\/yoast-seo-wordpress\/ -->\n<title>Pol\u00edtica de Privacidad | Walk In Granada<\/title>\n<meta name=\"description\" content=\"En esta p\u00e1gina te desglosamos la pol\u00edtica de privacidad de la web de Walk in Granada Tours. Ponte en contacto si necesitas m\u00e1s informaci\u00f3n.\" \/>\n<meta name=\"robots\" content=\"index, follow, max-snippet:-1, max-image-preview:large, max-video-preview:-1\" \/>\n<link rel=\"canonical\" href=\"https:\/\/walkingranada.com\/en\/privacy-policy\/\" \/>\n<meta property=\"og:locale\" content=\"en_GB\" \/>\n<meta property=\"og:type\" content=\"article\" \/>\n<meta property=\"og:title\" content=\"Pol\u00edtica de Privacidad | Walk In Granada\" \/>\n<meta property=\"og:description\" content=\"En esta p\u00e1gina te desglosamos la pol\u00edtica de privacidad de la web de Walk in Granada Tours. Ponte en contacto si necesitas m\u00e1s informaci\u00f3n.\" \/>\n<meta property=\"og:url\" content=\"https:\/\/walkingranada.com\/en\/privacy-policy\/\" \/>\n<meta property=\"og:site_name\" content=\"Walk in Granada\" \/>\n<meta property=\"article:publisher\" content=\"https:\/\/es-es.facebook.com\/walkingranadatour\/\" \/>\n<meta property=\"article:modified_time\" content=\"2023-04-24T09:42:11+00:00\" \/>\n<meta property=\"og:image\" content=\"https:\/\/walkingranada.com\/wp-content\/uploads\/2018\/10\/Walk-In-Granada.png\" \/>\n\t<meta property=\"og:image:width\" content=\"1000\" \/>\n\t<meta property=\"og:image:height\" content=\"1000\" \/>\n\t<meta property=\"og:image:type\" content=\"image\/png\" \/>\n<meta name=\"twitter:card\" content=\"summary_large_image\" \/>\n<meta name=\"twitter:site\" content=\"@walkingranada\" \/>\n<meta name=\"twitter:label1\" content=\"Estimated reading time\" \/>\n\t<meta name=\"twitter:data1\" content=\"5 minutes\" \/>\n<script type=\"application\/ld+json\" class=\"yoast-schema-graph\">{\"@context\":\"https:\\\/\\\/schema.org\",\"@graph\":[{\"@type\":\"WebPage\",\"@id\":\"https:\\\/\\\/walkingranada.com\\\/politica-de-privacidad\\\/\",\"url\":\"https:\\\/\\\/walkingranada.com\\\/politica-de-privacidad\\\/\",\"name\":\"Pol\u00edtica de Privacidad | Walk In Granada\",\"isPartOf\":{\"@id\":\"https:\\\/\\\/walkingranada.com\\\/#website\"},\"datePublished\":\"2022-12-20T14:56:15+00:00\",\"dateModified\":\"2023-04-24T09:42:11+00:00\",\"description\":\"En esta p\u00e1gina te desglosamos la pol\u00edtica de privacidad de la web de Walk in Granada Tours. Ponte en contacto si necesitas m\u00e1s informaci\u00f3n.\",\"breadcrumb\":{\"@id\":\"https:\\\/\\\/walkingranada.com\\\/politica-de-privacidad\\\/#breadcrumb\"},\"inLanguage\":\"en-GB\",\"potentialAction\":[{\"@type\":\"ReadAction\",\"target\":[\"https:\\\/\\\/walkingranada.com\\\/politica-de-privacidad\\\/\"]}]},{\"@type\":\"BreadcrumbList\",\"@id\":\"https:\\\/\\\/walkingranada.com\\\/politica-de-privacidad\\\/#breadcrumb\",\"itemListElement\":[{\"@type\":\"ListItem\",\"position\":1,\"name\":\"Portada\",\"item\":\"https:\\\/\\\/walkingranada.com\\\/\"},{\"@type\":\"ListItem\",\"position\":2,\"name\":\"Pol\u00edtica de privacidad\"}]},{\"@type\":\"WebSite\",\"@id\":\"https:\\\/\\\/walkingranada.com\\\/#website\",\"url\":\"https:\\\/\\\/walkingranada.com\\\/\",\"name\":\"Walk in Granada\",\"description\":\"Turismo responsable\",\"publisher\":{\"@id\":\"https:\\\/\\\/walkingranada.com\\\/#organization\"},\"alternateName\":\"Walk in Granada\",\"potentialAction\":[{\"@type\":\"SearchAction\",\"target\":{\"@type\":\"EntryPoint\",\"urlTemplate\":\"https:\\\/\\\/walkingranada.com\\\/?s={search_term_string}\"},\"query-input\":{\"@type\":\"PropertyValueSpecification\",\"valueRequired\":true,\"valueName\":\"search_term_string\"}}],\"inLanguage\":\"en-GB\"},{\"@type\":\"Organization\",\"@id\":\"https:\\\/\\\/walkingranada.com\\\/#organization\",\"name\":\"Walk In Granada\",\"alternateName\":\"Walk In Granada\",\"url\":\"https:\\\/\\\/walkingranada.com\\\/\",\"logo\":{\"@type\":\"ImageObject\",\"inLanguage\":\"en-GB\",\"@id\":\"https:\\\/\\\/walkingranada.com\\\/#\\\/schema\\\/logo\\\/image\\\/\",\"url\":\"https:\\\/\\\/walkingranada.com\\\/wp-content\\\/uploads\\\/2022\\\/12\\\/Logo-Walking.webp\",\"contentUrl\":\"https:\\\/\\\/walkingranada.com\\\/wp-content\\\/uploads\\\/2022\\\/12\\\/Logo-Walking.webp\",\"width\":512,\"height\":512,\"caption\":\"Walk In Granada\"},\"image\":{\"@id\":\"https:\\\/\\\/walkingranada.com\\\/#\\\/schema\\\/logo\\\/image\\\/\"},\"sameAs\":[\"https:\\\/\\\/es-es.facebook.com\\\/walkingranadatour\\\/\",\"https:\\\/\\\/x.com\\\/walkingranada\",\"https:\\\/\\\/www.instagram.com\\\/walkingranada\\\/\"]}]}<\/script>\n<!-- \/ Yoast SEO plugin. -->","yoast_head_json":{"title":"Privacy Policy | Walk In Granada","description":"In this page, we break down the privacy policy of the Walk in Granada Tours website. Please contact us if you need more information.","robots":{"index":"index","follow":"follow","max-snippet":"max-snippet:-1","max-image-preview":"max-image-preview:large","max-video-preview":"max-video-preview:-1"},"canonical":"https:\/\/walkingranada.com\/en\/privacy-policy\/","og_locale":"en_GB","og_type":"article","og_title":"Pol\u00edtica de Privacidad | Walk In Granada","og_description":"En esta p\u00e1gina te desglosamos la pol\u00edtica de privacidad de la web de Walk in Granada Tours. Ponte en contacto si necesitas m\u00e1s informaci\u00f3n.","og_url":"https:\/\/walkingranada.com\/en\/privacy-policy\/","og_site_name":"Walk in Granada","article_publisher":"https:\/\/es-es.facebook.com\/walkingranadatour\/","article_modified_time":"2023-04-24T09:42:11+00:00","og_image":[{"width":1000,"height":1000,"url":"https:\/\/walkingranada.com\/wp-content\/uploads\/2018\/10\/Walk-In-Granada.png","type":"image\/png"}],"twitter_card":"summary_large_image","twitter_site":"@walkingranada","twitter_misc":{"Estimated reading time":"5 minutes"},"schema":{"@context":"https:\/\/schema.org","@graph":[{"@type":"WebPage","@id":"https:\/\/walkingranada.com\/politica-de-privacidad\/","url":"https:\/\/walkingranada.com\/politica-de-privacidad\/","name":"Privacy Policy | Walk In Granada","isPartOf":{"@id":"https:\/\/walkingranada.com\/#website"},"datePublished":"2022-12-20T14:56:15+00:00","dateModified":"2023-04-24T09:42:11+00:00","description":"In this page, we break down the privacy policy of the Walk in Granada Tours website. Please contact us if you need more information.","breadcrumb":{"@id":"https:\/\/walkingranada.com\/politica-de-privacidad\/#breadcrumb"},"inLanguage":"en-GB","potentialAction":[{"@type":"ReadAction","target":["https:\/\/walkingranada.com\/politica-de-privacidad\/"]}]},{"@type":"BreadcrumbList","@id":"https:\/\/walkingranada.com\/politica-de-privacidad\/#breadcrumb","itemListElement":[{"@type":"ListItem","position":1,"name":"Portada","item":"https:\/\/walkingranada.com\/"},{"@type":"ListItem","position":2,"name":"Pol\u00edtica de privacidad"}]},{"@type":"WebSite","@id":"https:\/\/walkingranada.com\/#website","url":"https:\/\/walkingranada.com\/","name":"Walk in Granada","description":"Turismo responsable","publisher":{"@id":"https:\/\/walkingranada.com\/#organization"},"alternateName":"Walk in Granada","potentialAction":[{"@type":"SearchAction","target":{"@type":"EntryPoint","urlTemplate":"https:\/\/walkingranada.com\/?s={search_term_string}"},"query-input":{"@type":"PropertyValueSpecification","valueRequired":true,"valueName":"search_term_string"}}],"inLanguage":"en-GB"},{"@type":"Organization","@id":"https:\/\/walkingranada.com\/#organization","name":"Walk In Granada","alternateName":"Walk In Granada","url":"https:\/\/walkingranada.com\/","logo":{"@type":"ImageObject","inLanguage":"en-GB","@id":"https:\/\/walkingranada.com\/#\/schema\/logo\/image\/","url":"https:\/\/walkingranada.com\/wp-content\/uploads\/2022\/12\/Logo-Walking.webp","contentUrl":"https:\/\/walkingranada.com\/wp-content\/uploads\/2022\/12\/Logo-Walking.webp","width":512,"height":512,"caption":"Walk In Granada"},"image":{"@id":"https:\/\/walkingranada.com\/#\/schema\/logo\/image\/"},"sameAs":["https:\/\/es-es.facebook.com\/walkingranadatour\/","https:\/\/x.com\/walkingranada","https:\/\/www.instagram.com\/walkingranada\/"]}]}},"_links":{"self":[{"href":"https:\/\/walkingranada.com\/en\/wp-json\/wp\/v2\/pages\/1236","targetHints":{"allow":["GET"]}}],"collection":[{"href":"https:\/\/walkingranada.com\/en\/wp-json\/wp\/v2\/pages"}],"about":[{"href":"https:\/\/walkingranada.com\/en\/wp-json\/wp\/v2\/types\/page"}],"author":[{"embeddable":true,"href":"https:\/\/walkingranada.com\/en\/wp-json\/wp\/v2\/users\/2"}],"replies":[{"embeddable":true,"href":"https:\/\/walkingranada.com\/en\/wp-json\/wp\/v2\/comments?post=1236"}],"version-history":[{"count":0,"href":"https:\/\/walkingranada.com\/en\/wp-json\/wp\/v2\/pages\/1236\/revisions"}],"wp:attachment":[{"href":"https:\/\/walkingranada.com\/en\/wp-json\/wp\/v2\/media?parent=1236"}],"curies":[{"name":"wp","href":"https:\/\/api.w.org\/{rel}","templated":true}]}}