{"id":114,"date":"2022-10-10T11:38:01","date_gmt":"2022-10-10T11:38:01","guid":{"rendered":"https:\/\/factum-omibu.es\/walkin\/?page_id=114"},"modified":"2025-01-03T07:16:21","modified_gmt":"2025-01-03T07:16:21","slug":"about-us","status":"publish","type":"page","link":"https:\/\/walkingranada.com\/en\/quienes-somos\/","title":{"rendered":"About us"},"content":{"rendered":"\n<h1>\n\t\tQui\u00e9nes somos\n\t<\/h1>\n<h2>\n\t\tSOMOS UN OPERADOR TUR\u00cdSTICO DE GRANADA\n\t<\/h2>\n<h3>\n\t\tCreemos en un Turismo Responsable\n\t<\/h3>\n\t<p>Nuestro proyecto est\u00e1 basado en un profundo respeto y cuidado por el lugar donde trabajamos. El territorio del que hablamos es nuestro hogar y las personas protagonistas de nuestras historias son (o han sido) nuestros vecinos.<\/p>\n<p>Hacemos todo lo que est\u00e1 en nuestra mano por ofrecer a nuestros gu\u00edas un trabajo de calidad, un duro pero necesario compromiso a cumplir en el sur de Espa\u00f1a de hoy en d\u00eda.<\/p>\n<p>Finalmente, como se puede apreciar en las excelentes cr\u00edticas que Walk In Granada ha recibido en las principales p\u00e1ginas de turismo, ofrecemos un servicio de calidad a cualquier viajero que decida descubrir Granada con nosotros, y siempre con un trato personalizado.<\/p>\n\t\t\t\t<img decoding=\"async\" loading=\"lazy\" src=\"https:\/\/walkingranada.com\/wp-content\/uploads\/2023\/01\/quienes-somos.webp\" alt=\"quienes-somos\" itemprop=\"image\" height=\"736\" width=\"1000\" title=\"quienes-somos\" onerror=\"this.style.display='none'\"  \/>\n<h3>\n\t\tSomos una empresa vocacionalmente local, orientada hacia un turismo responsable y con un trato personalizado:\n\t<\/h3>\n\t<p>Por esto nos dedicamos principalmente a dise\u00f1ar productos tur\u00edsticos no est\u00e1ndar, porque sabemos que nadie es igual a otro, que la riqueza est\u00e1 en la diferencia. Queremos antes saber qui\u00e9nes son nuestros clientes, cu\u00e1ntos y qu\u00e9 es lo que buscan. La experiencia nos dice que, por ejemplo, una familia de New York no suele buscar lo mismo que un grupo de 30 estudiantes Erasmus. Y sabemos adem\u00e1s que para ambos se puede organizar algo distinto y a la vez inolvidable. As\u00ed que procuramos dise\u00f1ar itinerarios, contenidos y asignar gu\u00edas en funci\u00f3n de cada cliente. A trav\u00e9s de nuestra p\u00e1gina web y nuestros canales de marketing, nos dirigimos directamente a aquellos turistas particulares que viajan a Granada.<\/p>\n<p>Si lo que se busca es un contacto local que conoce rincones, horarios, personas y gracias a esto sea capaz de encontrar los mejores lugares y conseguir la mejor relaci\u00f3n calidad-precio, aqu\u00ed estamos&#8230; Conocemos las estrechas calles del Albayz\u00edn, del Sacromonte y del Realejo por haber vivido en ellas y sus vecinos son nuestros vecinos: por eso estamos seguros de que podemos ofrecer una experiencia \u00fanica a quien, viniendo de fuera, quiera optimizar y disfrutar de la que nosotros consideramos una de las mejores ciudades del mundo (si no la mejor, pero bueno, en esto no somos imparciales&#8230;).<\/p>\n<p>Porque todo esto nos hace ser OTRA MANERA DE ser TURISMO en Granada.<\/p>\n<p>Creemos adem\u00e1s que todo el mundo tiene el derecho a conocer la historia y la cultura de una ciudad, y para que esto sea posible tiene que estar al alcance de todos los bolsillos. Por esta raz\u00f3n, desde nuestros comienzos, ofrecemos tambi\u00e9n todos los d\u00edas diferentes itinerarios de Free Tours, donde cada persona que se apunta decide cu\u00e1nto quiere y puede dar al gu\u00eda en forma de propinas al final del tour, seg\u00fan su grado de satisfacci\u00f3n y su posibilidad econ\u00f3mica: una forma al fin y al cabo solidaria de hacer turismo y valorar la importancia colectiva de la cultura. Colectiva porque esto abre por ejemplo la posibilidad de descubrir nuestra ciudad a todo aquel joven viajero o estudiante que se ver\u00eda excluido al tener que enfrentarse a los precios est\u00e1ndar del mercado tur\u00edstico, contribuyendo a formar nuevas generaciones de amantes del patrimonio cultural, hist\u00f3rico y social de Granada (y no s\u00f3lo Granada). La relaci\u00f3n directa entre satisfacci\u00f3n de los clientes y retribuci\u00f3n al gu\u00eda es garant\u00eda de la alta calidad que ofrecemos, reflejada en las excelentes valoraciones sobre Walk in Granada que se pueden encontrar en las principales webs de turismo.<\/p>\n<h3>\n\t\tQueremos que el turismo sea un valor a\u00f1adido para nuestros barrios y, a la vez, que nuestros barrios sean un valor a\u00f1adido para todo aquel que decide visitar Granada.\n\t<\/h3>\n\t<p>Lo que nos mueve y nos ha movido desde el principio es el amor por esta ciudad, su historia, sus gentes, su cultura y sus paisajes. Por esto decidimos vivir aqu\u00ed o quedarnos aqu\u00ed a vivir. Creemos en el concepto de territorio, como algo complejo y din\u00e1mico, que necesita respeto, dedicaci\u00f3n y una dosis importante de cari\u00f1o para vivirlo, cuidarlo, descubrirlo y no malgastarlo.<\/p>\n<p>Creemos que el patrimonio hist\u00f3rico y cultural es igual de importante que el patrimonio social: no s\u00f3lo deseamos dar a conocer los muros y los monumentos de nuestra ciudad, sino tambi\u00e9n la riqueza que supone la gente que entre ellos vive.<\/p>\n<p>En los \u00faltimos a\u00f1os, cada vez m\u00e1s voces hablan de un turismo que destruye, saquea o desvirt\u00faa territorios, culturas y paisajes. Otras hablan de ello como del becerro de oro, la soluci\u00f3n a todos los males econ\u00f3micos de una ciudad. Nosotros creemos que el turismo no es ni malo ni bueno de por s\u00ed, sino que depende de c\u00f3mo se hace, de los valores y de las normas que cada uno tiene al acercarse a ello. Si es evidente que el turismo puede matar lo que desea dar a conocer (los monumentos visitados sin cuidado, los entornos sociales transformados en mero producto de consumo visual), por otro lado estamos convencidos de que puede realizarse de forma integrada con el territorio, para fomentarlo en lugar de consumirlo y acabar con \u00e9l.<\/p>\n<p>Por ello hemos decidido redactar, adoptar y promover a nivel local un c\u00f3digo de buenas pr\u00e1cticas que contribuya al respeto de los vecinos de los barrios que visitamos, a la conservaci\u00f3n del patrimonio hist\u00f3rico, cultural y social de esta ciudad, al respeto del medioambiente y al consumo responsable y local.<\/p>\n<p>De forma coherente con nuestros valores, hemos trabajado para crear un equipo de gu\u00edas que comparten nuestra visi\u00f3n, que est\u00e1n vinculados con los territorios que presentan y los cuidan porque no representan solo su presente sino tambi\u00e9n su pasado y su futuro.<\/p>\n<p>Por este motivo hemos apostado por ofrecer un trabajo digno y de calidad, priorizando estas ideas sobre la de mera ganancia empresarial.<\/p>\n<p>Considerando el respeto al medioambiente una prioridad y una urgencia, hemos centrado nuestras actividades en el medio de transporte m\u00e1s sostenible jam\u00e1s inventado: nuestras piernas. Solo utilizamos otros medios para desplazamientos imprescindibles y siempre con la idea de minimizar su uso.<\/p>\n<p>Si por un lado nos alegramos de que la gente decida descubrir con nuestros gu\u00edas los barrios que tanto queremos, por otro siempre recomendamos a nuestros clientes perderse un poco para seguir descubriendo por su cuenta lo que les presentamos con nuestras rutas&#8230;y consumir localmente, apoyando as\u00ed los muchos peque\u00f1os comercios que contribuyen a que el barrio siga vivo y no se transforme en un mero parque de atracci\u00f3n tur\u00edstica.<\/p>\n<p>Finalmente, nos comprometemos a devolver algo material a nuestros barrios: parte de las ganancias de nuestra empresa se destinan a ONGs y proyectos de desarrollo local para que cada paso que un turista da con nosotros sea algo que \u00abdeje huella\u00bb en estas calles, m\u00e1s all\u00e1 del tiempo de su visita.<\/p>\n<h3>\n\t\tC\u00d3DIGO DE BUENAS PR\u00c1CTICAS\n\t<\/h3>\n\t<ol>\n<li>Al empezar un recorrido y durante el mismo si hace falta, recordar a nuestros clientes que dejen siempre suficiente espacio en las calles para que su presencia no interfiera con el normal desarrollo de la vida de los vecinos.<\/li>\n<li>No hacer grupos de m\u00e1s de 30 personas, siendo un m\u00e1ximo de 20 turistas por gu\u00eda la situaci\u00f3n \u00f3ptima a la que aspiramos.<\/li>\n<li>Respetar el descanso de los vecinos teniendo especial cuidado con los horarios de las visitas, los lugares donde se realizan las explicaciones al grupo y el tono de voz empleado.<\/li>\n<li>Promover el consumo de productos locales y el uso de los comercios de los barrios que visitamos m\u00e1s all\u00e1 de la pura l\u00f3gica de las comisiones (no recomendar sitios solo en funci\u00f3n de las comisiones que ofrecen).<\/li>\n<li>Pedir a nuestros clientes que respeten la intimidad de los vecinos: se trata de personas y no de monumentos. Preguntar antes de fotografiar personas es una regla fundamental.<\/li>\n<li>Invitar a nuestros clientes a seguir descubriendo los barrios que visitamos: quedarse en ellos a comer, disfrutar de las actividades culturales y l\u00fadicas que ofrecen.<\/li>\n<li>Garantizar que nuestros clientes respeten los monumentos que visitamos y a ser posible explicar por qu\u00e9 ciertos comportamientos resultan da\u00f1inos.<\/li>\n<li>Reducir a lo imprescindible el uso de medios de transportes a motor o que conlleven un impacto significativo para el medio ambiente y\/o la calidad de vida de los vecinos.<\/li>\n<\/ol>\n\t<p>Nuestro logo<\/p>\n\t<p>El logo de Walk In Granada tiene su origen en la Alhambra. Es una de las piezas que conforman las extraordinarias tramas geom\u00e9tricas en cer\u00e1mica que cubren las paredes de sus palacios.<\/p>\n<p>El trabajo geom\u00e9trico nazar\u00ed es un ejercicio de abstracci\u00f3n sin parang\u00f3n alguno. Utiliza, principalmente, dos formas b\u00e1sicas: el cuadrado y el c\u00edrculo. El cuadrado es la base. Es la unidad reconocible entre la multiplicidad existente en la cuadr\u00edcula que se forma a partir de \u00e9l, generadora de otras formas con las que se crea armon\u00eda entre el todo y cada una de sus partes. Muchos matem\u00e1ticos y tambi\u00e9n artistas como el holand\u00e9s M. C. Escher, han encontrado en estas figuras una fuente infinita de estudio e inspiraci\u00f3n.<\/p>\n<p>Aqu\u00ed os mostramos su desarrollo:<\/p>\n\t\t\t\t<img decoding=\"async\" loading=\"lazy\" src=\"https:\/\/walkingranada.com\/wp-content\/uploads\/2023\/01\/logo-process.webp\" alt=\"Logo process\" itemprop=\"image\" height=\"400\" width=\"400\" title=\"logo-process\" onerror=\"this.style.display='none'\"  \/>\n\t<p>Nuestros colaboradores en todo el mundo<\/p>\n\t<p>Walk in Granada es una empresa local que ofrece visitas guiadas exclusivamente en Granada. Sin embargo, formamos parte de una red de agencias locales que se han unido bajo una misma filosof\u00eda: El respeto a nuestras ciudades y el turismo responsable. Consulte las mejores visitas locales de todo el mundo en <a href=\"https:\/\/walkingranada.com\/free-tour-community\/\">Free Tour Community<\/a>.<\/p>\n\t<p>Proyectos cofinanciados<\/p>\n\t\t\t\t<img decoding=\"async\" loading=\"lazy\" src=\"https:\/\/walkingranada.com\/wp-content\/uploads\/2023\/01\/11-logo_Fondo-FEDER.webp\" alt=\"Logo_Fondo-FEDER\" itemprop=\"image\" height=\"141\" width=\"300\" title=\"Logo_Fondo-FEDER\" onerror=\"this.style.display='none'\"  \/>\n\t\t\t\t<img decoding=\"async\" loading=\"lazy\" src=\"https:\/\/walkingranada.com\/wp-content\/uploads\/2023\/01\/Camara-de-Comercio-de-Espana-300x89-1.webp\" alt=\"Camara-de-Comercio-de-Espana\" itemprop=\"image\" height=\"89\" width=\"300\" title=\"Camara-de-Comercio-de-Espana-300x89-1\" onerror=\"this.style.display='none'\"  \/>\n\t\t\t\t<img decoding=\"async\" loading=\"lazy\" src=\"https:\/\/walkingranada.com\/wp-content\/uploads\/2023\/01\/Camara-de-Comercio-de-Granada-300x100-1.webp\" alt=\"https:\/\/walkingranada.com\/wp-content\/uploads\/2022\/10\/Camara-de-Comercio-de-Granada\" itemprop=\"image\" height=\"100\" width=\"300\" title=\"c\" onerror=\"this.style.display='none'\"  \/>\n\t<p>WALK IN GRANADA SL ha sido beneficiaria del Fondo Europeo de Desarrollo Regional cuyo objetivo es mejorar el uso y la calidad de las tecnolog\u00edas de la informaci\u00f3n y de las comunicaciones y el acceso a las mismas y gracias, al que ha desarrollado la Implantaci\u00f3n de Presencia Web a trav\u00e9s de p\u00e1gina propia, Anal\u00edtica Web, Servicio de promoci\u00f3n online mediante sistema de pago (SEM) y Dinamizaci\u00f3n de Redes Sociales, para la mejora de competitividad y productividad de la empresa. [25\/10\/2019]. Para ello ha contado con el apoyo del Programa TicC\u00e1maras de la C\u00e1mara de Comercio de Granada.<\/p>\n\t\t\t\t<img decoding=\"async\" loading=\"lazy\" src=\"https:\/\/walkingranada.com\/wp-content\/uploads\/2023\/01\/TicCamaras-300x70-2.webp\" alt=\"TicCamaras\" itemprop=\"image\" height=\"70\" width=\"300\" title=\"TicCamaras-300x70-2\" onerror=\"this.style.display='none'\"  \/>\n\t<p>Walk in Granada ha sido beneficiaria del Fondo Europeo de Desarrollo Regional cuyo objetivo es mejorar el uso y la calidad de las tecnolog\u00edas de la informaci\u00f3n y de las comunicaciones y el acceso a las mismas. Gracias a esta ayuda se han desarrollado en el mes de Marzo de 2019 un nuevo producto llamado \u00abRuta olfativa\u00bb y un cat\u00e1logo digital de sus productos. Para ello ha contado con el apoyo del Programa de Competitividad Tur\u00edstica de la C\u00e1mara de Comercio de Granada.<\/p>\n\t\t\t\t<img decoding=\"async\" loading=\"lazy\" src=\"https:\/\/walkingranada.com\/wp-content\/uploads\/2023\/01\/Competitividad-Turistica-300x100-1.webp\" alt=\"Competitividad-Turistica\" itemprop=\"image\" height=\"100\" width=\"300\" title=\"Competitividad-Turistica-300x100-1\" onerror=\"this.style.display='none'\"  \/>\n\t<p>Walk in Granada ha sido beneficiaria del Fondo Europeo de Desarrollo Regional a trav\u00e9s del Programa Xpande Digital, destinado a la promoci\u00f3n de la innovaci\u00f3n digital en PYMES. Gracias a esta subvenci\u00f3n, facilitada por C\u00e1mara Espa\u00f1a a trav\u00e9s de la C\u00e1mara de comercio de Granada, Walk in Granada ha desarrollado entre marzo y agosto de 2019 un plan de promoci\u00f3n digital (SEO, SEM, RRSS) dirigido al mercado del Reino Unido.<\/p>\n\t\t\t\t<img decoding=\"async\" loading=\"lazy\" src=\"https:\/\/walkingranada.com\/wp-content\/uploads\/2023\/01\/Xpande-digital.webp\" alt=\"Xpande-digital\" itemprop=\"image\" height=\"114\" width=\"300\" title=\"Xpande-digital\" onerror=\"this.style.display='none'\"  \/>\n<h2>\n\t\t\u00bfQuieres trabajar en WALK IN GRANADA?\n\t<\/h2>\n\t\t\t<a href=\"https:\/\/walkingranada.com\/quienes-somos\/trabaja-con-nosotros\/\" target=\"_self\">\n\t\t\t\t\t\t\tVer m\u00e1s >\n\t\t\t\t\t<\/a>\n\n","protected":false},"excerpt":{"rendered":"<p>Qui\u00e9nes somos SOMOS UN OPERADOR TUR\u00cdSTICO DE GRANADA Creemos en un Turismo Responsable Nuestro proyecto est\u00e1 basado en un profundo respeto y cuidado por el lugar donde trabajamos. El territorio del que hablamos es nuestro hogar y las personas protagonistas de nuestras historias son (o han sido) nuestros vecinos. Hacemos todo lo que est\u00e1 en &#8230; <a title=\"About us\" class=\"read-more\" href=\"https:\/\/walkingranada.com\/en\/quienes-somos\/\" aria-label=\"Read more about Qui\u00e9nes somos\">Read more<\/a><\/p>","protected":false},"author":2,"featured_media":0,"parent":0,"menu_order":0,"comment_status":"closed","ping_status":"closed","template":"","meta":{"footnotes":""},"class_list":["post-114","page","type-page","status-publish"],"yoast_head":"<!-- This site is optimized with the Yoast SEO plugin v27.4 - https:\/\/yoast.com\/product\/yoast-seo-wordpress\/ -->\n<title>Quienes somos - Walk in Granada<\/title>\n<meta name=\"description\" content=\"\u00bfQui\u00e9n est\u00e1 detr\u00e1s de Walk In Granada? Somos un equipo joven y dedicado que lleva por se\u00f1a de identidad el turismo responsable y la calidad.\" \/>\n<meta name=\"robots\" content=\"index, follow, max-snippet:-1, max-image-preview:large, max-video-preview:-1\" \/>\n<link rel=\"canonical\" href=\"https:\/\/walkingranada.com\/en\/about-us\/\" \/>\n<meta property=\"og:locale\" content=\"en_GB\" \/>\n<meta property=\"og:type\" content=\"article\" \/>\n<meta property=\"og:title\" content=\"Quienes somos - Walk in Granada\" \/>\n<meta property=\"og:description\" content=\"\u00bfQui\u00e9n est\u00e1 detr\u00e1s de Walk In Granada? Somos un equipo joven y dedicado que lleva por se\u00f1a de identidad el turismo responsable y la calidad.\" \/>\n<meta property=\"og:url\" content=\"https:\/\/walkingranada.com\/en\/about-us\/\" \/>\n<meta property=\"og:site_name\" content=\"Walk in Granada\" \/>\n<meta property=\"article:publisher\" content=\"https:\/\/es-es.facebook.com\/walkingranadatour\/\" \/>\n<meta property=\"article:modified_time\" content=\"2025-01-03T07:16:21+00:00\" \/>\n<meta property=\"og:image\" content=\"https:\/\/walkingranada.com\/wp-content\/uploads\/2023\/01\/quienes-somos.webp\" \/>\n<meta name=\"twitter:card\" content=\"summary_large_image\" \/>\n<meta name=\"twitter:site\" content=\"@walkingranada\" \/>\n<meta name=\"twitter:label1\" content=\"Estimated reading time\" \/>\n\t<meta name=\"twitter:data1\" content=\"10 minutes\" \/>\n<script type=\"application\/ld+json\" class=\"yoast-schema-graph\">{\"@context\":\"https:\\\/\\\/schema.org\",\"@graph\":[{\"@type\":\"WebPage\",\"@id\":\"https:\\\/\\\/walkingranada.com\\\/quienes-somos\\\/\",\"url\":\"https:\\\/\\\/walkingranada.com\\\/quienes-somos\\\/\",\"name\":\"Quienes somos - Walk in Granada\",\"isPartOf\":{\"@id\":\"https:\\\/\\\/walkingranada.com\\\/#website\"},\"primaryImageOfPage\":{\"@id\":\"https:\\\/\\\/walkingranada.com\\\/quienes-somos\\\/#primaryimage\"},\"image\":{\"@id\":\"https:\\\/\\\/walkingranada.com\\\/quienes-somos\\\/#primaryimage\"},\"thumbnailUrl\":\"https:\\\/\\\/walkingranada.com\\\/wp-content\\\/uploads\\\/2023\\\/01\\\/quienes-somos.webp\",\"datePublished\":\"2022-10-10T11:38:01+00:00\",\"dateModified\":\"2025-01-03T07:16:21+00:00\",\"description\":\"\u00bfQui\u00e9n est\u00e1 detr\u00e1s de Walk In Granada? Somos un equipo joven y dedicado que lleva por se\u00f1a de identidad el turismo responsable y la calidad.\",\"breadcrumb\":{\"@id\":\"https:\\\/\\\/walkingranada.com\\\/quienes-somos\\\/#breadcrumb\"},\"inLanguage\":\"en-GB\",\"potentialAction\":[{\"@type\":\"ReadAction\",\"target\":[\"https:\\\/\\\/walkingranada.com\\\/quienes-somos\\\/\"]}]},{\"@type\":\"ImageObject\",\"inLanguage\":\"en-GB\",\"@id\":\"https:\\\/\\\/walkingranada.com\\\/quienes-somos\\\/#primaryimage\",\"url\":\"https:\\\/\\\/walkingranada.com\\\/wp-content\\\/uploads\\\/2023\\\/01\\\/quienes-somos.webp\",\"contentUrl\":\"https:\\\/\\\/walkingranada.com\\\/wp-content\\\/uploads\\\/2023\\\/01\\\/quienes-somos.webp\"},{\"@type\":\"BreadcrumbList\",\"@id\":\"https:\\\/\\\/walkingranada.com\\\/quienes-somos\\\/#breadcrumb\",\"itemListElement\":[{\"@type\":\"ListItem\",\"position\":1,\"name\":\"Portada\",\"item\":\"https:\\\/\\\/walkingranada.com\\\/\"},{\"@type\":\"ListItem\",\"position\":2,\"name\":\"Qui\u00e9nes somos\"}]},{\"@type\":\"WebSite\",\"@id\":\"https:\\\/\\\/walkingranada.com\\\/#website\",\"url\":\"https:\\\/\\\/walkingranada.com\\\/\",\"name\":\"Walk in Granada\",\"description\":\"Turismo responsable\",\"publisher\":{\"@id\":\"https:\\\/\\\/walkingranada.com\\\/#organization\"},\"alternateName\":\"Walk in Granada\",\"potentialAction\":[{\"@type\":\"SearchAction\",\"target\":{\"@type\":\"EntryPoint\",\"urlTemplate\":\"https:\\\/\\\/walkingranada.com\\\/?s={search_term_string}\"},\"query-input\":{\"@type\":\"PropertyValueSpecification\",\"valueRequired\":true,\"valueName\":\"search_term_string\"}}],\"inLanguage\":\"en-GB\"},{\"@type\":\"Organization\",\"@id\":\"https:\\\/\\\/walkingranada.com\\\/#organization\",\"name\":\"Walk In Granada\",\"alternateName\":\"Walk In Granada\",\"url\":\"https:\\\/\\\/walkingranada.com\\\/\",\"logo\":{\"@type\":\"ImageObject\",\"inLanguage\":\"en-GB\",\"@id\":\"https:\\\/\\\/walkingranada.com\\\/#\\\/schema\\\/logo\\\/image\\\/\",\"url\":\"https:\\\/\\\/walkingranada.com\\\/wp-content\\\/uploads\\\/2022\\\/12\\\/Logo-Walking.webp\",\"contentUrl\":\"https:\\\/\\\/walkingranada.com\\\/wp-content\\\/uploads\\\/2022\\\/12\\\/Logo-Walking.webp\",\"width\":512,\"height\":512,\"caption\":\"Walk In Granada\"},\"image\":{\"@id\":\"https:\\\/\\\/walkingranada.com\\\/#\\\/schema\\\/logo\\\/image\\\/\"},\"sameAs\":[\"https:\\\/\\\/es-es.facebook.com\\\/walkingranadatour\\\/\",\"https:\\\/\\\/x.com\\\/walkingranada\",\"https:\\\/\\\/www.instagram.com\\\/walkingranada\\\/\"]}]}<\/script>\n<!-- \/ Yoast SEO plugin. -->","yoast_head_json":{"title":"Who we are - Walk in Granada","description":"Who is behind Walk In Granada? We are a young and dedicated team that identifies with responsible tourism and quality.","robots":{"index":"index","follow":"follow","max-snippet":"max-snippet:-1","max-image-preview":"max-image-preview:large","max-video-preview":"max-video-preview:-1"},"canonical":"https:\/\/walkingranada.com\/en\/about-us\/","og_locale":"en_GB","og_type":"article","og_title":"Quienes somos - Walk in Granada","og_description":"\u00bfQui\u00e9n est\u00e1 detr\u00e1s de Walk In Granada? Somos un equipo joven y dedicado que lleva por se\u00f1a de identidad el turismo responsable y la calidad.","og_url":"https:\/\/walkingranada.com\/en\/about-us\/","og_site_name":"Walk in Granada","article_publisher":"https:\/\/es-es.facebook.com\/walkingranadatour\/","article_modified_time":"2025-01-03T07:16:21+00:00","og_image":[{"url":"https:\/\/walkingranada.com\/wp-content\/uploads\/2023\/01\/quienes-somos.webp","type":"","width":"","height":""}],"twitter_card":"summary_large_image","twitter_site":"@walkingranada","twitter_misc":{"Estimated reading time":"10 minutes"},"schema":{"@context":"https:\/\/schema.org","@graph":[{"@type":"WebPage","@id":"https:\/\/walkingranada.com\/quienes-somos\/","url":"https:\/\/walkingranada.com\/quienes-somos\/","name":"Who we are - Walk in Granada","isPartOf":{"@id":"https:\/\/walkingranada.com\/#website"},"primaryImageOfPage":{"@id":"https:\/\/walkingranada.com\/quienes-somos\/#primaryimage"},"image":{"@id":"https:\/\/walkingranada.com\/quienes-somos\/#primaryimage"},"thumbnailUrl":"https:\/\/walkingranada.com\/wp-content\/uploads\/2023\/01\/quienes-somos.webp","datePublished":"2022-10-10T11:38:01+00:00","dateModified":"2025-01-03T07:16:21+00:00","description":"Who is behind Walk In Granada? We are a young and dedicated team that identifies with responsible tourism and quality.","breadcrumb":{"@id":"https:\/\/walkingranada.com\/quienes-somos\/#breadcrumb"},"inLanguage":"en-GB","potentialAction":[{"@type":"ReadAction","target":["https:\/\/walkingranada.com\/quienes-somos\/"]}]},{"@type":"ImageObject","inLanguage":"en-GB","@id":"https:\/\/walkingranada.com\/quienes-somos\/#primaryimage","url":"https:\/\/walkingranada.com\/wp-content\/uploads\/2023\/01\/quienes-somos.webp","contentUrl":"https:\/\/walkingranada.com\/wp-content\/uploads\/2023\/01\/quienes-somos.webp"},{"@type":"BreadcrumbList","@id":"https:\/\/walkingranada.com\/quienes-somos\/#breadcrumb","itemListElement":[{"@type":"ListItem","position":1,"name":"Portada","item":"https:\/\/walkingranada.com\/"},{"@type":"ListItem","position":2,"name":"Qui\u00e9nes somos"}]},{"@type":"WebSite","@id":"https:\/\/walkingranada.com\/#website","url":"https:\/\/walkingranada.com\/","name":"Walk in Granada","description":"Turismo responsable","publisher":{"@id":"https:\/\/walkingranada.com\/#organization"},"alternateName":"Walk in Granada","potentialAction":[{"@type":"SearchAction","target":{"@type":"EntryPoint","urlTemplate":"https:\/\/walkingranada.com\/?s={search_term_string}"},"query-input":{"@type":"PropertyValueSpecification","valueRequired":true,"valueName":"search_term_string"}}],"inLanguage":"en-GB"},{"@type":"Organization","@id":"https:\/\/walkingranada.com\/#organization","name":"Walk In Granada","alternateName":"Walk In Granada","url":"https:\/\/walkingranada.com\/","logo":{"@type":"ImageObject","inLanguage":"en-GB","@id":"https:\/\/walkingranada.com\/#\/schema\/logo\/image\/","url":"https:\/\/walkingranada.com\/wp-content\/uploads\/2022\/12\/Logo-Walking.webp","contentUrl":"https:\/\/walkingranada.com\/wp-content\/uploads\/2022\/12\/Logo-Walking.webp","width":512,"height":512,"caption":"Walk In Granada"},"image":{"@id":"https:\/\/walkingranada.com\/#\/schema\/logo\/image\/"},"sameAs":["https:\/\/es-es.facebook.com\/walkingranadatour\/","https:\/\/x.com\/walkingranada","https:\/\/www.instagram.com\/walkingranada\/"]}]}},"_links":{"self":[{"href":"https:\/\/walkingranada.com\/en\/wp-json\/wp\/v2\/pages\/114","targetHints":{"allow":["GET"]}}],"collection":[{"href":"https:\/\/walkingranada.com\/en\/wp-json\/wp\/v2\/pages"}],"about":[{"href":"https:\/\/walkingranada.com\/en\/wp-json\/wp\/v2\/types\/page"}],"author":[{"embeddable":true,"href":"https:\/\/walkingranada.com\/en\/wp-json\/wp\/v2\/users\/2"}],"replies":[{"embeddable":true,"href":"https:\/\/walkingranada.com\/en\/wp-json\/wp\/v2\/comments?post=114"}],"version-history":[{"count":2,"href":"https:\/\/walkingranada.com\/en\/wp-json\/wp\/v2\/pages\/114\/revisions"}],"predecessor-version":[{"id":5783,"href":"https:\/\/walkingranada.com\/en\/wp-json\/wp\/v2\/pages\/114\/revisions\/5783"}],"wp:attachment":[{"href":"https:\/\/walkingranada.com\/en\/wp-json\/wp\/v2\/media?parent=114"}],"curies":[{"name":"wp","href":"https:\/\/api.w.org\/{rel}","templated":true}]}}